{"id":13993,"date":"2018-09-25T15:14:09","date_gmt":"2018-09-25T13:14:09","guid":{"rendered":"https:\/\/www.vsv-versandhandel.ch\/online-verkauf-von-chemikalien\/"},"modified":"2026-04-02T15:44:54","modified_gmt":"2026-04-02T13:44:54","slug":"online-verkauf-von-chemikalien","status":"publish","type":"page","link":"https:\/\/handelsverband.swiss\/fr\/online-verkauf-von-chemikalien\/","title":{"rendered":"Vente en ligne et exp\u00e9ditiondes produits chimiques"},"content":{"rendered":"<p data-start=\"0\" data-end=\"352\"><strong>Les services cantonaux des produits chimiques sont charg\u00e9s de la surveillance du march\u00e9 dans le domaine de la l\u00e9gislation sur les produits chimiques. Ils contr\u00f4lent les fabricants, les importateurs, les distributeurs ainsi que certains utilisateurs, de m\u00eame que les produits qu\u2019ils mettent sur le march\u00e9, y compris dans le commerce en ligne.<\/strong><\/p>\n<p data-start=\"354\" data-end=\"682\">Avec l\u2019importance croissante du commerce en ligne de produits chimiques, ce domaine fait l\u2019objet d\u2019une attention accrue de la part des services comp\u00e9tents.<br data-start=\"518\" data-end=\"521\" \/>Dans ce contexte, il est judicieux de v\u00e9rifier le respect des exigences l\u00e9gales au sein de sa propre entreprise et de proc\u00e9der \u00e0 des adaptations si n\u00e9cessaire.<\/p>\n<p data-start=\"684\" data-end=\"922\" data-is-last-node=\"\" data-is-only-node=\"\"><strong>L\u2019Association des services cantonaux des produits chimiques met \u00e0 disposition une fiche d\u2019information qui r\u00e9sume clairement les principales dispositions l\u00e9gales applicables aux fournisseurs (fiche d\u2019information A07 sur\u00a0<a href=\"http:\/\/www.chemsuisse.ch\/\" target=\"_blank\" rel=\"noopener\">www.chemsuisse.ch<\/a>).<\/strong><\/p>\n<p>&nbsp;<\/p>\n<h5>Exp\u00e9dition de marchandises dangereuses dans le commerce en ligne<\/h5>\n<p>\u00c0 l&#8217;occasion d&#8217;une campagne cantonale men\u00e9e en 2023, au cours de laquelle le d\u00e9partement de la sant\u00e9 de B\u00e2le-Ville a contr\u00f4l\u00e9 l&#8217;exp\u00e9dition de marchandises dangereuses dans les boutiques en ligne, de tr\u00e8s nombreuses irr\u00e9gularit\u00e9s ont \u00e9t\u00e9 constat\u00e9es et il a \u00e9t\u00e9 \u00e9tabli que les exploitants de boutiques en ligne \u00e9taient tr\u00e8s mal inform\u00e9s sur les dispositions l\u00e9gales relatives aux marchandises dangereuses. De nombreux commer\u00e7ants exp\u00e9dient par la poste des produits consid\u00e9r\u00e9s comme des marchandises dangereuses sans avoir conscience du danger.<\/p>\n<p>C&#8217;est pourquoi le d\u00e9partement de la sant\u00e9 de B\u00e2le-Ville a \u00e9labor\u00e9 un guide qui explique de mani\u00e8re simple les bases juridiques et pr\u00e9sente les possibilit\u00e9s d&#8217;action.<\/p>\n<p>Ce <strong>guide<\/strong> est mis \u00e0 la disposition des commer\u00e7ants par le d\u00e9partement de la sant\u00e9 de B\u00e2le-Ville afin d&#8217;<strong>am\u00e9liorer la s\u00e9curit\u00e9 lors de l&#8217;exp\u00e9dition de marchandises dangereuses dans le commerce en ligne<\/strong>.<\/p>\n<ul>\n<li><strong><a href=\"https:\/\/media.bs.ch\/original_file\/bb2fc07ec1053cde968f25ba23e0ee89fec5d916\/guide-pour-l-expedition-de-marchandises-dangereuses-janvier.pdf\" target=\"_blank\" rel=\"noopener\">Guide pour l&#8217;exp\u00e9dition de marchandises dangereuses dans le commerce en ligne &#8211; FRA<\/a><\/strong><\/li>\n<li><strong><a href=\"https:\/\/media.bs.ch\/original_file\/a41b1ce6f0acc94bd8ed8380b505e4912ea82f11\/leitfaden-gefahrgut-im-onlineversand-januar-2026.pdf\" target=\"_blank\" rel=\"noopener\">Leitfaden Versand von Gefahrgut im Onlinehandel &#8211; DEU<\/a><\/strong><\/li>\n<\/ul>\n<p>&nbsp;<\/p>\n","protected":false},"excerpt":{"rendered":"<p>Les services cantonaux des produits<\/p>\n","protected":false},"author":1499,"featured_media":0,"parent":0,"menu_order":0,"comment_status":"closed","ping_status":"closed","template":"","meta":{"_acf_changed":false,"footnotes":""},"class_list":["post-13993","page","type-page","status-publish","hentry"],"acf":[],"yoast_head":"<!-- This site is optimized with the Yoast SEO plugin v27.4 - https:\/\/yoast.com\/product\/yoast-seo-wordpress\/ -->\n<title>Vente en ligne et exp\u00e9ditiondes produits chimiques - HANDELSVERBAND. swiss<\/title>\n<meta name=\"robots\" content=\"index, follow, max-snippet:-1, max-image-preview:large, max-video-preview:-1\" \/>\n<meta property=\"og:locale\" content=\"fr_FR\" \/>\n<meta property=\"og:type\" content=\"article\" \/>\n<meta property=\"og:title\" content=\"Vente en ligne et exp\u00e9ditiondes produits chimiques - HANDELSVERBAND. swiss\" \/>\n<meta property=\"og:description\" content=\"Les services cantonaux des produits\" \/>\n<meta property=\"og:url\" content=\"https:\/\/handelsverband.swiss\/fr\/online-verkauf-von-chemikalien\/\" \/>\n<meta property=\"og:site_name\" content=\"HANDELSVERBAND. swiss\" \/>\n<meta property=\"article:modified_time\" content=\"2026-04-02T13:44:54+00:00\" \/>\n<meta name=\"twitter:card\" content=\"summary_large_image\" \/>\n<meta name=\"twitter:label1\" content=\"Est. reading time\" \/>\n\t<meta name=\"twitter:data1\" content=\"2 minutes\" \/>\n<script type=\"application\/ld+json\" class=\"yoast-schema-graph\">{\"@context\":\"https:\\\/\\\/schema.org\",\"@graph\":[{\"@type\":\"WebPage\",\"@id\":\"https:\\\/\\\/handelsverband.swiss\\\/fr\\\/online-verkauf-von-chemikalien\\\/\",\"url\":\"https:\\\/\\\/handelsverband.swiss\\\/fr\\\/online-verkauf-von-chemikalien\\\/\",\"name\":\"Vente en ligne et exp\u00e9ditiondes produits chimiques - HANDELSVERBAND. swiss\",\"isPartOf\":{\"@id\":\"https:\\\/\\\/handelsverband.swiss\\\/#website\"},\"datePublished\":\"2018-09-25T13:14:09+00:00\",\"dateModified\":\"2026-04-02T13:44:54+00:00\",\"breadcrumb\":{\"@id\":\"https:\\\/\\\/handelsverband.swiss\\\/fr\\\/online-verkauf-von-chemikalien\\\/#breadcrumb\"},\"inLanguage\":\"fr-FR\",\"potentialAction\":[{\"@type\":\"ReadAction\",\"target\":[\"https:\\\/\\\/handelsverband.swiss\\\/fr\\\/online-verkauf-von-chemikalien\\\/\"]}]},{\"@type\":\"BreadcrumbList\",\"@id\":\"https:\\\/\\\/handelsverband.swiss\\\/fr\\\/online-verkauf-von-chemikalien\\\/#breadcrumb\",\"itemListElement\":[{\"@type\":\"ListItem\",\"position\":1,\"name\":\"Startseite\",\"item\":\"https:\\\/\\\/handelsverband.swiss\\\/fr\\\/\"},{\"@type\":\"ListItem\",\"position\":2,\"name\":\"Vente en ligne et exp\u00e9ditiondes produits chimiques\"}]},{\"@type\":\"WebSite\",\"@id\":\"https:\\\/\\\/handelsverband.swiss\\\/#website\",\"url\":\"https:\\\/\\\/handelsverband.swiss\\\/\",\"name\":\"HANDELSVERBAND.swiss\",\"description\":\"ASSOCIATION DE COMMERCE.swiss\",\"publisher\":{\"@id\":\"https:\\\/\\\/handelsverband.swiss\\\/#organization\"},\"potentialAction\":[{\"@type\":\"SearchAction\",\"target\":{\"@type\":\"EntryPoint\",\"urlTemplate\":\"https:\\\/\\\/handelsverband.swiss\\\/?s={search_term_string}\"},\"query-input\":{\"@type\":\"PropertyValueSpecification\",\"valueRequired\":true,\"valueName\":\"search_term_string\"}}],\"inLanguage\":\"fr-FR\"},{\"@type\":\"Organization\",\"@id\":\"https:\\\/\\\/handelsverband.swiss\\\/#organization\",\"name\":\"HANDELSVERBAND.swiss\",\"url\":\"https:\\\/\\\/handelsverband.swiss\\\/\",\"logo\":{\"@type\":\"ImageObject\",\"inLanguage\":\"fr-FR\",\"@id\":\"https:\\\/\\\/handelsverband.swiss\\\/#\\\/schema\\\/logo\\\/image\\\/\",\"url\":\"https:\\\/\\\/handelsverband.swiss\\\/wp-content\\\/uploads\\\/2020\\\/03\\\/hv_brand_rgb.png\",\"contentUrl\":\"https:\\\/\\\/handelsverband.swiss\\\/wp-content\\\/uploads\\\/2020\\\/03\\\/hv_brand_rgb.png\",\"width\":1714,\"height\":472,\"caption\":\"HANDELSVERBAND.swiss\"},\"image\":{\"@id\":\"https:\\\/\\\/handelsverband.swiss\\\/#\\\/schema\\\/logo\\\/image\\\/\"}}]}<\/script>\n<!-- \/ Yoast SEO plugin. -->","yoast_head_json":{"title":"Vente en ligne et exp\u00e9ditiondes produits chimiques - HANDELSVERBAND. swiss","robots":{"index":"index","follow":"follow","max-snippet":"max-snippet:-1","max-image-preview":"max-image-preview:large","max-video-preview":"max-video-preview:-1"},"og_locale":"fr_FR","og_type":"article","og_title":"Vente en ligne et exp\u00e9ditiondes produits chimiques - HANDELSVERBAND. swiss","og_description":"Les services cantonaux des produits","og_url":"https:\/\/handelsverband.swiss\/fr\/online-verkauf-von-chemikalien\/","og_site_name":"HANDELSVERBAND. swiss","article_modified_time":"2026-04-02T13:44:54+00:00","twitter_card":"summary_large_image","twitter_misc":{"Est. reading time":"2 minutes"},"schema":{"@context":"https:\/\/schema.org","@graph":[{"@type":"WebPage","@id":"https:\/\/handelsverband.swiss\/fr\/online-verkauf-von-chemikalien\/","url":"https:\/\/handelsverband.swiss\/fr\/online-verkauf-von-chemikalien\/","name":"Vente en ligne et exp\u00e9ditiondes produits chimiques - HANDELSVERBAND. swiss","isPartOf":{"@id":"https:\/\/handelsverband.swiss\/#website"},"datePublished":"2018-09-25T13:14:09+00:00","dateModified":"2026-04-02T13:44:54+00:00","breadcrumb":{"@id":"https:\/\/handelsverband.swiss\/fr\/online-verkauf-von-chemikalien\/#breadcrumb"},"inLanguage":"fr-FR","potentialAction":[{"@type":"ReadAction","target":["https:\/\/handelsverband.swiss\/fr\/online-verkauf-von-chemikalien\/"]}]},{"@type":"BreadcrumbList","@id":"https:\/\/handelsverband.swiss\/fr\/online-verkauf-von-chemikalien\/#breadcrumb","itemListElement":[{"@type":"ListItem","position":1,"name":"Startseite","item":"https:\/\/handelsverband.swiss\/fr\/"},{"@type":"ListItem","position":2,"name":"Vente en ligne et exp\u00e9ditiondes produits chimiques"}]},{"@type":"WebSite","@id":"https:\/\/handelsverband.swiss\/#website","url":"https:\/\/handelsverband.swiss\/","name":"HANDELSVERBAND.swiss","description":"ASSOCIATION DE COMMERCE.swiss","publisher":{"@id":"https:\/\/handelsverband.swiss\/#organization"},"potentialAction":[{"@type":"SearchAction","target":{"@type":"EntryPoint","urlTemplate":"https:\/\/handelsverband.swiss\/?s={search_term_string}"},"query-input":{"@type":"PropertyValueSpecification","valueRequired":true,"valueName":"search_term_string"}}],"inLanguage":"fr-FR"},{"@type":"Organization","@id":"https:\/\/handelsverband.swiss\/#organization","name":"HANDELSVERBAND.swiss","url":"https:\/\/handelsverband.swiss\/","logo":{"@type":"ImageObject","inLanguage":"fr-FR","@id":"https:\/\/handelsverband.swiss\/#\/schema\/logo\/image\/","url":"https:\/\/handelsverband.swiss\/wp-content\/uploads\/2020\/03\/hv_brand_rgb.png","contentUrl":"https:\/\/handelsverband.swiss\/wp-content\/uploads\/2020\/03\/hv_brand_rgb.png","width":1714,"height":472,"caption":"HANDELSVERBAND.swiss"},"image":{"@id":"https:\/\/handelsverband.swiss\/#\/schema\/logo\/image\/"}}]}},"_links":{"self":[{"href":"https:\/\/handelsverband.swiss\/fr\/wp-json\/wp\/v2\/pages\/13993","targetHints":{"allow":["GET"]}}],"collection":[{"href":"https:\/\/handelsverband.swiss\/fr\/wp-json\/wp\/v2\/pages"}],"about":[{"href":"https:\/\/handelsverband.swiss\/fr\/wp-json\/wp\/v2\/types\/page"}],"author":[{"embeddable":true,"href":"https:\/\/handelsverband.swiss\/fr\/wp-json\/wp\/v2\/users\/1499"}],"replies":[{"embeddable":true,"href":"https:\/\/handelsverband.swiss\/fr\/wp-json\/wp\/v2\/comments?post=13993"}],"version-history":[{"count":8,"href":"https:\/\/handelsverband.swiss\/fr\/wp-json\/wp\/v2\/pages\/13993\/revisions"}],"predecessor-version":[{"id":60672,"href":"https:\/\/handelsverband.swiss\/fr\/wp-json\/wp\/v2\/pages\/13993\/revisions\/60672"}],"wp:attachment":[{"href":"https:\/\/handelsverband.swiss\/fr\/wp-json\/wp\/v2\/media?parent=13993"}],"curies":[{"name":"wp","href":"https:\/\/api.w.org\/{rel}","templated":true}]}}