{"id":14020,"date":"2018-09-27T11:45:39","date_gmt":"2018-09-27T09:45:39","guid":{"rendered":"https:\/\/www.vsv-versandhandel.ch\/?page_id=14020"},"modified":"2018-09-27T11:45:39","modified_gmt":"2018-09-27T09:45:39","slug":"conditions-generales-et-protection-de-donnees-standards-minimals","status":"publish","type":"page","link":"https:\/\/handelsverband.swiss\/fr\/conditions-generales-et-protection-de-donnees-standards-minimals\/","title":{"rendered":"Conditions g\u00e9n\u00e9rales et protection de donn\u00e9es &#8211; standards minimals"},"content":{"rendered":"<p>Nous sommes r\u00e9guli\u00e8rement contact\u00e9 par des membres souhaitant savoir si nous poss\u00e9dons\u00a0un exemple type de &#8220;conditions g\u00e9n\u00e9rales de vente&#8221; ou de &#8220;protection de donn\u00e9es&#8221;. Et si il \u00e9tait possible de l&#8217;obtenir. Notre r\u00e9ponse est ambivalente : oui, mais non.<\/p>\n<p>Il est possible de vous mettre \u00e0 disposition un mod\u00e8le de &#8220;conditions g\u00e9n\u00e9rales&#8221; et &#8220;protection de donn\u00e9es&#8221;, MAIS, et c&#8217;est important, il s&#8217;agit d&#8217;un exemple tout \u00e0 fait standard qui ne tient aucunement compte des sp\u00e9cificit\u00e9s de votre entreprise. Notre mod\u00e8le doit \u00eatre vu comme une base sur laquelle on peut b\u00e2tir la suite, selon les sp\u00e9cialit\u00e9s de votre commerce. Nous vous rendons attentif au fait qu&#8217;en cas d&#8217;absence de pr\u00e9cision, c&#8217;est le code des obligations qui s&#8217;applique. Et que toute condition g\u00e9n\u00e9rale abusive peut \u00eatre annul\u00e9e (l\u00e0 encore, c&#8217;est le code des obligations qui s&#8217;applique).<\/p>\n<p>Une v\u00e9rification de vos conditions g\u00e9n\u00e9rales de vente est vivement recommand\u00e9e. Vous pouvez vous adresser au cabinet d&#8217;avocat,\u00a0B\u00fchlmann Rechtsanw\u00e4lte AG, avec lequel nous avons \u00e9tablis le mod\u00e8le de base que nous vous proposons. Cette proc\u00e9dure a un co\u00fbt, mais elle vous \u00e9vitera de rencontrer une surprise d\u00e9sagr\u00e9able dans le futur.<\/p>\n<p>Les membres de l&#8217;ASVAD peuvent avoir acc\u00e8s gratuitement \u00e0 l&#8217;exemple type des\u00a0&#8220;conditions g\u00e9n\u00e9rales de vente&#8221; et\u00a0&#8220;protection de donn\u00e9es&#8221; en remplissant le formulaire figurant ci-dessous. Pour les non-membres, il est possible de l&#8217;obtenir aux conditions suivantes :<\/p>\n<ul>\n<li>CHF 200.- pour l&#8217;acc\u00e8s unique au mod\u00e8le type des conditions g\u00e9n\u00e9rales en Allemand<\/li>\n<li>CHF 200.- pour l&#8217;access unique au mod\u00e8le type des conditions g\u00e9n\u00e9rales en Fran\u00e7ais<\/li>\n<li>CHF 200.- par ann\u00e9e pour b\u00e9n\u00e9ficier d&#8217;une version mise \u00e0 jour en Allemand\/Fran\u00e7ais<\/li>\n<li>CHF 100.- pour l&#8217;acc\u00e8s unique au modele type des protections des donn\u00e9es en Allemand<\/li>\n<li>CHF 100.- pour l&#8217;acc\u00e8s unique au modele type des protections des donn\u00e9es en\u00a0Fran\u00e7ais<\/li>\n<\/ul>\n<p>Il est possible d&#8217;y acc\u00e9der, soit en nous contactant directement, ou en passant par\u00a0<a class=\"link_extern\" href=\"http:\/\/www.mll-legal.com\" target=\"_blank\" rel=\"noopener\">www.mll-legal.com<\/a><\/p>\n","protected":false},"excerpt":{"rendered":"<p>Nous sommes r\u00e9guli\u00e8rement contact\u00e9 par<\/p>\n","protected":false},"author":1499,"featured_media":0,"parent":0,"menu_order":0,"comment_status":"closed","ping_status":"closed","template":"","meta":{"_acf_changed":false,"footnotes":""},"class_list":["post-14020","page","type-page","status-publish","hentry"],"acf":[],"yoast_head":"<!-- This site is optimized with the Yoast SEO plugin v27.3 - https:\/\/yoast.com\/product\/yoast-seo-wordpress\/ -->\n<title>Conditions g\u00e9n\u00e9rales et protection de donn\u00e9es - standards minimals - HANDELSVERBAND. swiss<\/title>\n<meta name=\"robots\" content=\"index, follow, max-snippet:-1, max-image-preview:large, max-video-preview:-1\" \/>\n<meta property=\"og:locale\" content=\"fr_FR\" \/>\n<meta property=\"og:type\" content=\"article\" \/>\n<meta property=\"og:title\" content=\"Conditions g\u00e9n\u00e9rales et protection de donn\u00e9es - standards minimals - HANDELSVERBAND. swiss\" \/>\n<meta property=\"og:description\" content=\"Nous sommes r\u00e9guli\u00e8rement contact\u00e9 par\" \/>\n<meta property=\"og:url\" content=\"https:\/\/handelsverband.swiss\/fr\/conditions-generales-et-protection-de-donnees-standards-minimals\/\" \/>\n<meta property=\"og:site_name\" content=\"HANDELSVERBAND. swiss\" \/>\n<meta name=\"twitter:card\" content=\"summary_large_image\" \/>\n<meta name=\"twitter:label1\" content=\"Est. reading time\" \/>\n\t<meta name=\"twitter:data1\" content=\"2 minutes\" \/>\n<script type=\"application\/ld+json\" class=\"yoast-schema-graph\">{\"@context\":\"https:\\\/\\\/schema.org\",\"@graph\":[{\"@type\":\"WebPage\",\"@id\":\"https:\\\/\\\/handelsverband.swiss\\\/fr\\\/conditions-generales-et-protection-de-donnees-standards-minimals\\\/\",\"url\":\"https:\\\/\\\/handelsverband.swiss\\\/fr\\\/conditions-generales-et-protection-de-donnees-standards-minimals\\\/\",\"name\":\"Conditions g\u00e9n\u00e9rales et protection de donn\u00e9es - standards minimals - HANDELSVERBAND. swiss\",\"isPartOf\":{\"@id\":\"https:\\\/\\\/handelsverband.swiss\\\/#website\"},\"datePublished\":\"2018-09-27T09:45:39+00:00\",\"breadcrumb\":{\"@id\":\"https:\\\/\\\/handelsverband.swiss\\\/fr\\\/conditions-generales-et-protection-de-donnees-standards-minimals\\\/#breadcrumb\"},\"inLanguage\":\"fr-FR\",\"potentialAction\":[{\"@type\":\"ReadAction\",\"target\":[\"https:\\\/\\\/handelsverband.swiss\\\/fr\\\/conditions-generales-et-protection-de-donnees-standards-minimals\\\/\"]}]},{\"@type\":\"BreadcrumbList\",\"@id\":\"https:\\\/\\\/handelsverband.swiss\\\/fr\\\/conditions-generales-et-protection-de-donnees-standards-minimals\\\/#breadcrumb\",\"itemListElement\":[{\"@type\":\"ListItem\",\"position\":1,\"name\":\"Startseite\",\"item\":\"https:\\\/\\\/handelsverband.swiss\\\/fr\\\/\"},{\"@type\":\"ListItem\",\"position\":2,\"name\":\"Conditions g\u00e9n\u00e9rales et protection de donn\u00e9es &#8211; standards minimals\"}]},{\"@type\":\"WebSite\",\"@id\":\"https:\\\/\\\/handelsverband.swiss\\\/#website\",\"url\":\"https:\\\/\\\/handelsverband.swiss\\\/\",\"name\":\"HANDELSVERBAND.swiss\",\"description\":\"ASSOCIATION DE COMMERCE.swiss\",\"publisher\":{\"@id\":\"https:\\\/\\\/handelsverband.swiss\\\/#organization\"},\"potentialAction\":[{\"@type\":\"SearchAction\",\"target\":{\"@type\":\"EntryPoint\",\"urlTemplate\":\"https:\\\/\\\/handelsverband.swiss\\\/?s={search_term_string}\"},\"query-input\":{\"@type\":\"PropertyValueSpecification\",\"valueRequired\":true,\"valueName\":\"search_term_string\"}}],\"inLanguage\":\"fr-FR\"},{\"@type\":\"Organization\",\"@id\":\"https:\\\/\\\/handelsverband.swiss\\\/#organization\",\"name\":\"HANDELSVERBAND.swiss\",\"url\":\"https:\\\/\\\/handelsverband.swiss\\\/\",\"logo\":{\"@type\":\"ImageObject\",\"inLanguage\":\"fr-FR\",\"@id\":\"https:\\\/\\\/handelsverband.swiss\\\/#\\\/schema\\\/logo\\\/image\\\/\",\"url\":\"https:\\\/\\\/handelsverband.swiss\\\/wp-content\\\/uploads\\\/2020\\\/03\\\/hv_brand_rgb.png\",\"contentUrl\":\"https:\\\/\\\/handelsverband.swiss\\\/wp-content\\\/uploads\\\/2020\\\/03\\\/hv_brand_rgb.png\",\"width\":1714,\"height\":472,\"caption\":\"HANDELSVERBAND.swiss\"},\"image\":{\"@id\":\"https:\\\/\\\/handelsverband.swiss\\\/#\\\/schema\\\/logo\\\/image\\\/\"}}]}<\/script>\n<!-- \/ Yoast SEO plugin. -->","yoast_head_json":{"title":"Conditions g\u00e9n\u00e9rales et protection de donn\u00e9es - standards minimals - HANDELSVERBAND. swiss","robots":{"index":"index","follow":"follow","max-snippet":"max-snippet:-1","max-image-preview":"max-image-preview:large","max-video-preview":"max-video-preview:-1"},"og_locale":"fr_FR","og_type":"article","og_title":"Conditions g\u00e9n\u00e9rales et protection de donn\u00e9es - standards minimals - HANDELSVERBAND. swiss","og_description":"Nous sommes r\u00e9guli\u00e8rement contact\u00e9 par","og_url":"https:\/\/handelsverband.swiss\/fr\/conditions-generales-et-protection-de-donnees-standards-minimals\/","og_site_name":"HANDELSVERBAND. swiss","twitter_card":"summary_large_image","twitter_misc":{"Est. reading time":"2 minutes"},"schema":{"@context":"https:\/\/schema.org","@graph":[{"@type":"WebPage","@id":"https:\/\/handelsverband.swiss\/fr\/conditions-generales-et-protection-de-donnees-standards-minimals\/","url":"https:\/\/handelsverband.swiss\/fr\/conditions-generales-et-protection-de-donnees-standards-minimals\/","name":"Conditions g\u00e9n\u00e9rales et protection de donn\u00e9es - standards minimals - HANDELSVERBAND. swiss","isPartOf":{"@id":"https:\/\/handelsverband.swiss\/#website"},"datePublished":"2018-09-27T09:45:39+00:00","breadcrumb":{"@id":"https:\/\/handelsverband.swiss\/fr\/conditions-generales-et-protection-de-donnees-standards-minimals\/#breadcrumb"},"inLanguage":"fr-FR","potentialAction":[{"@type":"ReadAction","target":["https:\/\/handelsverband.swiss\/fr\/conditions-generales-et-protection-de-donnees-standards-minimals\/"]}]},{"@type":"BreadcrumbList","@id":"https:\/\/handelsverband.swiss\/fr\/conditions-generales-et-protection-de-donnees-standards-minimals\/#breadcrumb","itemListElement":[{"@type":"ListItem","position":1,"name":"Startseite","item":"https:\/\/handelsverband.swiss\/fr\/"},{"@type":"ListItem","position":2,"name":"Conditions g\u00e9n\u00e9rales et protection de donn\u00e9es &#8211; standards minimals"}]},{"@type":"WebSite","@id":"https:\/\/handelsverband.swiss\/#website","url":"https:\/\/handelsverband.swiss\/","name":"HANDELSVERBAND.swiss","description":"ASSOCIATION DE COMMERCE.swiss","publisher":{"@id":"https:\/\/handelsverband.swiss\/#organization"},"potentialAction":[{"@type":"SearchAction","target":{"@type":"EntryPoint","urlTemplate":"https:\/\/handelsverband.swiss\/?s={search_term_string}"},"query-input":{"@type":"PropertyValueSpecification","valueRequired":true,"valueName":"search_term_string"}}],"inLanguage":"fr-FR"},{"@type":"Organization","@id":"https:\/\/handelsverband.swiss\/#organization","name":"HANDELSVERBAND.swiss","url":"https:\/\/handelsverband.swiss\/","logo":{"@type":"ImageObject","inLanguage":"fr-FR","@id":"https:\/\/handelsverband.swiss\/#\/schema\/logo\/image\/","url":"https:\/\/handelsverband.swiss\/wp-content\/uploads\/2020\/03\/hv_brand_rgb.png","contentUrl":"https:\/\/handelsverband.swiss\/wp-content\/uploads\/2020\/03\/hv_brand_rgb.png","width":1714,"height":472,"caption":"HANDELSVERBAND.swiss"},"image":{"@id":"https:\/\/handelsverband.swiss\/#\/schema\/logo\/image\/"}}]}},"_links":{"self":[{"href":"https:\/\/handelsverband.swiss\/fr\/wp-json\/wp\/v2\/pages\/14020","targetHints":{"allow":["GET"]}}],"collection":[{"href":"https:\/\/handelsverband.swiss\/fr\/wp-json\/wp\/v2\/pages"}],"about":[{"href":"https:\/\/handelsverband.swiss\/fr\/wp-json\/wp\/v2\/types\/page"}],"author":[{"embeddable":true,"href":"https:\/\/handelsverband.swiss\/fr\/wp-json\/wp\/v2\/users\/1499"}],"replies":[{"embeddable":true,"href":"https:\/\/handelsverband.swiss\/fr\/wp-json\/wp\/v2\/comments?post=14020"}],"version-history":[{"count":1,"href":"https:\/\/handelsverband.swiss\/fr\/wp-json\/wp\/v2\/pages\/14020\/revisions"}],"predecessor-version":[{"id":14023,"href":"https:\/\/handelsverband.swiss\/fr\/wp-json\/wp\/v2\/pages\/14020\/revisions\/14023"}],"wp:attachment":[{"href":"https:\/\/handelsverband.swiss\/fr\/wp-json\/wp\/v2\/media?parent=14020"}],"curies":[{"name":"wp","href":"https:\/\/api.w.org\/{rel}","templated":true}]}}