{"id":18624,"date":"2020-07-15T15:45:21","date_gmt":"2020-07-15T13:45:21","guid":{"rendered":"https:\/\/handelsverband.swiss\/?page_id=18624"},"modified":"2020-07-15T15:45:21","modified_gmt":"2020-07-15T13:45:21","slug":"faq-les-services-postaux","status":"publish","type":"page","link":"https:\/\/handelsverband.swiss\/fr\/faq-les-services-postaux\/","title":{"rendered":"FAQ \u2013 Les services postaux"},"content":{"rendered":"<div class=\"page-header\">\n<h1><span style=\"font-size: 1rem; font-weight: normal;\">La Poste Suisse a cr\u00e9\u00e9 une page internet afin que vous puissiez vous renseigner \u00e0 tout moment sur la situation actuelle concernant les services offerts par la Poste Suisse: <\/span><a style=\"background-color: #ffffff; font-size: 1rem; font-weight: normal;\" href=\"https:\/\/www.post.ch\/fr\/pages\/corona\/limitation-de-l-offre\" target=\"_blank\" rel=\"noopener noreferrer\">https:\/\/www.post.ch\/fr\/pages\/corona\/limitation-de-l-offre<\/a><\/h1>\n<\/div>\n<h5>22 juin 2020<\/h5>\n<p>La Poste Suisse acceptera \u00e0 nouveau les envois encombrants dans le cadre habituel et les distribuera comme auparavant.<\/p>\n<h5>1 avril 2020<\/h5>\n<p>La Poste Suisse annonce qu&#8217;elle va allouer des contingents de colis aux 100 plus grands d\u00e9taillants en ligne.<\/p>\n<h5>28. M\u00e4rz 2020<\/h5>\n<p>La Poste Suisse annonce des restrictions sur l&#8217;acceptation d&#8217;objets encombrants.<\/p>\n<h5>17 mars 2020<\/h5>\n<p>La poste du\u00a0<a href=\"https:\/\/www.postbranche.de\/2020\/03\/16\/liechtensteinische-post-eingeschraenkte-postalische-dienstleistungen-aufgrund-der-aktuellen-krisensituation\/?utm_content=buffera08f5&amp;utm_medium=social&amp;utm_source=twitter.com&amp;utm_campaign=buffer\">Liechtenstein ne distribue<\/a>\u00a0des lettres que tous les deux jours. Les colis sont livr\u00e9s quotidiennement \u00e0 Balzers, Triesen, Vaduz et Schaan, et tous les deux jours dans les autres municipalit\u00e9s en m\u00eame temps que les lettres.<\/p>\n<h5>13 mars 2020<\/h5>\n<p>Les mesures impos\u00e9es par l\u2019Office f\u00e9d\u00e9ral de la sant\u00e9 publique OFSP en rapport avec le coronavirus n\u2019ont actuellement aucune incidence directe sur les services de distribution offerts par la Poste Suisse.<\/p>\n<h6>Que se passe-t-il en cas de d\u00e9faillance d\u2019un centre de colis ?<\/h6>\n<p>Dans ce cas, le traitement des colis peut \u00eatre pris en charge par les autres centres de colis. En outre, la distribution des colis est organis\u00e9e de mani\u00e8re tr\u00e8s d\u00e9centralis\u00e9e et la poste serait donc en mesure de r\u00e9agir \u00e0 une d\u00e9faillance de centre de colis. La Poste peut r\u00e9agir de mani\u00e8re modulaire dans diff\u00e9rents sc\u00e9narios. Des mesures ont \u00e9t\u00e9 d\u00e9finies dans le domaine de la logistique du fret et dans les filiales afin de maintenir les activit\u00e9s quotidiennes dans la qualit\u00e9 habituelle.<\/p>\n<h6>Mesures sp\u00e9ciales Tessin<\/h6>\n<p>Cependant, la situation tendue dans le canton du Tessin en rapport avec le coronavirus n\u2019est pas sans cons\u00e9quences pour la Poste. Pour r\u00e9duire le risque d\u2019infection chez les employ\u00e9s, les facteurs tessinois sont divis\u00e9s en \u00e9quipes qui pr\u00e9parent et effectuent leurs tourn\u00e9es de distribution \u00e0 des moments diff\u00e9rents. Les clients concern\u00e9s recevront donc temporairement leur courrier (principalement les lettres) un peu plus tard. La Poste est \u00e0 la recherche de solutions flexibles qui peuvent \u00eatre mises en \u0153uvre rapidement. L\u2019objectif est de garantir que les employ\u00e9s restent en bonne sant\u00e9 et que les services postaux puissent \u00eatre assur\u00e9s.<\/p>\n<h5>28 f\u00e9vrier 2020<\/h5>\n<p>La Poste r\u00e9\u00e9value constamment la situation et a mis en place une cellule de crise. Jusqu\u2019\u00e0 nouvel ordre, les colis seront trait\u00e9s et livr\u00e9s sans restrictions ni incidence sur la palette de services.<\/p>\n","protected":false},"excerpt":{"rendered":"<p>La Poste Suisse a cr\u00e9\u00e9<\/p>\n","protected":false},"author":4578,"featured_media":0,"parent":0,"menu_order":0,"comment_status":"closed","ping_status":"closed","template":"","meta":{"_acf_changed":false,"footnotes":""},"class_list":["post-18624","page","type-page","status-publish","hentry"],"acf":[],"yoast_head":"<!-- This site is optimized with the Yoast SEO plugin v27.3 - https:\/\/yoast.com\/product\/yoast-seo-wordpress\/ -->\n<title>FAQ \u2013 Les services postaux - HANDELSVERBAND. swiss<\/title>\n<meta name=\"robots\" content=\"index, follow, max-snippet:-1, max-image-preview:large, max-video-preview:-1\" \/>\n<meta property=\"og:locale\" content=\"fr_FR\" \/>\n<meta property=\"og:type\" content=\"article\" \/>\n<meta property=\"og:title\" content=\"FAQ \u2013 Les services postaux - HANDELSVERBAND. swiss\" \/>\n<meta property=\"og:description\" content=\"La Poste Suisse a cr\u00e9\u00e9\" \/>\n<meta property=\"og:url\" content=\"https:\/\/handelsverband.swiss\/fr\/faq-les-services-postaux\/\" \/>\n<meta property=\"og:site_name\" content=\"HANDELSVERBAND. swiss\" \/>\n<meta name=\"twitter:card\" content=\"summary_large_image\" \/>\n<meta name=\"twitter:label1\" content=\"Est. reading time\" \/>\n\t<meta name=\"twitter:data1\" content=\"2 minutes\" \/>\n<script type=\"application\/ld+json\" class=\"yoast-schema-graph\">{\"@context\":\"https:\\\/\\\/schema.org\",\"@graph\":[{\"@type\":\"WebPage\",\"@id\":\"https:\\\/\\\/handelsverband.swiss\\\/fr\\\/faq-les-services-postaux\\\/\",\"url\":\"https:\\\/\\\/handelsverband.swiss\\\/fr\\\/faq-les-services-postaux\\\/\",\"name\":\"FAQ \u2013 Les services postaux - HANDELSVERBAND. swiss\",\"isPartOf\":{\"@id\":\"https:\\\/\\\/handelsverband.swiss\\\/#website\"},\"datePublished\":\"2020-07-15T13:45:21+00:00\",\"breadcrumb\":{\"@id\":\"https:\\\/\\\/handelsverband.swiss\\\/fr\\\/faq-les-services-postaux\\\/#breadcrumb\"},\"inLanguage\":\"fr-FR\",\"potentialAction\":[{\"@type\":\"ReadAction\",\"target\":[\"https:\\\/\\\/handelsverband.swiss\\\/fr\\\/faq-les-services-postaux\\\/\"]}]},{\"@type\":\"BreadcrumbList\",\"@id\":\"https:\\\/\\\/handelsverband.swiss\\\/fr\\\/faq-les-services-postaux\\\/#breadcrumb\",\"itemListElement\":[{\"@type\":\"ListItem\",\"position\":1,\"name\":\"Startseite\",\"item\":\"https:\\\/\\\/handelsverband.swiss\\\/fr\\\/\"},{\"@type\":\"ListItem\",\"position\":2,\"name\":\"FAQ \u2013 Les services postaux\"}]},{\"@type\":\"WebSite\",\"@id\":\"https:\\\/\\\/handelsverband.swiss\\\/#website\",\"url\":\"https:\\\/\\\/handelsverband.swiss\\\/\",\"name\":\"HANDELSVERBAND.swiss\",\"description\":\"ASSOCIATION DE COMMERCE.swiss\",\"publisher\":{\"@id\":\"https:\\\/\\\/handelsverband.swiss\\\/#organization\"},\"potentialAction\":[{\"@type\":\"SearchAction\",\"target\":{\"@type\":\"EntryPoint\",\"urlTemplate\":\"https:\\\/\\\/handelsverband.swiss\\\/?s={search_term_string}\"},\"query-input\":{\"@type\":\"PropertyValueSpecification\",\"valueRequired\":true,\"valueName\":\"search_term_string\"}}],\"inLanguage\":\"fr-FR\"},{\"@type\":\"Organization\",\"@id\":\"https:\\\/\\\/handelsverband.swiss\\\/#organization\",\"name\":\"HANDELSVERBAND.swiss\",\"url\":\"https:\\\/\\\/handelsverband.swiss\\\/\",\"logo\":{\"@type\":\"ImageObject\",\"inLanguage\":\"fr-FR\",\"@id\":\"https:\\\/\\\/handelsverband.swiss\\\/#\\\/schema\\\/logo\\\/image\\\/\",\"url\":\"https:\\\/\\\/handelsverband.swiss\\\/wp-content\\\/uploads\\\/2020\\\/03\\\/hv_brand_rgb.png\",\"contentUrl\":\"https:\\\/\\\/handelsverband.swiss\\\/wp-content\\\/uploads\\\/2020\\\/03\\\/hv_brand_rgb.png\",\"width\":1714,\"height\":472,\"caption\":\"HANDELSVERBAND.swiss\"},\"image\":{\"@id\":\"https:\\\/\\\/handelsverband.swiss\\\/#\\\/schema\\\/logo\\\/image\\\/\"}}]}<\/script>\n<!-- \/ Yoast SEO plugin. -->","yoast_head_json":{"title":"FAQ \u2013 Les services postaux - HANDELSVERBAND. swiss","robots":{"index":"index","follow":"follow","max-snippet":"max-snippet:-1","max-image-preview":"max-image-preview:large","max-video-preview":"max-video-preview:-1"},"og_locale":"fr_FR","og_type":"article","og_title":"FAQ \u2013 Les services postaux - HANDELSVERBAND. swiss","og_description":"La Poste Suisse a cr\u00e9\u00e9","og_url":"https:\/\/handelsverband.swiss\/fr\/faq-les-services-postaux\/","og_site_name":"HANDELSVERBAND. swiss","twitter_card":"summary_large_image","twitter_misc":{"Est. reading time":"2 minutes"},"schema":{"@context":"https:\/\/schema.org","@graph":[{"@type":"WebPage","@id":"https:\/\/handelsverband.swiss\/fr\/faq-les-services-postaux\/","url":"https:\/\/handelsverband.swiss\/fr\/faq-les-services-postaux\/","name":"FAQ \u2013 Les services postaux - HANDELSVERBAND. swiss","isPartOf":{"@id":"https:\/\/handelsverband.swiss\/#website"},"datePublished":"2020-07-15T13:45:21+00:00","breadcrumb":{"@id":"https:\/\/handelsverband.swiss\/fr\/faq-les-services-postaux\/#breadcrumb"},"inLanguage":"fr-FR","potentialAction":[{"@type":"ReadAction","target":["https:\/\/handelsverband.swiss\/fr\/faq-les-services-postaux\/"]}]},{"@type":"BreadcrumbList","@id":"https:\/\/handelsverband.swiss\/fr\/faq-les-services-postaux\/#breadcrumb","itemListElement":[{"@type":"ListItem","position":1,"name":"Startseite","item":"https:\/\/handelsverband.swiss\/fr\/"},{"@type":"ListItem","position":2,"name":"FAQ \u2013 Les services postaux"}]},{"@type":"WebSite","@id":"https:\/\/handelsverband.swiss\/#website","url":"https:\/\/handelsverband.swiss\/","name":"HANDELSVERBAND.swiss","description":"ASSOCIATION DE COMMERCE.swiss","publisher":{"@id":"https:\/\/handelsverband.swiss\/#organization"},"potentialAction":[{"@type":"SearchAction","target":{"@type":"EntryPoint","urlTemplate":"https:\/\/handelsverband.swiss\/?s={search_term_string}"},"query-input":{"@type":"PropertyValueSpecification","valueRequired":true,"valueName":"search_term_string"}}],"inLanguage":"fr-FR"},{"@type":"Organization","@id":"https:\/\/handelsverband.swiss\/#organization","name":"HANDELSVERBAND.swiss","url":"https:\/\/handelsverband.swiss\/","logo":{"@type":"ImageObject","inLanguage":"fr-FR","@id":"https:\/\/handelsverband.swiss\/#\/schema\/logo\/image\/","url":"https:\/\/handelsverband.swiss\/wp-content\/uploads\/2020\/03\/hv_brand_rgb.png","contentUrl":"https:\/\/handelsverband.swiss\/wp-content\/uploads\/2020\/03\/hv_brand_rgb.png","width":1714,"height":472,"caption":"HANDELSVERBAND.swiss"},"image":{"@id":"https:\/\/handelsverband.swiss\/#\/schema\/logo\/image\/"}}]}},"_links":{"self":[{"href":"https:\/\/handelsverband.swiss\/fr\/wp-json\/wp\/v2\/pages\/18624","targetHints":{"allow":["GET"]}}],"collection":[{"href":"https:\/\/handelsverband.swiss\/fr\/wp-json\/wp\/v2\/pages"}],"about":[{"href":"https:\/\/handelsverband.swiss\/fr\/wp-json\/wp\/v2\/types\/page"}],"author":[{"embeddable":true,"href":"https:\/\/handelsverband.swiss\/fr\/wp-json\/wp\/v2\/users\/4578"}],"replies":[{"embeddable":true,"href":"https:\/\/handelsverband.swiss\/fr\/wp-json\/wp\/v2\/comments?post=18624"}],"version-history":[{"count":1,"href":"https:\/\/handelsverband.swiss\/fr\/wp-json\/wp\/v2\/pages\/18624\/revisions"}],"predecessor-version":[{"id":18626,"href":"https:\/\/handelsverband.swiss\/fr\/wp-json\/wp\/v2\/pages\/18624\/revisions\/18626"}],"wp:attachment":[{"href":"https:\/\/handelsverband.swiss\/fr\/wp-json\/wp\/v2\/media?parent=18624"}],"curies":[{"name":"wp","href":"https:\/\/api.w.org\/{rel}","templated":true}]}}