{"id":19883,"date":"2021-01-21T12:30:19","date_gmt":"2021-01-21T11:30:19","guid":{"rendered":"https:\/\/handelsverband.swiss\/?page_id=19883"},"modified":"2021-06-28T12:31:49","modified_gmt":"2021-06-28T10:31:49","slug":"home-office-pflicht","status":"publish","type":"page","link":"https:\/\/handelsverband.swiss\/fr\/home-office-pflicht\/","title":{"rendered":"R\u00e9glementation du travailler \u00e0 domicile"},"content":{"rendered":"<h4><b>Le port du masque n\u2019est plus obligatoire au travail &#8211; 26.06.2021<\/b><\/h4>\n<p>L\u2019obligation de porter le masque sur le lieu de travail est \u00e9galement abrog\u00e9e. Les employeurs \u00e9tant toujours tenus de prot\u00e9ger leurs employ\u00e9s, il leur appartient de d\u00e9cider o\u00f9 et quand le port du masque reste n\u00e9cessaire.<br \/>\nToutefois, les recommandations de l&#8217;Office f\u00e9d\u00e9ral de la sant\u00e9 publique (OFSP) restent d&#8217;actualit\u00e9 : lorsqu&#8217;une distance de 1,5 m\u00e8tre ne peut \u00eatre respect\u00e9e, il faut porter un masque.<\/p>\n<p><b>L\u2019obligation de t\u00e9l\u00e9travailler devient une recommandation<br \/>\n<\/b><b><\/b>Le t\u00e9l\u00e9travail obligatoire est abrog\u00e9 et remplac\u00e9 par une recommandation de t\u00e9l\u00e9travail ; il n\u2019est plus n\u00e9cessaire de r\u00e9aliser des d\u00e9pistages r\u00e9guliers pour que les employ\u00e9s puissent travailler sur place.<\/a><\/p>\n<p>&nbsp;<\/p>\n<h4>R\u00e9glementation du t\u00e9l\u00e9travail ajust\u00e9e \u00e0 partir du 31.05.2021<\/strong><\/h4>\n<p>Le 26 mai 2021, au vu de la situation \u00e9pid\u00e9miologique favorable, le Conseil f\u00e9d\u00e9ral a d\u00e9cid\u00e9 de nouveaux assouplissements, qui entreront en vigueur le 31 mai 2021. Le travail \u00e0 domicile figure notamment parmi les nouvelles mesures : il ne sera d\u00e9sormais plus obligatoire mais recommand\u00e9 pour les entreprises qui effectuent des tests r\u00e9p\u00e9t\u00e9s dans le cadre de la strat\u00e9gie de test de la Conf\u00e9d\u00e9ration et qui sont impliqu\u00e9es dans un programme de d\u00e9pistage cantonal.<\/p>\n<p><a href=\"https:\/\/www.newsd.admin.ch\/newsd\/message\/attachments\/66797.pdf\" target=\"_blank\" rel=\"noopener\">Fiche d\u2019information : application des nouvelles r\u00e8gles concernant le travail \u00e0 domicile<\/a><\/p>\n<p>&nbsp;<\/p>\n<h4>Obligation de travailler \u00e0 domicile<\/h4>\n<p>Le 13 janvier dernier, le Conseil f\u00e9d\u00e9ral a pris de nouvelles mesures afin de r\u00e9duire drastiquement les contacts. Elles englobent l\u2019obligation de travailler \u00e0 domicile,<\/p>\n<p><strong>1. Que signifie l\u2019obligation de t\u00e9l\u00e9travail ?<\/strong><br \/>\nLe t\u00e9l\u00e9travail \u00e9tait jusqu\u2019ici vivement recommand\u00e9. Les employeurs sont tenus d\u2019ordonner le t\u00e9l\u00e9travail pour autant que la nature de leurs activit\u00e9s le permette et que cela soit possible sans exiger d\u2019efforts disproportionn\u00e9s. Le but est de r\u00e9duire le nombre de contacts.<\/p>\n<p><strong>2. Si je travaille depuis la maison, les frais me sont-ils indemnis\u00e9s ?<\/strong><br \/>\nNon, l\u2019employeur n\u2019est pas tenu de rembourser aux employ\u00e9s d\u2019\u00e9ventuelles d\u00e9penses (frais d\u2019\u00e9lectricit\u00e9, contributions aux frais de loyer, etc.), car il ne s\u2019agit que d\u2019une mesure temporaire. Les employeurs doivent toutefois prendre les mesures organisationnelles et techniques appropri\u00e9es afin de permettre le t\u00e9l\u00e9travail, qui doit \u00eatre possible avec un effort raisonnable.<\/p>\n<p><strong>3. Si le t\u00e9l\u00e9travail n\u2019est pas possible pour des raisons d\u2019exploitation, comment les <\/strong><strong>employ\u00e9s sont-ils prot\u00e9g\u00e9s ?<\/strong><br \/>\nSi le t\u00e9l\u00e9travail n\u2019est pas possible ou ne l\u2019est que partiellement, d\u2019autres mesures sont n\u00e9cessaires sur le lieu de travail. Afin de prot\u00e9ger les personnes travaillant dans des espaces clos, le port du masque est obligatoire dans les locaux o\u00f9 se trouvent plus d\u2019une personne. Au regard du risque \u00e9lev\u00e9 d\u2019infection, il n\u2019est plus suffisant de garantir le respect d\u2019une distance suffisante entre les postes de travail.<\/p>\n<p>&nbsp;<\/p>\n<h3><strong>Astuces pour le t\u00e9l\u00e9travail <\/strong><\/h3>\n<p>De nombreux employ\u00e9s travaillent d\u00e9sormais uniquement ou du moins partiellement \u00e0 domicile &#8211; une situation peu famili\u00e8re. Changer\u00a0la mani\u00e8re de fonctionner, prendre des responsabilit\u00e9s et d\u00e9velopper de nouvelles routines : Le t\u00e9l\u00e9travail nous met tous au d\u00e9fi. Il apporte de nombreux avantages, mais aussi de nouveaux challenges. La distraction ou l&#8217;isolement peuvent devenir un probl\u00e8me. Une plus grande flexibilit\u00e9, en revanche, peut \u00eatre enrichissante.<\/p>\n<p>Dans les lignes qui suivent, nous souhaitons vous fournir quelques conseils pour le travail \u00e0 domicile. Il s&#8217;agit de recommandations &#8211; nous sommes conscients que chacun doit trouver sa propre voie dans cette situation peu famili\u00e8re.<\/p>\n<p>En principe, le r\u00e8glement du personnel s&#8217;applique \u00e9galement au travail \u00e0 domicile. Les prescriptions telles que la dur\u00e9e maximale du travail quotidien (11 heures par jour), les p\u00e9riodes de repos prescrites (30 minutes pour une dur\u00e9e de travail quotidienne de 7 heures ou plus) et les pauses (15 minutes par demi-journ\u00e9e) doivent \u00eatre respect\u00e9es. Vous trouvez les informations d\u00e9taill\u00e9es sur les heures de travail dans le r\u00e8glement du personnel et\/ou dans le r\u00e8glement du t\u00e9l\u00e9travail.<\/p>\n<p>Les employ\u00e9s \u00e0 temps partiel continuent de respecter leurs jours de travail habituels ou ne les modifient qu&#8217;apr\u00e8s consultation de leurs sup\u00e9rieurs.<\/p>\n<p>&nbsp;<\/p>\n<h5><strong>Recommandations :<\/strong><\/h5>\n<p>&nbsp;<\/p>\n<p><strong>1. Structurez votre journ\u00e9e<\/strong><\/p>\n<ul>\n<li>D\u00e9terminez quand vous travaillez et quand vous avez du temps libre. Mettez \u00e0 jour votre calendrier Outlook afin d\u2019indiquer clairement vos disponibilit\u00e9s. Il est tr\u00e8s important de dissocier le professionnel et le priv\u00e9 (t\u00e2ches m\u00e9nag\u00e8res\/garde des enfants, etc.).<\/li>\n<li>Pr\u00e9voyez des pauses \u2013 aussi des petites pauses caf\u00e9<\/li>\n<li>Lire et traiter les courriels en pyjama sur le canap\u00e9, c&#8217;est tentant. Mais : Il est plus facile de s\u00e9parer la vie professionnelle et la vie priv\u00e9e si vous vous pr\u00e9parez le matin comme pour aller travailler au bureau.<\/li>\n<\/ul>\n<p><strong>\u00a02. <\/strong><strong style=\"font-size: 1rem;\">Am\u00e9nagez une place de travail \u00e0 votre domicile<\/strong><\/p>\n<p>Id\u00e9alement, vous disposerez d&#8217;une pi\u00e8ce s\u00e9par\u00e9e o\u00f9 vous pouvez installer votre bureau, ou bien d&#8217;un espace lumineux et calme. Essayez de rendre cet espace de travail temporaire <a href=\"https:\/\/www.suva.ch\/de-CH\/material\/Factsheets\/arbeitsplatz-einrichten\">aussi ergonomique que possible<\/a> :<\/p>\n<ul>\n<li>Espace\/pi\u00e8ce bien \u00e9clair\u00e9e. Positionnez l&#8217;\u00e9cran de fa\u00e7on que la lumi\u00e8re entre par le c\u00f4t\u00e9.<\/li>\n<li>R\u00e9glez correctement la hauteur de la chaise.<\/li>\n<li>Maintenez le lieu de travail en ordre et propre.<\/li>\n<li>A\u00e9rez r\u00e9guli\u00e8rement la pi\u00e8ce<\/li>\n<\/ul>\n<p><strong>\u00a03. <\/strong><strong style=\"font-size: 1rem;\">Restez actif<\/strong><\/p>\n<p>Lorsque vous travaillez \u00e0 domicile, vous \u00eates malheureusement aussi moins actif, car le chemin pour aller travailler est omis et tous les autres trajets sont \u00e9galement plus courts. Veillez donc \u00e0 faire suffisamment d&#8217;exercice. Levez-vous et faites quelques pas. Int\u00e9grez des exercices pour les \u00e9paules, la nuque et le dos dans votre routine de travail quotidienne.<\/p>\n<p><strong>4. Parlez, parlez, parlez<\/strong><\/p>\n<p>Travailler seul \u00e0 la maison isole les gens et les rend \u00e0 long terme solitaires. La distance sociale fait r\u00e9f\u00e9rence au contact physique \u2013 mais virtuellement tout reste possible\u00a0! Que diriez-vous d&#8217;une pause-caf\u00e9 virtuelle entre coll\u00e8gues ? Nous vous recommandons \u00e9galement d&#8217;utiliser plus souvent le t\u00e9l\u00e9phone. Cela r\u00e9duit non seulement le nombre de courriels mais aussi le risque de malentendus.<\/p>\n<p>Comment g\u00e9rer concr\u00e8tement le personnel qui fait du t\u00e9l\u00e9travail ? Exactement de la m\u00eame fa\u00e7on qu\u2019au bureau\u00a0!<\/p>\n<p>\ud83d\ude4b\u200d\u2640\ufe0f Bonjour \u2013 aurais-tu une minute ?<br \/>\n\u2764\ufe0f Comment vas-tu ?<br \/>\n\ud83d\udcaa Est-ce que je peux t\u2019aider ?<br \/>\n\u2615\ufe0f Prends une pause.<br \/>\n\ud83d\udd2e Les prochaines \u00e9tapes communes :<br \/>\n\ud83d\udc90 Merci pour tout ce que tu fais !<br \/>\nEn cas de doute, le point 6 fait toujours l&#8217;affaire. \ud83e\udd17<\/p>\n<p><strong>5. Une \u00e9quipe, une organisation unifi\u00e9e <\/strong><\/p>\n<p>Pour que vous fonctionniez bien en \u00e9quipe, il est important que vous vous organisiez et que vous \u00e9tablissiez des r\u00e8gles claires et contraignantes :<\/p>\n<ul>\n<li>Notez dans le calendrier vos disponibilit\u00e9s.<\/li>\n<li>Teams, Skype, mail ou WhatsApp ? D\u00e9finissez un canal de communication.<\/li>\n<li>Certaines t\u00e2ches ne sont peut-\u00eatre pas r\u00e9alisables \u00e0 domicile. Discutez au sein de l\u2019\u00e9quipe des t\u00e2ches qui peuvent \u00eatre effectu\u00e9es plus tard.<\/li>\n<\/ul>\n<p><strong>\u00a06. <\/strong><strong style=\"font-size: 1rem;\">Souriez et restez patient<\/strong><\/p>\n<p>La Suisse est en \u00e9tat d&#8217;urgence. Tout le monde doit s&#8217;habituer \u00e0 la nouvelle situation. Restez patient, m\u00eame si tout ne fonctionne comme pr\u00e9vu. Soyez tol\u00e9rant si lors de la prochaine vid\u00e9oconf\u00e9rence vous entendez en enfant pleurnicher et restez calme si les choses n&#8217;avancent pas aussi vite que d&#8217;habitude. Les ressources sont souvent limit\u00e9es en raison du ch\u00f4mage partiel, de la maladie, de la quarantaine ou de la garde des enfants. Chacun fait de son mieux. Les situations extraordinaires exigent des mesures extraordinaires &#8211; et une compr\u00e9hension extraordinaire.<\/p>\n<p>&nbsp;<\/p>\n<p>&nbsp;<\/p>\n","protected":false},"excerpt":{"rendered":"<p>Le port du masque n\u2019est<\/p>\n","protected":false},"author":4578,"featured_media":0,"parent":0,"menu_order":0,"comment_status":"closed","ping_status":"closed","template":"","meta":{"_acf_changed":false,"footnotes":""},"class_list":["post-19883","page","type-page","status-publish","hentry"],"acf":[],"yoast_head":"<!-- This site is optimized with the Yoast SEO plugin v27.3 - https:\/\/yoast.com\/product\/yoast-seo-wordpress\/ -->\n<title>R\u00e9glementation du travailler \u00e0 domicile - HANDELSVERBAND. swiss<\/title>\n<meta name=\"robots\" content=\"index, follow, max-snippet:-1, max-image-preview:large, max-video-preview:-1\" \/>\n<meta property=\"og:locale\" content=\"fr_FR\" \/>\n<meta property=\"og:type\" content=\"article\" \/>\n<meta property=\"og:title\" content=\"R\u00e9glementation du travailler \u00e0 domicile - HANDELSVERBAND. swiss\" \/>\n<meta property=\"og:description\" content=\"Le port du masque n\u2019est\" \/>\n<meta property=\"og:url\" content=\"https:\/\/handelsverband.swiss\/fr\/home-office-pflicht\/\" \/>\n<meta property=\"og:site_name\" content=\"HANDELSVERBAND. swiss\" \/>\n<meta property=\"article:modified_time\" content=\"2021-06-28T10:31:49+00:00\" \/>\n<meta name=\"twitter:card\" content=\"summary_large_image\" \/>\n<meta name=\"twitter:label1\" content=\"Est. reading time\" \/>\n\t<meta name=\"twitter:data1\" content=\"5 minutes\" \/>\n<script type=\"application\/ld+json\" class=\"yoast-schema-graph\">{\"@context\":\"https:\\\/\\\/schema.org\",\"@graph\":[{\"@type\":\"WebPage\",\"@id\":\"https:\\\/\\\/handelsverband.swiss\\\/fr\\\/home-office-pflicht\\\/\",\"url\":\"https:\\\/\\\/handelsverband.swiss\\\/fr\\\/home-office-pflicht\\\/\",\"name\":\"R\u00e9glementation du travailler \u00e0 domicile - HANDELSVERBAND. swiss\",\"isPartOf\":{\"@id\":\"https:\\\/\\\/handelsverband.swiss\\\/#website\"},\"datePublished\":\"2021-01-21T11:30:19+00:00\",\"dateModified\":\"2021-06-28T10:31:49+00:00\",\"breadcrumb\":{\"@id\":\"https:\\\/\\\/handelsverband.swiss\\\/fr\\\/home-office-pflicht\\\/#breadcrumb\"},\"inLanguage\":\"fr-FR\",\"potentialAction\":[{\"@type\":\"ReadAction\",\"target\":[\"https:\\\/\\\/handelsverband.swiss\\\/fr\\\/home-office-pflicht\\\/\"]}]},{\"@type\":\"BreadcrumbList\",\"@id\":\"https:\\\/\\\/handelsverband.swiss\\\/fr\\\/home-office-pflicht\\\/#breadcrumb\",\"itemListElement\":[{\"@type\":\"ListItem\",\"position\":1,\"name\":\"Startseite\",\"item\":\"https:\\\/\\\/handelsverband.swiss\\\/fr\\\/\"},{\"@type\":\"ListItem\",\"position\":2,\"name\":\"R\u00e9glementation du travailler \u00e0 domicile\"}]},{\"@type\":\"WebSite\",\"@id\":\"https:\\\/\\\/handelsverband.swiss\\\/#website\",\"url\":\"https:\\\/\\\/handelsverband.swiss\\\/\",\"name\":\"HANDELSVERBAND.swiss\",\"description\":\"ASSOCIATION DE COMMERCE.swiss\",\"publisher\":{\"@id\":\"https:\\\/\\\/handelsverband.swiss\\\/#organization\"},\"potentialAction\":[{\"@type\":\"SearchAction\",\"target\":{\"@type\":\"EntryPoint\",\"urlTemplate\":\"https:\\\/\\\/handelsverband.swiss\\\/?s={search_term_string}\"},\"query-input\":{\"@type\":\"PropertyValueSpecification\",\"valueRequired\":true,\"valueName\":\"search_term_string\"}}],\"inLanguage\":\"fr-FR\"},{\"@type\":\"Organization\",\"@id\":\"https:\\\/\\\/handelsverband.swiss\\\/#organization\",\"name\":\"HANDELSVERBAND.swiss\",\"url\":\"https:\\\/\\\/handelsverband.swiss\\\/\",\"logo\":{\"@type\":\"ImageObject\",\"inLanguage\":\"fr-FR\",\"@id\":\"https:\\\/\\\/handelsverband.swiss\\\/#\\\/schema\\\/logo\\\/image\\\/\",\"url\":\"https:\\\/\\\/handelsverband.swiss\\\/wp-content\\\/uploads\\\/2020\\\/03\\\/hv_brand_rgb.png\",\"contentUrl\":\"https:\\\/\\\/handelsverband.swiss\\\/wp-content\\\/uploads\\\/2020\\\/03\\\/hv_brand_rgb.png\",\"width\":1714,\"height\":472,\"caption\":\"HANDELSVERBAND.swiss\"},\"image\":{\"@id\":\"https:\\\/\\\/handelsverband.swiss\\\/#\\\/schema\\\/logo\\\/image\\\/\"}}]}<\/script>\n<!-- \/ Yoast SEO plugin. -->","yoast_head_json":{"title":"R\u00e9glementation du travailler \u00e0 domicile - HANDELSVERBAND. swiss","robots":{"index":"index","follow":"follow","max-snippet":"max-snippet:-1","max-image-preview":"max-image-preview:large","max-video-preview":"max-video-preview:-1"},"og_locale":"fr_FR","og_type":"article","og_title":"R\u00e9glementation du travailler \u00e0 domicile - HANDELSVERBAND. swiss","og_description":"Le port du masque n\u2019est","og_url":"https:\/\/handelsverband.swiss\/fr\/home-office-pflicht\/","og_site_name":"HANDELSVERBAND. swiss","article_modified_time":"2021-06-28T10:31:49+00:00","twitter_card":"summary_large_image","twitter_misc":{"Est. reading time":"5 minutes"},"schema":{"@context":"https:\/\/schema.org","@graph":[{"@type":"WebPage","@id":"https:\/\/handelsverband.swiss\/fr\/home-office-pflicht\/","url":"https:\/\/handelsverband.swiss\/fr\/home-office-pflicht\/","name":"R\u00e9glementation du travailler \u00e0 domicile - HANDELSVERBAND. swiss","isPartOf":{"@id":"https:\/\/handelsverband.swiss\/#website"},"datePublished":"2021-01-21T11:30:19+00:00","dateModified":"2021-06-28T10:31:49+00:00","breadcrumb":{"@id":"https:\/\/handelsverband.swiss\/fr\/home-office-pflicht\/#breadcrumb"},"inLanguage":"fr-FR","potentialAction":[{"@type":"ReadAction","target":["https:\/\/handelsverband.swiss\/fr\/home-office-pflicht\/"]}]},{"@type":"BreadcrumbList","@id":"https:\/\/handelsverband.swiss\/fr\/home-office-pflicht\/#breadcrumb","itemListElement":[{"@type":"ListItem","position":1,"name":"Startseite","item":"https:\/\/handelsverband.swiss\/fr\/"},{"@type":"ListItem","position":2,"name":"R\u00e9glementation du travailler \u00e0 domicile"}]},{"@type":"WebSite","@id":"https:\/\/handelsverband.swiss\/#website","url":"https:\/\/handelsverband.swiss\/","name":"HANDELSVERBAND.swiss","description":"ASSOCIATION DE COMMERCE.swiss","publisher":{"@id":"https:\/\/handelsverband.swiss\/#organization"},"potentialAction":[{"@type":"SearchAction","target":{"@type":"EntryPoint","urlTemplate":"https:\/\/handelsverband.swiss\/?s={search_term_string}"},"query-input":{"@type":"PropertyValueSpecification","valueRequired":true,"valueName":"search_term_string"}}],"inLanguage":"fr-FR"},{"@type":"Organization","@id":"https:\/\/handelsverband.swiss\/#organization","name":"HANDELSVERBAND.swiss","url":"https:\/\/handelsverband.swiss\/","logo":{"@type":"ImageObject","inLanguage":"fr-FR","@id":"https:\/\/handelsverband.swiss\/#\/schema\/logo\/image\/","url":"https:\/\/handelsverband.swiss\/wp-content\/uploads\/2020\/03\/hv_brand_rgb.png","contentUrl":"https:\/\/handelsverband.swiss\/wp-content\/uploads\/2020\/03\/hv_brand_rgb.png","width":1714,"height":472,"caption":"HANDELSVERBAND.swiss"},"image":{"@id":"https:\/\/handelsverband.swiss\/#\/schema\/logo\/image\/"}}]}},"_links":{"self":[{"href":"https:\/\/handelsverband.swiss\/fr\/wp-json\/wp\/v2\/pages\/19883","targetHints":{"allow":["GET"]}}],"collection":[{"href":"https:\/\/handelsverband.swiss\/fr\/wp-json\/wp\/v2\/pages"}],"about":[{"href":"https:\/\/handelsverband.swiss\/fr\/wp-json\/wp\/v2\/types\/page"}],"author":[{"embeddable":true,"href":"https:\/\/handelsverband.swiss\/fr\/wp-json\/wp\/v2\/users\/4578"}],"replies":[{"embeddable":true,"href":"https:\/\/handelsverband.swiss\/fr\/wp-json\/wp\/v2\/comments?post=19883"}],"version-history":[{"count":9,"href":"https:\/\/handelsverband.swiss\/fr\/wp-json\/wp\/v2\/pages\/19883\/revisions"}],"predecessor-version":[{"id":21008,"href":"https:\/\/handelsverband.swiss\/fr\/wp-json\/wp\/v2\/pages\/19883\/revisions\/21008"}],"wp:attachment":[{"href":"https:\/\/handelsverband.swiss\/fr\/wp-json\/wp\/v2\/media?parent=19883"}],"curies":[{"name":"wp","href":"https:\/\/api.w.org\/{rel}","templated":true}]}}