{"id":20465,"date":"2021-05-03T14:47:59","date_gmt":"2021-05-03T12:47:59","guid":{"rendered":"https:\/\/handelsverband.swiss\/?page_id=20465"},"modified":"2021-05-03T14:49:07","modified_gmt":"2021-05-03T12:49:07","slug":"passage-la-facture-qr","status":"publish","type":"page","link":"https:\/\/handelsverband.swiss\/fr\/passage-la-facture-qr\/","title":{"rendered":"Passage \u00e0 la facture QR"},"content":{"rendered":"<h2 class=\"section_title \">Le 30 septembre 2022, tous les bulletins de versement courants seront retir\u00e9s du march\u00e9: proc\u00e9dez d\u00e8s maintenant aux adaptations n\u00e9cessaires<\/h2>\n<div class=\"textimage \">\n<div class=\"\">\n<p>PostFinance retirera du march\u00e9 les bulletins de versement rouges et orange. Le changement a commenc\u00e9 \u00e0 la mi-2020 et \u00e0 partir du 30 septembre 2022, les bulletins de paiement actuels ne seront plus accept\u00e9s et trait\u00e9s. La facturation analogique dispara\u00eet ainsi au profit de la facturation num\u00e9rique.<\/p>\n<p>En tant que commer\u00e7ant, vous devriez avoir termin\u00e9 les changements n\u00e9cessaires au plus tard fin juillet 2022, afin que vos clients puissent encore effectuer les derniers versements \u00e0 temps ! N\u2019attendez pas pour convertir vos comptabilit\u00e9s cr\u00e9diteurs et d\u00e9biteurs ainsi que votre trafic des paiements! Veillez \u00e0 prendre les mesures n\u00e9cessaires aupr\u00e8s de votre banque ou de votre fournisseur de logiciels afin de pouvoir envoyer les factures \u00e0 vos clients \u00e0 temps et sans interruption. Contactez d\u00e8s maintenant votre banque ou votre partenaire logiciel. (<a href=\"https:\/\/www.paymentstandards.ch\/fr\/home\/readiness\/readiness-erp.html\" target=\"_blank\" rel=\"noopener\">Liste Readiness des partenaires logiciels<\/a>). Ces partenaires fournissent un soutien pour la planification n\u00e9cessaire et le travail de conversion vers la facture QR ou eBill. Une fois l&#8217;infrastructure adapt\u00e9e, l&#8217;ensemble du processus de facturation et de paiement se d\u00e9roule beaucoup plus efficacement..<\/p>\n<\/div>\n<\/div>\n<h5><\/h5>\n<p><img loading=\"lazy\" decoding=\"async\" class=\"alignnone wp-image-20548\" src=\"https:\/\/handelsverband.swiss\/wp-content\/uploads\/2021\/04\/Le-passage-a-la-facture-QR.png\" alt=\"\" width=\"1038\" height=\"782\" \/><\/p>\n<div class=\"textimage \">\n<div class=\"\">\n<p><strong><a href=\"https:\/\/youtu.be\/1g0T7FNex8o\" target=\"_blank\" rel=\"noopener\">Prenez le temps de regarder la vid\u00e9o sur le passage \u00e0 la facture QR ou l&#8217;eBill :<\/a><\/strong><\/p>\n<p><a href=\"https:\/\/youtu.be\/1g0T7FNex8o\" target=\"_blank\" rel=\"noopener\"><img loading=\"lazy\" decoding=\"async\" class=\"alignnone wp-image-20599\" src=\"https:\/\/handelsverband.swiss\/wp-content\/uploads\/2021\/05\/Erklaerfilm_FRA.png\" alt=\"\" width=\"726\" height=\"335\" srcset=\"https:\/\/handelsverband.swiss\/wp-content\/uploads\/2021\/05\/Erklaerfilm_FRA.png 1464w, https:\/\/handelsverband.swiss\/wp-content\/uploads\/2021\/05\/Erklaerfilm_FRA-300x139.png 300w, https:\/\/handelsverband.swiss\/wp-content\/uploads\/2021\/05\/Erklaerfilm_FRA-1024x473.png 1024w, https:\/\/handelsverband.swiss\/wp-content\/uploads\/2021\/05\/Erklaerfilm_FRA-768x355.png 768w\" sizes=\"auto, (max-width: 726px) 100vw, 726px\" \/><\/a><\/p>\n<p><strong><a href=\"https:\/\/www.einfach-zahlen.ch\/dam\/download\/qrrechnung\/esr-abloesung-broschure-fr.pdf\" target=\"_blank\" rel=\"noopener\">Vous pouvez \u00e9galement trouver des informations d\u00e9taill\u00e9es dans la brochure de Six:<\/a><\/strong><\/p>\n<p><a href=\"https:\/\/www.einfach-zahlen.ch\/dam\/download\/qrrechnung\/esr-abloesung-broschure-fr.pdf\" target=\"_blank\" rel=\"noopener\"><img loading=\"lazy\" decoding=\"async\" class=\"alignnone wp-image-20498\" src=\"https:\/\/handelsverband.swiss\/wp-content\/uploads\/2021\/04\/Broschuere_FRA.png\" alt=\"\" width=\"231\" height=\"393\" \/><\/a><\/p>\n<p>&nbsp;<\/p>\n<h5 class=\"title\">Script d\u2019introduction pour \u00e9metteurs et destinataires de factures : \u00cates-vous pr\u00eat pour la facture QR ?<\/h5>\n<p><a href=\"https:\/\/www.paymentstandards.ch\/dam\/downloads\/drehbuch-rechnung-steller-empfaenger-fr.pdf\" target=\"_blank\" rel=\"noopener\">Vous trouverez ici le script d&#8217;introduction avec des cas d\u2019utilisation, des listes de contr\u00f4le, des sc\u00e9narios de test et des exemples pour vous aider \u00e0 r\u00e9ussir l&#8217;introduction de la QR-facture.<\/a><\/p>\n<p>&nbsp;<\/p>\n<h5>La QR-facture \u2013 l\u2019\u00e9volution du bulletin de versement<\/h5>\n<p>La QR-facture peut \u00eatre \u00e9tablie sur papier ou au format num\u00e9rique. Elle succ\u00e8de aux bulletins de versement utilis\u00e9s jusqu\u2019ici. La QR-facture est compos\u00e9e d\u2019une section paiement et d\u2019un r\u00e9c\u00e9piss\u00e9. Toutes les informations de paiement sont contenues dans le Swiss QR Code au format num\u00e9rique et figurent aussi en clair, comme \u00e0 l\u2019accoutum\u00e9e. Le destinataire de la facture peut ainsi v\u00e9rifier l\u2019exactitude des donn\u00e9es de paiement apr\u00e8s le scannage et avant la validation du paiement et, si besoin est, saisir des paiements manuellement.<\/p>\n<ul style=\"font-weight: 400;\">\n<li>Tout comme le bulletin de versement utilis\u00e9 jusqu&#8217;ici, la QR-facture est divis\u00e9e en deux parties \u2013 le r\u00e9c\u00e9piss\u00e9\u00a0<b><strong>(1)<\/strong><\/b>\u00a0et la section paiement\u00a0<b><strong>(2)<\/strong><\/b>.<\/li>\n<li>Le Swiss QR Code contient toutes les informations importantes et n\u00e9cessaires aussi bien pour la facturation que pour le paiement.<\/li>\n<li>Gr\u00e2ce \u00e0 la perforation\u00a0<b><strong>(4)<\/strong><\/b>, vous pouvez facilement d\u00e9tacher la section paiement avec le r\u00e9c\u00e9piss\u00e9 et puis r\u00e9gler la facture \u00e0 la Poste comme jusqu&#8217;ici. Vous pouvez \u00e9galement l&#8217;envoyer par courrier \u00e0 votre banque avec un ordre de paiement.<\/li>\n<\/ul>\n<p><img loading=\"lazy\" decoding=\"async\" class=\"alignnone size-full wp-image-20594\" src=\"https:\/\/handelsverband.swiss\/wp-content\/uploads\/2021\/05\/Muster-Rechnung-FRA.png\" alt=\"\" width=\"532\" height=\"722\" srcset=\"https:\/\/handelsverband.swiss\/wp-content\/uploads\/2021\/05\/Muster-Rechnung-FRA.png 532w, https:\/\/handelsverband.swiss\/wp-content\/uploads\/2021\/05\/Muster-Rechnung-FRA-221x300.png 221w\" sizes=\"auto, (max-width: 532px) 100vw, 532px\" \/><\/p>\n<\/div>\n<p>Les destinataires de factures peuvent d\u00e9j\u00e0 aujourd&#8217;hui profiter des avantages de la facture QR et payer par voie num\u00e9rique. Les institutions financi\u00e8res suisses ont adapt\u00e9 leurs solutions de t\u00e9l\u00e9phonie mobile et d&#8217;e-banking en cons\u00e9quence afin que les destinataires de factures puissent scanner et payer leurs factures QR en toute commodit\u00e9, qu&#8217;il s&#8217;agisse de particuliers ou d&#8217;entreprises. La QR-facture peut \u00e9galement \u00eatre utilis\u00e9e au guichet de poste et peut \u00eatre envoy\u00e9e dans une enveloppe \u00e0 la banque par ordre de paiement.<\/p>\n<p>&nbsp;<\/p>\n<h5>Avantages pour les \u00e9metteurs de QR-factures<\/h5>\n<ul>\n<li>Vous imprimez les factures, section paiement et r\u00e9c\u00e9piss\u00e9 inclus, directement sur du papier blanc perfor\u00e9. Les justificatifs pr\u00e9-imprim\u00e9s ne sont plus n\u00e9cessaires.<\/li>\n<li>Si vous le souhaitez, vous pouvez \u00e9galement d\u00e9mat\u00e9rialiser vos QR-factures. Toutefois, vous renoncez ainsi \u00e0 la s\u00e9curit\u00e9 et \u00e0 d\u2019autres avantages de la solution eBill enti\u00e8rement num\u00e9rique.<\/li>\n<li>Vous pouvez simplifier et acc\u00e9l\u00e9rer la facturation en CHF et en EUR en l\u2019effectuant directement dans le syst\u00e8me de facturation sans convention BVR ou BVRB.<\/li>\n<li>Reprenez telle quelle une r\u00e9f\u00e9rence\u00a0BVR et continuez \u00e0 l\u2019utiliser comme r\u00e9f\u00e9rence\u00a0QR, toujours en association avec un QR-IBAN.<\/li>\n<li>La \u00abStructured Creditor Reference\u00bb (SCOR) facilite l\u2019attribution d\u2019un paiement dans la comptabilit\u00e9 d\u00e9biteurs gr\u00e2ce \u00e0 un num\u00e9ro d\u2019identification unique \u00e0 chaque transaction. Elle peut \u00eatre utilis\u00e9e conjointement avec l\u2019IBAN en Suisse, mais aussi \u00e0 l\u2019\u00e9tranger.<\/li>\n<li>Les r\u00e9ceptions de paiements peuvent \u00eatre trait\u00e9es de mani\u00e8re enti\u00e8rement automatique.<\/li>\n<\/ul>\n<p><img loading=\"lazy\" decoding=\"async\" class=\"alignnone size-full wp-image-20597\" src=\"https:\/\/handelsverband.swiss\/wp-content\/uploads\/2021\/05\/Bild-5-Fra.png\" alt=\"\" width=\"1395\" height=\"693\" srcset=\"https:\/\/handelsverband.swiss\/wp-content\/uploads\/2021\/05\/Bild-5-Fra.png 1395w, https:\/\/handelsverband.swiss\/wp-content\/uploads\/2021\/05\/Bild-5-Fra-300x149.png 300w, https:\/\/handelsverband.swiss\/wp-content\/uploads\/2021\/05\/Bild-5-Fra-1024x509.png 1024w, https:\/\/handelsverband.swiss\/wp-content\/uploads\/2021\/05\/Bild-5-Fra-768x382.png 768w\" sizes=\"auto, (max-width: 1395px) 100vw, 1395px\" \/><\/p>\n<p>&nbsp;<\/p>\n<h5 class=\"section_title \">Voici comment la QR-facture est g\u00e9n\u00e9r\u00e9e<\/h5>\n<p>Vous pouvez cr\u00e9er et imprimer vous-m\u00eame les QR-factures en quelques \u00e9tapes. Pour ce faire, vous devez tenir compte de quelques caract\u00e9ristiques visuelles. Celles-ci sont d\u00e9finies dans les Guidelines. Vous les trouverez sur PaymentStandards.ch (Link). Pour simplifier encore davantage la proc\u00e9dure, num\u00e9risez d\u00e8s \u00e0 pr\u00e9sent vos comptabilit\u00e9s cr\u00e9diteurs et d\u00e9biteurs conjointement avec votre banque et votre partenaire logiciel. La QR-facture et l\u2019infrastructure eBill \u00e9tant adapt\u00e9es l\u2019une \u00e0 l\u2019autre, vous pourrez \u00e9galement profiter des avantages de l\u2019infrastructure eBill, imm\u00e9diatement ou ult\u00e9rieurement.<\/p>\n<p><a href=\"https:\/\/www.paymentstandards.ch\/dam\/downloads\/style-guide-fr.pdf\" target=\"_blank\" rel=\"noopener\">R\u00e9pertoire des prescriptions et recommandations de pr\u00e9sentation pour la section paiement avec Swiss QR Code et pour le r\u00e9c\u00e9piss\u00e9, y inclus des exemples.<\/a><\/p>\n<p>&nbsp;<\/p>\n<\/div>\n<div class=\"\">\n<p><strong>Pour plus d&#8217;informations sur la facture QR et la facture \u00e9lectronique, les \u00e9metteurs de factures peuvent contacter leur banque<\/strong><strong> ou de votre fournisseur de logiciels.<\/strong><\/p>\n<p>Vous trouverez \u00e9galement de plus amples informations sur la facturation ici :<\/p>\n<ul>\n<li>sur <a href=\"https:\/\/www.einfach-zahlen.ch\/fr\/home\/issuer.html\" target=\"_blank\" rel=\"noopener\">www.einfach-zahlen.ch\/fr<\/a><\/li>\n<li>sur <a href=\"https:\/\/www.paymentstandards.ch\/fr\/home.html\" target=\"_blank\" rel=\"noopener\">paymentstandards.ch<\/a> pour toutes entreprises qui utilisent des solutions mat\u00e9rielles et logicielles pour leurs op\u00e9rations de paiement<\/li>\n<\/ul>\n<\/div>\n<p>&nbsp;<\/p>\n<p>&nbsp;<\/p>\n","protected":false},"excerpt":{"rendered":"<p>Le 30 septembre 2022, tous<\/p>\n","protected":false},"author":4578,"featured_media":0,"parent":0,"menu_order":0,"comment_status":"closed","ping_status":"closed","template":"","meta":{"_acf_changed":false,"footnotes":""},"class_list":["post-20465","page","type-page","status-publish","hentry"],"acf":[],"yoast_head":"<!-- This site is optimized with the Yoast SEO plugin v27.5 - https:\/\/yoast.com\/product\/yoast-seo-wordpress\/ -->\n<title>Passage \u00e0 la facture QR - HANDELSVERBAND. swiss<\/title>\n<meta name=\"robots\" content=\"index, follow, max-snippet:-1, max-image-preview:large, max-video-preview:-1\" \/>\n<meta property=\"og:locale\" content=\"fr_FR\" \/>\n<meta property=\"og:type\" content=\"article\" \/>\n<meta property=\"og:title\" content=\"Passage \u00e0 la facture QR - HANDELSVERBAND. swiss\" \/>\n<meta property=\"og:description\" content=\"Le 30 septembre 2022, tous\" \/>\n<meta property=\"og:url\" content=\"https:\/\/handelsverband.swiss\/fr\/passage-la-facture-qr\/\" \/>\n<meta property=\"og:site_name\" content=\"HANDELSVERBAND. swiss\" \/>\n<meta property=\"article:modified_time\" content=\"2021-05-03T12:49:07+00:00\" \/>\n<meta property=\"og:image\" content=\"https:\/\/handelsverband.swiss\/wp-content\/uploads\/2021\/04\/Le-passage-a-la-facture-QR.png\" \/>\n<meta name=\"twitter:card\" content=\"summary_large_image\" \/>\n<meta name=\"twitter:label1\" content=\"Est. reading time\" \/>\n\t<meta name=\"twitter:data1\" content=\"5 minutes\" \/>\n<script type=\"application\/ld+json\" class=\"yoast-schema-graph\">{\"@context\":\"https:\\\/\\\/schema.org\",\"@graph\":[{\"@type\":\"WebPage\",\"@id\":\"https:\\\/\\\/handelsverband.swiss\\\/fr\\\/passage-la-facture-qr\\\/\",\"url\":\"https:\\\/\\\/handelsverband.swiss\\\/fr\\\/passage-la-facture-qr\\\/\",\"name\":\"Passage \u00e0 la facture QR - HANDELSVERBAND. swiss\",\"isPartOf\":{\"@id\":\"https:\\\/\\\/handelsverband.swiss\\\/#website\"},\"primaryImageOfPage\":{\"@id\":\"https:\\\/\\\/handelsverband.swiss\\\/fr\\\/passage-la-facture-qr\\\/#primaryimage\"},\"image\":{\"@id\":\"https:\\\/\\\/handelsverband.swiss\\\/fr\\\/passage-la-facture-qr\\\/#primaryimage\"},\"thumbnailUrl\":\"https:\\\/\\\/handelsverband.swiss\\\/wp-content\\\/uploads\\\/2021\\\/04\\\/Le-passage-a-la-facture-QR.png\",\"datePublished\":\"2021-05-03T12:47:59+00:00\",\"dateModified\":\"2021-05-03T12:49:07+00:00\",\"breadcrumb\":{\"@id\":\"https:\\\/\\\/handelsverband.swiss\\\/fr\\\/passage-la-facture-qr\\\/#breadcrumb\"},\"inLanguage\":\"fr-FR\",\"potentialAction\":[{\"@type\":\"ReadAction\",\"target\":[\"https:\\\/\\\/handelsverband.swiss\\\/fr\\\/passage-la-facture-qr\\\/\"]}]},{\"@type\":\"ImageObject\",\"inLanguage\":\"fr-FR\",\"@id\":\"https:\\\/\\\/handelsverband.swiss\\\/fr\\\/passage-la-facture-qr\\\/#primaryimage\",\"url\":\"https:\\\/\\\/handelsverband.swiss\\\/wp-content\\\/uploads\\\/2021\\\/04\\\/Le-passage-a-la-facture-QR.png\",\"contentUrl\":\"https:\\\/\\\/handelsverband.swiss\\\/wp-content\\\/uploads\\\/2021\\\/04\\\/Le-passage-a-la-facture-QR.png\"},{\"@type\":\"BreadcrumbList\",\"@id\":\"https:\\\/\\\/handelsverband.swiss\\\/fr\\\/passage-la-facture-qr\\\/#breadcrumb\",\"itemListElement\":[{\"@type\":\"ListItem\",\"position\":1,\"name\":\"Startseite\",\"item\":\"https:\\\/\\\/handelsverband.swiss\\\/fr\\\/\"},{\"@type\":\"ListItem\",\"position\":2,\"name\":\"Passage \u00e0 la facture QR\"}]},{\"@type\":\"WebSite\",\"@id\":\"https:\\\/\\\/handelsverband.swiss\\\/#website\",\"url\":\"https:\\\/\\\/handelsverband.swiss\\\/\",\"name\":\"HANDELSVERBAND.swiss\",\"description\":\"ASSOCIATION DE COMMERCE.swiss\",\"publisher\":{\"@id\":\"https:\\\/\\\/handelsverband.swiss\\\/#organization\"},\"potentialAction\":[{\"@type\":\"SearchAction\",\"target\":{\"@type\":\"EntryPoint\",\"urlTemplate\":\"https:\\\/\\\/handelsverband.swiss\\\/?s={search_term_string}\"},\"query-input\":{\"@type\":\"PropertyValueSpecification\",\"valueRequired\":true,\"valueName\":\"search_term_string\"}}],\"inLanguage\":\"fr-FR\"},{\"@type\":\"Organization\",\"@id\":\"https:\\\/\\\/handelsverband.swiss\\\/#organization\",\"name\":\"HANDELSVERBAND.swiss\",\"url\":\"https:\\\/\\\/handelsverband.swiss\\\/\",\"logo\":{\"@type\":\"ImageObject\",\"inLanguage\":\"fr-FR\",\"@id\":\"https:\\\/\\\/handelsverband.swiss\\\/#\\\/schema\\\/logo\\\/image\\\/\",\"url\":\"https:\\\/\\\/handelsverband.swiss\\\/wp-content\\\/uploads\\\/2020\\\/03\\\/hv_brand_rgb.png\",\"contentUrl\":\"https:\\\/\\\/handelsverband.swiss\\\/wp-content\\\/uploads\\\/2020\\\/03\\\/hv_brand_rgb.png\",\"width\":1714,\"height\":472,\"caption\":\"HANDELSVERBAND.swiss\"},\"image\":{\"@id\":\"https:\\\/\\\/handelsverband.swiss\\\/#\\\/schema\\\/logo\\\/image\\\/\"}}]}<\/script>\n<!-- \/ Yoast SEO plugin. -->","yoast_head_json":{"title":"Passage \u00e0 la facture QR - HANDELSVERBAND. swiss","robots":{"index":"index","follow":"follow","max-snippet":"max-snippet:-1","max-image-preview":"max-image-preview:large","max-video-preview":"max-video-preview:-1"},"og_locale":"fr_FR","og_type":"article","og_title":"Passage \u00e0 la facture QR - HANDELSVERBAND. swiss","og_description":"Le 30 septembre 2022, tous","og_url":"https:\/\/handelsverband.swiss\/fr\/passage-la-facture-qr\/","og_site_name":"HANDELSVERBAND. swiss","article_modified_time":"2021-05-03T12:49:07+00:00","og_image":[{"url":"https:\/\/handelsverband.swiss\/wp-content\/uploads\/2021\/04\/Le-passage-a-la-facture-QR.png","type":"","width":"","height":""}],"twitter_card":"summary_large_image","twitter_misc":{"Est. reading time":"5 minutes"},"schema":{"@context":"https:\/\/schema.org","@graph":[{"@type":"WebPage","@id":"https:\/\/handelsverband.swiss\/fr\/passage-la-facture-qr\/","url":"https:\/\/handelsverband.swiss\/fr\/passage-la-facture-qr\/","name":"Passage \u00e0 la facture QR - HANDELSVERBAND. swiss","isPartOf":{"@id":"https:\/\/handelsverband.swiss\/#website"},"primaryImageOfPage":{"@id":"https:\/\/handelsverband.swiss\/fr\/passage-la-facture-qr\/#primaryimage"},"image":{"@id":"https:\/\/handelsverband.swiss\/fr\/passage-la-facture-qr\/#primaryimage"},"thumbnailUrl":"https:\/\/handelsverband.swiss\/wp-content\/uploads\/2021\/04\/Le-passage-a-la-facture-QR.png","datePublished":"2021-05-03T12:47:59+00:00","dateModified":"2021-05-03T12:49:07+00:00","breadcrumb":{"@id":"https:\/\/handelsverband.swiss\/fr\/passage-la-facture-qr\/#breadcrumb"},"inLanguage":"fr-FR","potentialAction":[{"@type":"ReadAction","target":["https:\/\/handelsverband.swiss\/fr\/passage-la-facture-qr\/"]}]},{"@type":"ImageObject","inLanguage":"fr-FR","@id":"https:\/\/handelsverband.swiss\/fr\/passage-la-facture-qr\/#primaryimage","url":"https:\/\/handelsverband.swiss\/wp-content\/uploads\/2021\/04\/Le-passage-a-la-facture-QR.png","contentUrl":"https:\/\/handelsverband.swiss\/wp-content\/uploads\/2021\/04\/Le-passage-a-la-facture-QR.png"},{"@type":"BreadcrumbList","@id":"https:\/\/handelsverband.swiss\/fr\/passage-la-facture-qr\/#breadcrumb","itemListElement":[{"@type":"ListItem","position":1,"name":"Startseite","item":"https:\/\/handelsverband.swiss\/fr\/"},{"@type":"ListItem","position":2,"name":"Passage \u00e0 la facture QR"}]},{"@type":"WebSite","@id":"https:\/\/handelsverband.swiss\/#website","url":"https:\/\/handelsverband.swiss\/","name":"HANDELSVERBAND.swiss","description":"ASSOCIATION DE COMMERCE.swiss","publisher":{"@id":"https:\/\/handelsverband.swiss\/#organization"},"potentialAction":[{"@type":"SearchAction","target":{"@type":"EntryPoint","urlTemplate":"https:\/\/handelsverband.swiss\/?s={search_term_string}"},"query-input":{"@type":"PropertyValueSpecification","valueRequired":true,"valueName":"search_term_string"}}],"inLanguage":"fr-FR"},{"@type":"Organization","@id":"https:\/\/handelsverband.swiss\/#organization","name":"HANDELSVERBAND.swiss","url":"https:\/\/handelsverband.swiss\/","logo":{"@type":"ImageObject","inLanguage":"fr-FR","@id":"https:\/\/handelsverband.swiss\/#\/schema\/logo\/image\/","url":"https:\/\/handelsverband.swiss\/wp-content\/uploads\/2020\/03\/hv_brand_rgb.png","contentUrl":"https:\/\/handelsverband.swiss\/wp-content\/uploads\/2020\/03\/hv_brand_rgb.png","width":1714,"height":472,"caption":"HANDELSVERBAND.swiss"},"image":{"@id":"https:\/\/handelsverband.swiss\/#\/schema\/logo\/image\/"}}]}},"_links":{"self":[{"href":"https:\/\/handelsverband.swiss\/fr\/wp-json\/wp\/v2\/pages\/20465","targetHints":{"allow":["GET"]}}],"collection":[{"href":"https:\/\/handelsverband.swiss\/fr\/wp-json\/wp\/v2\/pages"}],"about":[{"href":"https:\/\/handelsverband.swiss\/fr\/wp-json\/wp\/v2\/types\/page"}],"author":[{"embeddable":true,"href":"https:\/\/handelsverband.swiss\/fr\/wp-json\/wp\/v2\/users\/4578"}],"replies":[{"embeddable":true,"href":"https:\/\/handelsverband.swiss\/fr\/wp-json\/wp\/v2\/comments?post=20465"}],"version-history":[{"count":8,"href":"https:\/\/handelsverband.swiss\/fr\/wp-json\/wp\/v2\/pages\/20465\/revisions"}],"predecessor-version":[{"id":20682,"href":"https:\/\/handelsverband.swiss\/fr\/wp-json\/wp\/v2\/pages\/20465\/revisions\/20682"}],"wp:attachment":[{"href":"https:\/\/handelsverband.swiss\/fr\/wp-json\/wp\/v2\/media?parent=20465"}],"curies":[{"name":"wp","href":"https:\/\/api.w.org\/{rel}","templated":true}]}}