{"id":21014,"date":"2021-06-28T14:22:37","date_gmt":"2021-06-28T12:22:37","guid":{"rendered":"https:\/\/handelsverband.swiss\/?page_id=21014"},"modified":"2024-11-06T19:42:20","modified_gmt":"2024-11-06T18:42:20","slug":"import-one-stop-shop-ioss","status":"publish","type":"page","link":"https:\/\/handelsverband.swiss\/fr\/import-one-stop-shop-ioss\/","title":{"rendered":"Import One Stop Shop (IOSS)"},"content":{"rendered":"<p>L\u2019UE progresse dans la r\u00e9duction des formalit\u00e9s administratives pour le commerce transfrontalier intra-europ\u00e9en. \u00c0 partir du 1er juillet 2021, un certain nombre\u00a0de modifications apport\u00e9es \u00e0 la directive 2006\/112\/CE\u00a0(la \u00ab directive TVA \u00bb) commenceront \u00e0 s\u2019appliquer ce qui aura des r\u00e9percussions sur les r\u00e8gles de TVA r\u00e9gissant les activit\u00e9s de commerce \u00e9lectronique transfronti\u00e8res entre entreprises et consommateurs (B2C).<\/p>\n<p><strong>Si vous \u00eates un commer\u00e7ant B2C vendant de la Suisse vers l\u2019UE, veuillez visiter le <a href=\"https:\/\/vat-one-stop-shop.ec.europa.eu\/\" target=\"_blank\" rel=\"noopener\">site web officiel de l&#8217;Union europ\u00e9enne<\/a> !\u00a0<\/strong><\/p>\n<h5><\/h5>\n<h5>Les principaux changements :<\/h5>\n<ul>\n<li>Le seuil actuellement applicable aux ventes \u00e0 distance intracommunautaires de biens sera supprim\u00e9 et remplac\u00e9 par\u00a0<strong>un nouveau seuil de 10 000 EUR<\/strong> applicable \u00e0 l\u2019\u00e9chelle de l\u2019UE. <strong>Les importations sont soumises \u00e0 la TVA d\u00e8s le premier euro de chiffre d&#8217;affaires.<br \/>\n<\/strong><\/li>\n<li><strong>L\u2019exon\u00e9ration de la TVA \u00e0 l\u2019importation de petits envois d\u2019une valeur maximale de 22 EUR sera supprim\u00e9e<\/strong>\u00a0et un nouveau r\u00e9gime particulier pour les ventes \u00e0 distance de biens import\u00e9s de territoires tiers ou de pays tiers d\u2019une valeur intrins\u00e8que ne d\u00e9passant pas 150 EUR sera cr\u00e9\u00e9 et baptis\u00e9 \u00ab guichet unique pour les importations \u00bb (IOSS) ;<\/li>\n<\/ul>\n<p>Les changements pour les \u00ab importateurs \u00bb sont pr\u00e9sent\u00e9s dans le tableau suivant :<\/p>\n<p><img decoding=\"async\" src=\"https:\/\/handelsverband.swiss\/wp-content\/uploads\/2021\/04\/Bild1.png\" \/><\/p>\n<h3><\/h3>\n<h5>La limite de la valeur des marchandises est pertinente<\/h5>\n<p>Les commer\u00e7ants suisses ne peuvent enregistrer et envoyer par l&#8217;IOSS que les envois d&#8217;une valeur de marchandises de 150 \u20ac maximum. Les envois d\u00e9passant cette valeur ne peuvent pas \u00eatre envoy\u00e9s via Import One Stop Shop, ils n\u00e9cessitent une autre solution.<\/p>\n<p>&nbsp;<\/p>\n<h5>Que doivent faire les commer\u00e7ants qui importent de la Suisse ou d\u2019autres pays tiers dans l\u2019UE ?<\/h5>\n<ol>\n<li>Tout d&#8217;abord, les commer\u00e7ants suisses doivent s&#8217;enregistrer et demander un num\u00e9ro IOSS. Toutefois, le commer\u00e7ant ne peut pas proc\u00e9der lui-m\u00eame \u00e0 cet enregistrement ; il a besoin pour cela d&#8217;un <strong>repr\u00e9sentant fiscal<\/strong> \u00e9tabli dans l&#8217;UE. Ce repr\u00e9sentant enregistrera le commer\u00e7ant suisse aupr\u00e8s du guichet unique d&#8217;importation et sera responsable de la facturation et du paiement mensuels de la TVA europ\u00e9enne.<\/li>\n<li>La\u00a0<strong>d\u00e9claration d\u2019importation<\/strong>\u00a0doit \u00eatre faite\u00a0<strong>par voie \u00e9lectronique<\/strong>\u00a0\u2013 en cons\u00e9quence, la discussion avec votre transporteur d\u2019exportation est \u00e0 rechercher.<\/li>\n<li>A partir du 1er juillet 2021, la TVA du pays de destination respectif doit \u00eatre factur\u00e9e directement au client =&gt; <strong>a<\/strong><b class=\"b5\">daptations <\/b><b class=\"b4\">inf<\/b><b class=\"b3\">orm<\/b><b class=\"b2\">atiq<\/b><b class=\"b1\">ues\u00a0<\/b><\/li>\n<\/ol>\n<h5><\/h5>\n","protected":false},"excerpt":{"rendered":"<p>L\u2019UE progresse dans la r\u00e9duction<\/p>\n","protected":false},"author":4578,"featured_media":0,"parent":0,"menu_order":0,"comment_status":"closed","ping_status":"closed","template":"","meta":{"_acf_changed":false,"footnotes":""},"class_list":["post-21014","page","type-page","status-publish","hentry"],"acf":[],"yoast_head":"<!-- This site is optimized with the Yoast SEO plugin v27.4 - https:\/\/yoast.com\/product\/yoast-seo-wordpress\/ -->\n<title>Import One Stop Shop (IOSS) - HANDELSVERBAND. swiss<\/title>\n<meta name=\"robots\" content=\"index, follow, max-snippet:-1, max-image-preview:large, max-video-preview:-1\" \/>\n<meta property=\"og:locale\" content=\"fr_FR\" \/>\n<meta property=\"og:type\" content=\"article\" \/>\n<meta property=\"og:title\" content=\"Import One Stop Shop (IOSS) - HANDELSVERBAND. swiss\" \/>\n<meta property=\"og:description\" content=\"L\u2019UE progresse dans la r\u00e9duction\" \/>\n<meta property=\"og:url\" content=\"https:\/\/handelsverband.swiss\/fr\/import-one-stop-shop-ioss\/\" \/>\n<meta property=\"og:site_name\" content=\"HANDELSVERBAND. swiss\" \/>\n<meta property=\"article:modified_time\" content=\"2024-11-06T18:42:20+00:00\" \/>\n<meta property=\"og:image\" content=\"https:\/\/handelsverband.swiss\/wp-content\/uploads\/2021\/04\/Bild1.png\" \/>\n<meta name=\"twitter:card\" content=\"summary_large_image\" \/>\n<meta name=\"twitter:label1\" content=\"Est. reading time\" \/>\n\t<meta name=\"twitter:data1\" content=\"3 minutes\" \/>\n<script type=\"application\/ld+json\" class=\"yoast-schema-graph\">{\"@context\":\"https:\\\/\\\/schema.org\",\"@graph\":[{\"@type\":\"WebPage\",\"@id\":\"https:\\\/\\\/handelsverband.swiss\\\/fr\\\/import-one-stop-shop-ioss\\\/\",\"url\":\"https:\\\/\\\/handelsverband.swiss\\\/fr\\\/import-one-stop-shop-ioss\\\/\",\"name\":\"Import One Stop Shop (IOSS) - HANDELSVERBAND. swiss\",\"isPartOf\":{\"@id\":\"https:\\\/\\\/handelsverband.swiss\\\/#website\"},\"primaryImageOfPage\":{\"@id\":\"https:\\\/\\\/handelsverband.swiss\\\/fr\\\/import-one-stop-shop-ioss\\\/#primaryimage\"},\"image\":{\"@id\":\"https:\\\/\\\/handelsverband.swiss\\\/fr\\\/import-one-stop-shop-ioss\\\/#primaryimage\"},\"thumbnailUrl\":\"https:\\\/\\\/handelsverband.swiss\\\/wp-content\\\/uploads\\\/2021\\\/04\\\/Bild1.png\",\"datePublished\":\"2021-06-28T12:22:37+00:00\",\"dateModified\":\"2024-11-06T18:42:20+00:00\",\"breadcrumb\":{\"@id\":\"https:\\\/\\\/handelsverband.swiss\\\/fr\\\/import-one-stop-shop-ioss\\\/#breadcrumb\"},\"inLanguage\":\"fr-FR\",\"potentialAction\":[{\"@type\":\"ReadAction\",\"target\":[\"https:\\\/\\\/handelsverband.swiss\\\/fr\\\/import-one-stop-shop-ioss\\\/\"]}]},{\"@type\":\"ImageObject\",\"inLanguage\":\"fr-FR\",\"@id\":\"https:\\\/\\\/handelsverband.swiss\\\/fr\\\/import-one-stop-shop-ioss\\\/#primaryimage\",\"url\":\"https:\\\/\\\/handelsverband.swiss\\\/wp-content\\\/uploads\\\/2021\\\/04\\\/Bild1.png\",\"contentUrl\":\"https:\\\/\\\/handelsverband.swiss\\\/wp-content\\\/uploads\\\/2021\\\/04\\\/Bild1.png\"},{\"@type\":\"BreadcrumbList\",\"@id\":\"https:\\\/\\\/handelsverband.swiss\\\/fr\\\/import-one-stop-shop-ioss\\\/#breadcrumb\",\"itemListElement\":[{\"@type\":\"ListItem\",\"position\":1,\"name\":\"Startseite\",\"item\":\"https:\\\/\\\/handelsverband.swiss\\\/fr\\\/\"},{\"@type\":\"ListItem\",\"position\":2,\"name\":\"Import One Stop Shop (IOSS)\"}]},{\"@type\":\"WebSite\",\"@id\":\"https:\\\/\\\/handelsverband.swiss\\\/#website\",\"url\":\"https:\\\/\\\/handelsverband.swiss\\\/\",\"name\":\"HANDELSVERBAND.swiss\",\"description\":\"ASSOCIATION DE COMMERCE.swiss\",\"publisher\":{\"@id\":\"https:\\\/\\\/handelsverband.swiss\\\/#organization\"},\"potentialAction\":[{\"@type\":\"SearchAction\",\"target\":{\"@type\":\"EntryPoint\",\"urlTemplate\":\"https:\\\/\\\/handelsverband.swiss\\\/?s={search_term_string}\"},\"query-input\":{\"@type\":\"PropertyValueSpecification\",\"valueRequired\":true,\"valueName\":\"search_term_string\"}}],\"inLanguage\":\"fr-FR\"},{\"@type\":\"Organization\",\"@id\":\"https:\\\/\\\/handelsverband.swiss\\\/#organization\",\"name\":\"HANDELSVERBAND.swiss\",\"url\":\"https:\\\/\\\/handelsverband.swiss\\\/\",\"logo\":{\"@type\":\"ImageObject\",\"inLanguage\":\"fr-FR\",\"@id\":\"https:\\\/\\\/handelsverband.swiss\\\/#\\\/schema\\\/logo\\\/image\\\/\",\"url\":\"https:\\\/\\\/handelsverband.swiss\\\/wp-content\\\/uploads\\\/2020\\\/03\\\/hv_brand_rgb.png\",\"contentUrl\":\"https:\\\/\\\/handelsverband.swiss\\\/wp-content\\\/uploads\\\/2020\\\/03\\\/hv_brand_rgb.png\",\"width\":1714,\"height\":472,\"caption\":\"HANDELSVERBAND.swiss\"},\"image\":{\"@id\":\"https:\\\/\\\/handelsverband.swiss\\\/#\\\/schema\\\/logo\\\/image\\\/\"}}]}<\/script>\n<!-- \/ Yoast SEO plugin. -->","yoast_head_json":{"title":"Import One Stop Shop (IOSS) - HANDELSVERBAND. swiss","robots":{"index":"index","follow":"follow","max-snippet":"max-snippet:-1","max-image-preview":"max-image-preview:large","max-video-preview":"max-video-preview:-1"},"og_locale":"fr_FR","og_type":"article","og_title":"Import One Stop Shop (IOSS) - HANDELSVERBAND. swiss","og_description":"L\u2019UE progresse dans la r\u00e9duction","og_url":"https:\/\/handelsverband.swiss\/fr\/import-one-stop-shop-ioss\/","og_site_name":"HANDELSVERBAND. swiss","article_modified_time":"2024-11-06T18:42:20+00:00","og_image":[{"url":"https:\/\/handelsverband.swiss\/wp-content\/uploads\/2021\/04\/Bild1.png","type":"","width":"","height":""}],"twitter_card":"summary_large_image","twitter_misc":{"Est. reading time":"3 minutes"},"schema":{"@context":"https:\/\/schema.org","@graph":[{"@type":"WebPage","@id":"https:\/\/handelsverband.swiss\/fr\/import-one-stop-shop-ioss\/","url":"https:\/\/handelsverband.swiss\/fr\/import-one-stop-shop-ioss\/","name":"Import One Stop Shop (IOSS) - HANDELSVERBAND. swiss","isPartOf":{"@id":"https:\/\/handelsverband.swiss\/#website"},"primaryImageOfPage":{"@id":"https:\/\/handelsverband.swiss\/fr\/import-one-stop-shop-ioss\/#primaryimage"},"image":{"@id":"https:\/\/handelsverband.swiss\/fr\/import-one-stop-shop-ioss\/#primaryimage"},"thumbnailUrl":"https:\/\/handelsverband.swiss\/wp-content\/uploads\/2021\/04\/Bild1.png","datePublished":"2021-06-28T12:22:37+00:00","dateModified":"2024-11-06T18:42:20+00:00","breadcrumb":{"@id":"https:\/\/handelsverband.swiss\/fr\/import-one-stop-shop-ioss\/#breadcrumb"},"inLanguage":"fr-FR","potentialAction":[{"@type":"ReadAction","target":["https:\/\/handelsverband.swiss\/fr\/import-one-stop-shop-ioss\/"]}]},{"@type":"ImageObject","inLanguage":"fr-FR","@id":"https:\/\/handelsverband.swiss\/fr\/import-one-stop-shop-ioss\/#primaryimage","url":"https:\/\/handelsverband.swiss\/wp-content\/uploads\/2021\/04\/Bild1.png","contentUrl":"https:\/\/handelsverband.swiss\/wp-content\/uploads\/2021\/04\/Bild1.png"},{"@type":"BreadcrumbList","@id":"https:\/\/handelsverband.swiss\/fr\/import-one-stop-shop-ioss\/#breadcrumb","itemListElement":[{"@type":"ListItem","position":1,"name":"Startseite","item":"https:\/\/handelsverband.swiss\/fr\/"},{"@type":"ListItem","position":2,"name":"Import One Stop Shop (IOSS)"}]},{"@type":"WebSite","@id":"https:\/\/handelsverband.swiss\/#website","url":"https:\/\/handelsverband.swiss\/","name":"HANDELSVERBAND.swiss","description":"ASSOCIATION DE COMMERCE.swiss","publisher":{"@id":"https:\/\/handelsverband.swiss\/#organization"},"potentialAction":[{"@type":"SearchAction","target":{"@type":"EntryPoint","urlTemplate":"https:\/\/handelsverband.swiss\/?s={search_term_string}"},"query-input":{"@type":"PropertyValueSpecification","valueRequired":true,"valueName":"search_term_string"}}],"inLanguage":"fr-FR"},{"@type":"Organization","@id":"https:\/\/handelsverband.swiss\/#organization","name":"HANDELSVERBAND.swiss","url":"https:\/\/handelsverband.swiss\/","logo":{"@type":"ImageObject","inLanguage":"fr-FR","@id":"https:\/\/handelsverband.swiss\/#\/schema\/logo\/image\/","url":"https:\/\/handelsverband.swiss\/wp-content\/uploads\/2020\/03\/hv_brand_rgb.png","contentUrl":"https:\/\/handelsverband.swiss\/wp-content\/uploads\/2020\/03\/hv_brand_rgb.png","width":1714,"height":472,"caption":"HANDELSVERBAND.swiss"},"image":{"@id":"https:\/\/handelsverband.swiss\/#\/schema\/logo\/image\/"}}]}},"_links":{"self":[{"href":"https:\/\/handelsverband.swiss\/fr\/wp-json\/wp\/v2\/pages\/21014","targetHints":{"allow":["GET"]}}],"collection":[{"href":"https:\/\/handelsverband.swiss\/fr\/wp-json\/wp\/v2\/pages"}],"about":[{"href":"https:\/\/handelsverband.swiss\/fr\/wp-json\/wp\/v2\/types\/page"}],"author":[{"embeddable":true,"href":"https:\/\/handelsverband.swiss\/fr\/wp-json\/wp\/v2\/users\/4578"}],"replies":[{"embeddable":true,"href":"https:\/\/handelsverband.swiss\/fr\/wp-json\/wp\/v2\/comments?post=21014"}],"version-history":[{"count":11,"href":"https:\/\/handelsverband.swiss\/fr\/wp-json\/wp\/v2\/pages\/21014\/revisions"}],"predecessor-version":[{"id":54818,"href":"https:\/\/handelsverband.swiss\/fr\/wp-json\/wp\/v2\/pages\/21014\/revisions\/54818"}],"wp:attachment":[{"href":"https:\/\/handelsverband.swiss\/fr\/wp-json\/wp\/v2\/media?parent=21014"}],"curies":[{"name":"wp","href":"https:\/\/api.w.org\/{rel}","templated":true}]}}