{"id":21264,"date":"2021-07-13T15:52:55","date_gmt":"2021-07-13T13:52:55","guid":{"rendered":"https:\/\/handelsverband.swiss\/?page_id=21264"},"modified":"2024-11-27T17:53:43","modified_gmt":"2024-11-27T16:53:43","slug":"certification-swiss-online-garantie-droit-de-retour-delai-de-retour-lieu-du-retour","status":"publish","type":"page","link":"https:\/\/handelsverband.swiss\/fr\/certification-swiss-online-garantie-droit-de-retour-delai-de-retour-lieu-du-retour\/","title":{"rendered":"Certification Swiss Online Garantie : Droit de retour \/ D\u00e9lai de retour \/ Lieu du retour \/ Remboursements"},"content":{"rendered":"<p><strong>Conform\u00e9ment \u00e0 nos <a href=\"https:\/\/handelsverband.swiss\/wp-content\/uploads\/2024\/11\/Criteres-de-controle-Swiss-Online-Garantie-final-FRA.pdf\">crit\u00e8res de contr\u00f4le<\/a>, le client dispose d&#8217;un droit de retour informel pendant au moins 14 jours civils apr\u00e8s la r\u00e9ception de marchandises, ainsi qu&#8217;\u00e0 la possibilit\u00e9 de renvoyer les marchandises \u00e0 une adresse suisse.<\/strong><\/p>\n<p><img loading=\"lazy\" decoding=\"async\" class=\"alignleft\" src=\"https:\/\/handelsverband.swiss\/wp-content\/uploads\/2021\/07\/AdobeStock_218180697_schmaler-scaled.jpeg\" width=\"702\" height=\"345\" \/><\/p>\n<p>&nbsp;<\/p>\n<p>&nbsp;<\/p>\n<p>&nbsp;<\/p>\n<p>&nbsp;<\/p>\n<p>&nbsp;<\/p>\n<p>&nbsp;<\/p>\n<p>&nbsp;<\/p>\n<p>&nbsp;<\/p>\n<p>&nbsp;<\/p>\n<p>&nbsp;<\/p>\n<h5>Exceptions au droit de retour :<\/h5>\n<p>Des exceptions au droit de retour sont autoris\u00e9es pour les cat\u00e9gories de produits suivantes :<\/p>\n<ul>\n<li><strong>produits alimentaires<\/strong> (y.c. boissons et compl\u00e9ments alimentaires)<\/li>\n<li><strong>marchandises pouvant se d\u00e9t\u00e9riorer rapidement ou dont la date de <\/strong><strong>p\u00e9remption est proche<\/strong><\/li>\n<li><strong>produits vivants<\/strong> (p.ex. plantes, kits de culture, insectes auxiliaires)<\/li>\n<li><strong>m\u00e9dicaments et dispositifs m\u00e9dicaux\u00a0<\/strong><\/li>\n<li><strong>produits sur mesure, personnalis\u00e9s ou fabriqu\u00e9s \u00e0 la demande du client<\/strong> (p.ex. costumes sur mesure, produits avec gravure, ensemble de meubles, lunettes de correction, etc.)<\/li>\n<li><strong>produits ne pouvant \u00eatre retourn\u00e9s pour des raisons d&#8217;hygi\u00e8ne ou de sant\u00e9<\/strong>, tels que brosses \u00e0 dents, bijoux de piercing, articles \u00e9rotiques, sousv\u00eatements, matelas, etc.<\/li>\n<li><strong>consommables ouverts ou d\u00e9ball\u00e9s<\/strong> (p.ex. toners ou piles)<\/li>\n<li><strong>appareils \u00e9lectriques ou \u00e9lectroniques<\/strong> (p.ex. r\u00e9frig\u00e9rateurs, ordinateurs portables, lampes) qui ont \u00e9t\u00e9 mis en service (allum\u00e9s et\/ou configur\u00e9s) et qui, par cons\u00e9quent, ne peuvent \u00eatre revendus que difficilement avec une r\u00e9duction du prix)<\/li>\n<li><strong>produits b\u00e9n\u00e9ficiant d&#8217;une r\u00e9duction du prix pour une dur\u00e9e limit\u00e9e<\/strong>, \u00e0 condition que cela soit indiqu\u00e9 dans l&#8217;offre, au plus tard sur la page des d\u00e9tails du produit<\/li>\n<li><strong>biens ou services dont le prix d\u00e9pend des fluctuations sur le march\u00e9 financier<\/strong>,sur lesquelles l&#8217;entrepreneur n&#8217;a aucune influence et pouvant survenir pendant le d\u00e9lai de renvoi<\/li>\n<li><strong>livres, journaux, revues ou magazines<\/strong><\/li>\n<li><strong>les enregistrements audio ou vid\u00e9o ou les logiciels informatiques<\/strong> (p.ex. CD, DVD) livr\u00e9s sur un support de donn\u00e9es physique apr\u00e8s ouverture de l&#8217;emballage d&#8217;origine ou apr\u00e8s avoir \u00e9t\u00e9 descell\u00e9s<\/li>\n<li><strong>contenus digitaux n\u2019\u00e9tant pas fournis sur un support physique<\/strong><\/li>\n<li><strong>bons d\u2019achat<\/strong> (digitaux ou physiques)<\/li>\n<li><strong>prestations pour des activit\u00e9s de loisirs<\/strong> (p.ex. h\u00e9bergement ou \u00e9v\u00e9nement) si le contrat pr\u00e9voit une date ou une p\u00e9riode sp\u00e9cifique d\u2019ex\u00e9cution<\/li>\n<\/ul>\n<p><strong>Le r\u00e8glement selon lequel les articles ne doivent pas \u00eatre utilis\u00e9s, faute de quoi le droit de retour expire, est autoris\u00e9. L&#8217;utilisation de l&#8217;article est pr\u00e9sum\u00e9e si l&#8217;article pr\u00e9sente des signes d&#8217;utilisation (odeur, taches, etc.) ou ne peut \u00eatre vendu dans l&#8217;\u00e9tat dans lequel il a \u00e9t\u00e9 retourn\u00e9 (par exemple, Lego, Playmobil, puzzle, parfum, etc. d\u00e9ball\u00e9s).<\/strong><\/p>\n<p><strong>Les exceptions \u00e0 la politique de retour sont explicitement signal\u00e9es soit dans les conditions g\u00e9n\u00e9rales de vente, soit lors de la commande. En cas d&#8217;exceptions dues \u00e0 des promotions\/liquidations, l&#8217;exception doit \u00eatre d\u00e9clar\u00e9e de mani\u00e8re clairement visible sur la page du produit.<\/strong><\/p>\n<p>&nbsp;<\/p>\n<h3>Lieu du retour<\/h3>\n<p>Le commer\u00e7ant doit indiquer au client une adresse \u00e0 laquelle il peut retourner les marchandises command\u00e9es.<\/p>\n<p>Les commer\u00e7ants certifi\u00e9s ayant leur si\u00e8ge \u00e0 l&#8217;\u00e9tranger fournissent au client une adresse de retour en Suisse ou garantissent un retour \u00e0 l&#8217;\u00e9tranger au prix d&#8217;un colis domestique comparable en Suisse (tarif au guichet de la Poste).<\/p>\n<p>&nbsp;<\/p>\n<h3>Frais<\/h3>\n<p>En cas de retour des marchandises, le client ne peut se voir imputer d&#8217;autres frais que ceux de retour, \u00e0 condition que les marchandises soient retourn\u00e9es dans un emballage appropri\u00e9 et original.<\/p>\n<p>&nbsp;<\/p>\n<h3>Remboursements<\/h3>\n<p>Le commer\u00e7ant certifi\u00e9 remboursera les montants des achats par le m\u00eame canal que celui par lequel le montant a \u00e9t\u00e9 pay\u00e9. Dans des situations exceptionnelles et apr\u00e8s consultation du client, un autre mode de paiement peut \u00eatre choisi pour le remboursement.<\/p>\n<p>Les soldes cr\u00e9diteurs des clients r\u00e9sultant de retours, de doubles paiements ou d&#8217;autres situations comparables seront rembours\u00e9s au plus tard \u00e0 la demande du client.<\/p>\n<p>&nbsp;<\/p>\n<p><img loading=\"lazy\" decoding=\"async\" class=\"\" src=\"https:\/\/handelsverband.swiss\/wp-content\/uploads\/2021\/07\/AdobeStock_186683958-scaled.jpeg\" width=\"727\" height=\"193\" \/><\/p>\n","protected":false},"excerpt":{"rendered":"<p>Conform\u00e9ment \u00e0 nos crit\u00e8res de<\/p>\n","protected":false},"author":4578,"featured_media":0,"parent":0,"menu_order":0,"comment_status":"closed","ping_status":"closed","template":"","meta":{"_acf_changed":false,"footnotes":""},"class_list":["post-21264","page","type-page","status-publish","hentry"],"acf":[],"yoast_head":"<!-- This site is optimized with the Yoast SEO plugin v27.5 - https:\/\/yoast.com\/product\/yoast-seo-wordpress\/ -->\n<title>Certification Swiss Online Garantie : Droit de retour \/ D\u00e9lai de retour \/ Lieu du retour \/ Remboursements - HANDELSVERBAND. swiss<\/title>\n<meta name=\"robots\" content=\"index, follow, max-snippet:-1, max-image-preview:large, max-video-preview:-1\" \/>\n<meta property=\"og:locale\" content=\"fr_FR\" \/>\n<meta property=\"og:type\" content=\"article\" \/>\n<meta property=\"og:title\" content=\"Certification Swiss Online Garantie : Droit de retour \/ D\u00e9lai de retour \/ Lieu du retour \/ Remboursements - HANDELSVERBAND. swiss\" \/>\n<meta property=\"og:description\" content=\"Conform\u00e9ment \u00e0 nos crit\u00e8res de\" \/>\n<meta property=\"og:url\" content=\"https:\/\/handelsverband.swiss\/fr\/certification-swiss-online-garantie-droit-de-retour-delai-de-retour-lieu-du-retour\/\" \/>\n<meta property=\"og:site_name\" content=\"HANDELSVERBAND. swiss\" \/>\n<meta property=\"article:modified_time\" content=\"2024-11-27T16:53:43+00:00\" \/>\n<meta property=\"og:image\" content=\"https:\/\/handelsverband.swiss\/wp-content\/uploads\/2021\/07\/AdobeStock_218180697_schmaler-scaled.jpeg\" \/>\n<meta name=\"twitter:card\" content=\"summary_large_image\" \/>\n<meta name=\"twitter:label1\" content=\"Est. reading time\" \/>\n\t<meta name=\"twitter:data1\" content=\"4 minutes\" \/>\n<script type=\"application\/ld+json\" class=\"yoast-schema-graph\">{\"@context\":\"https:\\\/\\\/schema.org\",\"@graph\":[{\"@type\":\"WebPage\",\"@id\":\"https:\\\/\\\/handelsverband.swiss\\\/fr\\\/certification-swiss-online-garantie-droit-de-retour-delai-de-retour-lieu-du-retour\\\/\",\"url\":\"https:\\\/\\\/handelsverband.swiss\\\/fr\\\/certification-swiss-online-garantie-droit-de-retour-delai-de-retour-lieu-du-retour\\\/\",\"name\":\"Certification Swiss Online Garantie : Droit de retour \\\/ D\u00e9lai de retour \\\/ Lieu du retour \\\/ Remboursements - HANDELSVERBAND. swiss\",\"isPartOf\":{\"@id\":\"https:\\\/\\\/handelsverband.swiss\\\/#website\"},\"primaryImageOfPage\":{\"@id\":\"https:\\\/\\\/handelsverband.swiss\\\/fr\\\/certification-swiss-online-garantie-droit-de-retour-delai-de-retour-lieu-du-retour\\\/#primaryimage\"},\"image\":{\"@id\":\"https:\\\/\\\/handelsverband.swiss\\\/fr\\\/certification-swiss-online-garantie-droit-de-retour-delai-de-retour-lieu-du-retour\\\/#primaryimage\"},\"thumbnailUrl\":\"https:\\\/\\\/handelsverband.swiss\\\/wp-content\\\/uploads\\\/2021\\\/07\\\/AdobeStock_218180697_schmaler-scaled.jpeg\",\"datePublished\":\"2021-07-13T13:52:55+00:00\",\"dateModified\":\"2024-11-27T16:53:43+00:00\",\"breadcrumb\":{\"@id\":\"https:\\\/\\\/handelsverband.swiss\\\/fr\\\/certification-swiss-online-garantie-droit-de-retour-delai-de-retour-lieu-du-retour\\\/#breadcrumb\"},\"inLanguage\":\"fr-FR\",\"potentialAction\":[{\"@type\":\"ReadAction\",\"target\":[\"https:\\\/\\\/handelsverband.swiss\\\/fr\\\/certification-swiss-online-garantie-droit-de-retour-delai-de-retour-lieu-du-retour\\\/\"]}]},{\"@type\":\"ImageObject\",\"inLanguage\":\"fr-FR\",\"@id\":\"https:\\\/\\\/handelsverband.swiss\\\/fr\\\/certification-swiss-online-garantie-droit-de-retour-delai-de-retour-lieu-du-retour\\\/#primaryimage\",\"url\":\"https:\\\/\\\/handelsverband.swiss\\\/wp-content\\\/uploads\\\/2021\\\/07\\\/AdobeStock_218180697_schmaler-scaled.jpeg\",\"contentUrl\":\"https:\\\/\\\/handelsverband.swiss\\\/wp-content\\\/uploads\\\/2021\\\/07\\\/AdobeStock_218180697_schmaler-scaled.jpeg\"},{\"@type\":\"BreadcrumbList\",\"@id\":\"https:\\\/\\\/handelsverband.swiss\\\/fr\\\/certification-swiss-online-garantie-droit-de-retour-delai-de-retour-lieu-du-retour\\\/#breadcrumb\",\"itemListElement\":[{\"@type\":\"ListItem\",\"position\":1,\"name\":\"Startseite\",\"item\":\"https:\\\/\\\/handelsverband.swiss\\\/fr\\\/\"},{\"@type\":\"ListItem\",\"position\":2,\"name\":\"Certification Swiss Online Garantie : Droit de retour \\\/ D\u00e9lai de retour \\\/ Lieu du retour \\\/ Remboursements\"}]},{\"@type\":\"WebSite\",\"@id\":\"https:\\\/\\\/handelsverband.swiss\\\/#website\",\"url\":\"https:\\\/\\\/handelsverband.swiss\\\/\",\"name\":\"HANDELSVERBAND.swiss\",\"description\":\"ASSOCIATION DE COMMERCE.swiss\",\"publisher\":{\"@id\":\"https:\\\/\\\/handelsverband.swiss\\\/#organization\"},\"potentialAction\":[{\"@type\":\"SearchAction\",\"target\":{\"@type\":\"EntryPoint\",\"urlTemplate\":\"https:\\\/\\\/handelsverband.swiss\\\/?s={search_term_string}\"},\"query-input\":{\"@type\":\"PropertyValueSpecification\",\"valueRequired\":true,\"valueName\":\"search_term_string\"}}],\"inLanguage\":\"fr-FR\"},{\"@type\":\"Organization\",\"@id\":\"https:\\\/\\\/handelsverband.swiss\\\/#organization\",\"name\":\"HANDELSVERBAND.swiss\",\"url\":\"https:\\\/\\\/handelsverband.swiss\\\/\",\"logo\":{\"@type\":\"ImageObject\",\"inLanguage\":\"fr-FR\",\"@id\":\"https:\\\/\\\/handelsverband.swiss\\\/#\\\/schema\\\/logo\\\/image\\\/\",\"url\":\"https:\\\/\\\/handelsverband.swiss\\\/wp-content\\\/uploads\\\/2020\\\/03\\\/hv_brand_rgb.png\",\"contentUrl\":\"https:\\\/\\\/handelsverband.swiss\\\/wp-content\\\/uploads\\\/2020\\\/03\\\/hv_brand_rgb.png\",\"width\":1714,\"height\":472,\"caption\":\"HANDELSVERBAND.swiss\"},\"image\":{\"@id\":\"https:\\\/\\\/handelsverband.swiss\\\/#\\\/schema\\\/logo\\\/image\\\/\"}}]}<\/script>\n<!-- \/ Yoast SEO plugin. -->","yoast_head_json":{"title":"Certification Swiss Online Garantie : Droit de retour \/ D\u00e9lai de retour \/ Lieu du retour \/ Remboursements - HANDELSVERBAND. swiss","robots":{"index":"index","follow":"follow","max-snippet":"max-snippet:-1","max-image-preview":"max-image-preview:large","max-video-preview":"max-video-preview:-1"},"og_locale":"fr_FR","og_type":"article","og_title":"Certification Swiss Online Garantie : Droit de retour \/ D\u00e9lai de retour \/ Lieu du retour \/ Remboursements - HANDELSVERBAND. swiss","og_description":"Conform\u00e9ment \u00e0 nos crit\u00e8res de","og_url":"https:\/\/handelsverband.swiss\/fr\/certification-swiss-online-garantie-droit-de-retour-delai-de-retour-lieu-du-retour\/","og_site_name":"HANDELSVERBAND. swiss","article_modified_time":"2024-11-27T16:53:43+00:00","og_image":[{"url":"https:\/\/handelsverband.swiss\/wp-content\/uploads\/2021\/07\/AdobeStock_218180697_schmaler-scaled.jpeg","type":"","width":"","height":""}],"twitter_card":"summary_large_image","twitter_misc":{"Est. reading time":"4 minutes"},"schema":{"@context":"https:\/\/schema.org","@graph":[{"@type":"WebPage","@id":"https:\/\/handelsverband.swiss\/fr\/certification-swiss-online-garantie-droit-de-retour-delai-de-retour-lieu-du-retour\/","url":"https:\/\/handelsverband.swiss\/fr\/certification-swiss-online-garantie-droit-de-retour-delai-de-retour-lieu-du-retour\/","name":"Certification Swiss Online Garantie : Droit de retour \/ D\u00e9lai de retour \/ Lieu du retour \/ Remboursements - HANDELSVERBAND. swiss","isPartOf":{"@id":"https:\/\/handelsverband.swiss\/#website"},"primaryImageOfPage":{"@id":"https:\/\/handelsverband.swiss\/fr\/certification-swiss-online-garantie-droit-de-retour-delai-de-retour-lieu-du-retour\/#primaryimage"},"image":{"@id":"https:\/\/handelsverband.swiss\/fr\/certification-swiss-online-garantie-droit-de-retour-delai-de-retour-lieu-du-retour\/#primaryimage"},"thumbnailUrl":"https:\/\/handelsverband.swiss\/wp-content\/uploads\/2021\/07\/AdobeStock_218180697_schmaler-scaled.jpeg","datePublished":"2021-07-13T13:52:55+00:00","dateModified":"2024-11-27T16:53:43+00:00","breadcrumb":{"@id":"https:\/\/handelsverband.swiss\/fr\/certification-swiss-online-garantie-droit-de-retour-delai-de-retour-lieu-du-retour\/#breadcrumb"},"inLanguage":"fr-FR","potentialAction":[{"@type":"ReadAction","target":["https:\/\/handelsverband.swiss\/fr\/certification-swiss-online-garantie-droit-de-retour-delai-de-retour-lieu-du-retour\/"]}]},{"@type":"ImageObject","inLanguage":"fr-FR","@id":"https:\/\/handelsverband.swiss\/fr\/certification-swiss-online-garantie-droit-de-retour-delai-de-retour-lieu-du-retour\/#primaryimage","url":"https:\/\/handelsverband.swiss\/wp-content\/uploads\/2021\/07\/AdobeStock_218180697_schmaler-scaled.jpeg","contentUrl":"https:\/\/handelsverband.swiss\/wp-content\/uploads\/2021\/07\/AdobeStock_218180697_schmaler-scaled.jpeg"},{"@type":"BreadcrumbList","@id":"https:\/\/handelsverband.swiss\/fr\/certification-swiss-online-garantie-droit-de-retour-delai-de-retour-lieu-du-retour\/#breadcrumb","itemListElement":[{"@type":"ListItem","position":1,"name":"Startseite","item":"https:\/\/handelsverband.swiss\/fr\/"},{"@type":"ListItem","position":2,"name":"Certification Swiss Online Garantie : Droit de retour \/ D\u00e9lai de retour \/ Lieu du retour \/ Remboursements"}]},{"@type":"WebSite","@id":"https:\/\/handelsverband.swiss\/#website","url":"https:\/\/handelsverband.swiss\/","name":"HANDELSVERBAND.swiss","description":"ASSOCIATION DE COMMERCE.swiss","publisher":{"@id":"https:\/\/handelsverband.swiss\/#organization"},"potentialAction":[{"@type":"SearchAction","target":{"@type":"EntryPoint","urlTemplate":"https:\/\/handelsverband.swiss\/?s={search_term_string}"},"query-input":{"@type":"PropertyValueSpecification","valueRequired":true,"valueName":"search_term_string"}}],"inLanguage":"fr-FR"},{"@type":"Organization","@id":"https:\/\/handelsverband.swiss\/#organization","name":"HANDELSVERBAND.swiss","url":"https:\/\/handelsverband.swiss\/","logo":{"@type":"ImageObject","inLanguage":"fr-FR","@id":"https:\/\/handelsverband.swiss\/#\/schema\/logo\/image\/","url":"https:\/\/handelsverband.swiss\/wp-content\/uploads\/2020\/03\/hv_brand_rgb.png","contentUrl":"https:\/\/handelsverband.swiss\/wp-content\/uploads\/2020\/03\/hv_brand_rgb.png","width":1714,"height":472,"caption":"HANDELSVERBAND.swiss"},"image":{"@id":"https:\/\/handelsverband.swiss\/#\/schema\/logo\/image\/"}}]}},"_links":{"self":[{"href":"https:\/\/handelsverband.swiss\/fr\/wp-json\/wp\/v2\/pages\/21264","targetHints":{"allow":["GET"]}}],"collection":[{"href":"https:\/\/handelsverband.swiss\/fr\/wp-json\/wp\/v2\/pages"}],"about":[{"href":"https:\/\/handelsverband.swiss\/fr\/wp-json\/wp\/v2\/types\/page"}],"author":[{"embeddable":true,"href":"https:\/\/handelsverband.swiss\/fr\/wp-json\/wp\/v2\/users\/4578"}],"replies":[{"embeddable":true,"href":"https:\/\/handelsverband.swiss\/fr\/wp-json\/wp\/v2\/comments?post=21264"}],"version-history":[{"count":10,"href":"https:\/\/handelsverband.swiss\/fr\/wp-json\/wp\/v2\/pages\/21264\/revisions"}],"predecessor-version":[{"id":55222,"href":"https:\/\/handelsverband.swiss\/fr\/wp-json\/wp\/v2\/pages\/21264\/revisions\/55222"}],"wp:attachment":[{"href":"https:\/\/handelsverband.swiss\/fr\/wp-json\/wp\/v2\/media?parent=21264"}],"curies":[{"name":"wp","href":"https:\/\/api.w.org\/{rel}","templated":true}]}}