{"id":21275,"date":"2021-07-13T16:51:30","date_gmt":"2021-07-13T14:51:30","guid":{"rendered":"https:\/\/handelsverband.swiss\/?page_id=21275"},"modified":"2023-07-19T12:22:34","modified_gmt":"2023-07-19T10:22:34","slug":"swiss-online-garantie-zertifizierung-cvg","status":"publish","type":"page","link":"https:\/\/handelsverband.swiss\/fr\/swiss-online-garantie-zertifizierung-cvg\/","title":{"rendered":"Certification Swiss Online Garantie : CGV"},"content":{"rendered":"<p style=\"text-align: left;\"><strong>Tout commer\u00e7ant en ligne certifi\u00e9 rend les conditions g\u00e9n\u00e9rales facilement accessibles aux clients. <\/strong><strong>Les CGV sont transparentes, compr\u00e9hensibles et formul\u00e9es de mani\u00e8re claire, faciles \u00e0 trouver et consultables dans un seul document ou sur un seul site web.<\/strong><\/p>\n<p>&nbsp;<\/p>\n<h5><\/h5>\n<h5><strong>Les CGV dans la langue du site web et accessibilit\u00e9 :<\/strong><\/h5>\n<p>Les CGV doivent \u00eatre disponibles dans la langue du site web, \u00eatre d\u00e9sign\u00e9es en cons\u00e9quence et \u00eatre accessibles au moins depuis la page principale, mais id\u00e9alement aussi depuis toutes les sous-pages de la boutique en ligne (y compris le check-out).<\/p>\n<p>&nbsp;<\/p>\n<h5>Mode de paiement sans frais suppl\u00e9mentaires :<\/h5>\n<p>Le commer\u00e7ant en ligne certifi\u00e9 propose au moins une m\u00e9thode de paiement gratuite (sans frais suppl\u00e9mentaires).<br \/>\nLes frais suppl\u00e9mentaires dans les transactions de paiement sont autoris\u00e9s si les \u00e9ventuels frais sont indiqu\u00e9s de mani\u00e8re transparente et si le client les accepte en choisissant lui-m\u00eame son mode de paiement.<\/p>\n<p>&nbsp;<\/p>\n<h5><strong>Frais de relance et de recouvrement :<\/strong><\/h5>\n<p>Le commer\u00e7ant en ligne indique les cons\u00e9quences financielles \u00e0 supporter par le client lors d&#8217;un retard de paiement en cas d&#8217;achat sur facture (frais de rappel, int\u00e9r\u00eats moratoires, frais de recouvrement). Cette disposition s&#8217;applique \u00e9galement si un commer\u00e7ant traite le paiement par l&#8217;interm\u00e9diaire d&#8217;un partenaire tiers. Une simple r\u00e9f\u00e9rence \u00e0 leurs conditions g\u00e9n\u00e9rales est insuffisante.<\/p>\n<p>Si les frais de rappel et de recouvrement ne sont pas indiqu\u00e9s, aucun frais de retard ne peut \u00eatre r\u00e9clam\u00e9 en cas d&#8217;achat sur facture.<\/p>\n<p>Si vous ne proposez pas d&#8217;achat sur facture, vous pouvez ignorer ce feu rouge.<\/p>\n<p>&nbsp;<\/p>\n<h5><strong>CGV clairement insuffisantes :\u00a0<\/strong><strong><br \/>\n<\/strong><\/h5>\n<p>Les CGV doivent comprendre au moins les points suivants :<\/p>\n<p><img decoding=\"async\" src=\"https:\/\/handelsverband.swiss\/wp-content\/uploads\/2021\/07\/Unbenannt.png\" \/><\/p>\n<p><strong>Nous pouvons vous mettre \u00e0 disposition notre mini-standard des CGV en allemand et en fran\u00e7ais. Vous pouvez t\u00e9l\u00e9charger les documents ici :<\/strong><\/p>\n<ul>\n<li><a href=\"https:\/\/handelsverband.swiss\/wp-content\/uploads\/2021\/07\/ConditionsGenerales_06_2016.pdf\" target=\"_blank\" rel=\"noopener\">AGB en fran\u00e7ais<\/a><\/li>\n<li><a href=\"https:\/\/handelsverband.swiss\/wp-content\/uploads\/2021\/07\/AGB_06_2016.pdf\" target=\"_blank\" rel=\"noopener\">AGB en allemand<\/a><\/li>\n<\/ul>\n<p>&nbsp;<\/p>\n","protected":false},"excerpt":{"rendered":"<p>Tout commer\u00e7ant en ligne certifi\u00e9<\/p>\n","protected":false},"author":4578,"featured_media":0,"parent":0,"menu_order":0,"comment_status":"closed","ping_status":"closed","template":"","meta":{"_acf_changed":false,"footnotes":""},"class_list":["post-21275","page","type-page","status-publish","hentry"],"acf":[],"yoast_head":"<!-- This site is optimized with the Yoast SEO plugin v27.3 - https:\/\/yoast.com\/product\/yoast-seo-wordpress\/ -->\n<title>Certification Swiss Online Garantie : CGV - HANDELSVERBAND. swiss<\/title>\n<meta name=\"robots\" content=\"index, follow, max-snippet:-1, max-image-preview:large, max-video-preview:-1\" \/>\n<meta property=\"og:locale\" content=\"fr_FR\" \/>\n<meta property=\"og:type\" content=\"article\" \/>\n<meta property=\"og:title\" content=\"Certification Swiss Online Garantie : CGV - HANDELSVERBAND. swiss\" \/>\n<meta property=\"og:description\" content=\"Tout commer\u00e7ant en ligne certifi\u00e9\" \/>\n<meta property=\"og:url\" content=\"https:\/\/handelsverband.swiss\/fr\/swiss-online-garantie-zertifizierung-cvg\/\" \/>\n<meta property=\"og:site_name\" content=\"HANDELSVERBAND. swiss\" \/>\n<meta property=\"article:modified_time\" content=\"2023-07-19T10:22:34+00:00\" \/>\n<meta property=\"og:image\" content=\"https:\/\/handelsverband.swiss\/wp-content\/uploads\/2021\/07\/Unbenannt.png\" \/>\n<meta name=\"twitter:card\" content=\"summary_large_image\" \/>\n<meta name=\"twitter:label1\" content=\"Est. reading time\" \/>\n\t<meta name=\"twitter:data1\" content=\"2 minutes\" \/>\n<script type=\"application\/ld+json\" class=\"yoast-schema-graph\">{\"@context\":\"https:\\\/\\\/schema.org\",\"@graph\":[{\"@type\":\"WebPage\",\"@id\":\"https:\\\/\\\/handelsverband.swiss\\\/fr\\\/swiss-online-garantie-zertifizierung-cvg\\\/\",\"url\":\"https:\\\/\\\/handelsverband.swiss\\\/fr\\\/swiss-online-garantie-zertifizierung-cvg\\\/\",\"name\":\"Certification Swiss Online Garantie : CGV - HANDELSVERBAND. swiss\",\"isPartOf\":{\"@id\":\"https:\\\/\\\/handelsverband.swiss\\\/#website\"},\"primaryImageOfPage\":{\"@id\":\"https:\\\/\\\/handelsverband.swiss\\\/fr\\\/swiss-online-garantie-zertifizierung-cvg\\\/#primaryimage\"},\"image\":{\"@id\":\"https:\\\/\\\/handelsverband.swiss\\\/fr\\\/swiss-online-garantie-zertifizierung-cvg\\\/#primaryimage\"},\"thumbnailUrl\":\"https:\\\/\\\/handelsverband.swiss\\\/wp-content\\\/uploads\\\/2021\\\/07\\\/Unbenannt.png\",\"datePublished\":\"2021-07-13T14:51:30+00:00\",\"dateModified\":\"2023-07-19T10:22:34+00:00\",\"breadcrumb\":{\"@id\":\"https:\\\/\\\/handelsverband.swiss\\\/fr\\\/swiss-online-garantie-zertifizierung-cvg\\\/#breadcrumb\"},\"inLanguage\":\"fr-FR\",\"potentialAction\":[{\"@type\":\"ReadAction\",\"target\":[\"https:\\\/\\\/handelsverband.swiss\\\/fr\\\/swiss-online-garantie-zertifizierung-cvg\\\/\"]}]},{\"@type\":\"ImageObject\",\"inLanguage\":\"fr-FR\",\"@id\":\"https:\\\/\\\/handelsverband.swiss\\\/fr\\\/swiss-online-garantie-zertifizierung-cvg\\\/#primaryimage\",\"url\":\"https:\\\/\\\/handelsverband.swiss\\\/wp-content\\\/uploads\\\/2021\\\/07\\\/Unbenannt.png\",\"contentUrl\":\"https:\\\/\\\/handelsverband.swiss\\\/wp-content\\\/uploads\\\/2021\\\/07\\\/Unbenannt.png\"},{\"@type\":\"BreadcrumbList\",\"@id\":\"https:\\\/\\\/handelsverband.swiss\\\/fr\\\/swiss-online-garantie-zertifizierung-cvg\\\/#breadcrumb\",\"itemListElement\":[{\"@type\":\"ListItem\",\"position\":1,\"name\":\"Startseite\",\"item\":\"https:\\\/\\\/handelsverband.swiss\\\/fr\\\/\"},{\"@type\":\"ListItem\",\"position\":2,\"name\":\"Certification Swiss Online Garantie : CGV\"}]},{\"@type\":\"WebSite\",\"@id\":\"https:\\\/\\\/handelsverband.swiss\\\/#website\",\"url\":\"https:\\\/\\\/handelsverband.swiss\\\/\",\"name\":\"HANDELSVERBAND.swiss\",\"description\":\"ASSOCIATION DE COMMERCE.swiss\",\"publisher\":{\"@id\":\"https:\\\/\\\/handelsverband.swiss\\\/#organization\"},\"potentialAction\":[{\"@type\":\"SearchAction\",\"target\":{\"@type\":\"EntryPoint\",\"urlTemplate\":\"https:\\\/\\\/handelsverband.swiss\\\/?s={search_term_string}\"},\"query-input\":{\"@type\":\"PropertyValueSpecification\",\"valueRequired\":true,\"valueName\":\"search_term_string\"}}],\"inLanguage\":\"fr-FR\"},{\"@type\":\"Organization\",\"@id\":\"https:\\\/\\\/handelsverband.swiss\\\/#organization\",\"name\":\"HANDELSVERBAND.swiss\",\"url\":\"https:\\\/\\\/handelsverband.swiss\\\/\",\"logo\":{\"@type\":\"ImageObject\",\"inLanguage\":\"fr-FR\",\"@id\":\"https:\\\/\\\/handelsverband.swiss\\\/#\\\/schema\\\/logo\\\/image\\\/\",\"url\":\"https:\\\/\\\/handelsverband.swiss\\\/wp-content\\\/uploads\\\/2020\\\/03\\\/hv_brand_rgb.png\",\"contentUrl\":\"https:\\\/\\\/handelsverband.swiss\\\/wp-content\\\/uploads\\\/2020\\\/03\\\/hv_brand_rgb.png\",\"width\":1714,\"height\":472,\"caption\":\"HANDELSVERBAND.swiss\"},\"image\":{\"@id\":\"https:\\\/\\\/handelsverband.swiss\\\/#\\\/schema\\\/logo\\\/image\\\/\"}}]}<\/script>\n<!-- \/ Yoast SEO plugin. -->","yoast_head_json":{"title":"Certification Swiss Online Garantie : CGV - HANDELSVERBAND. swiss","robots":{"index":"index","follow":"follow","max-snippet":"max-snippet:-1","max-image-preview":"max-image-preview:large","max-video-preview":"max-video-preview:-1"},"og_locale":"fr_FR","og_type":"article","og_title":"Certification Swiss Online Garantie : CGV - HANDELSVERBAND. swiss","og_description":"Tout commer\u00e7ant en ligne certifi\u00e9","og_url":"https:\/\/handelsverband.swiss\/fr\/swiss-online-garantie-zertifizierung-cvg\/","og_site_name":"HANDELSVERBAND. swiss","article_modified_time":"2023-07-19T10:22:34+00:00","og_image":[{"url":"https:\/\/handelsverband.swiss\/wp-content\/uploads\/2021\/07\/Unbenannt.png","type":"","width":"","height":""}],"twitter_card":"summary_large_image","twitter_misc":{"Est. reading time":"2 minutes"},"schema":{"@context":"https:\/\/schema.org","@graph":[{"@type":"WebPage","@id":"https:\/\/handelsverband.swiss\/fr\/swiss-online-garantie-zertifizierung-cvg\/","url":"https:\/\/handelsverband.swiss\/fr\/swiss-online-garantie-zertifizierung-cvg\/","name":"Certification Swiss Online Garantie : CGV - HANDELSVERBAND. swiss","isPartOf":{"@id":"https:\/\/handelsverband.swiss\/#website"},"primaryImageOfPage":{"@id":"https:\/\/handelsverband.swiss\/fr\/swiss-online-garantie-zertifizierung-cvg\/#primaryimage"},"image":{"@id":"https:\/\/handelsverband.swiss\/fr\/swiss-online-garantie-zertifizierung-cvg\/#primaryimage"},"thumbnailUrl":"https:\/\/handelsverband.swiss\/wp-content\/uploads\/2021\/07\/Unbenannt.png","datePublished":"2021-07-13T14:51:30+00:00","dateModified":"2023-07-19T10:22:34+00:00","breadcrumb":{"@id":"https:\/\/handelsverband.swiss\/fr\/swiss-online-garantie-zertifizierung-cvg\/#breadcrumb"},"inLanguage":"fr-FR","potentialAction":[{"@type":"ReadAction","target":["https:\/\/handelsverband.swiss\/fr\/swiss-online-garantie-zertifizierung-cvg\/"]}]},{"@type":"ImageObject","inLanguage":"fr-FR","@id":"https:\/\/handelsverband.swiss\/fr\/swiss-online-garantie-zertifizierung-cvg\/#primaryimage","url":"https:\/\/handelsverband.swiss\/wp-content\/uploads\/2021\/07\/Unbenannt.png","contentUrl":"https:\/\/handelsverband.swiss\/wp-content\/uploads\/2021\/07\/Unbenannt.png"},{"@type":"BreadcrumbList","@id":"https:\/\/handelsverband.swiss\/fr\/swiss-online-garantie-zertifizierung-cvg\/#breadcrumb","itemListElement":[{"@type":"ListItem","position":1,"name":"Startseite","item":"https:\/\/handelsverband.swiss\/fr\/"},{"@type":"ListItem","position":2,"name":"Certification Swiss Online Garantie : CGV"}]},{"@type":"WebSite","@id":"https:\/\/handelsverband.swiss\/#website","url":"https:\/\/handelsverband.swiss\/","name":"HANDELSVERBAND.swiss","description":"ASSOCIATION DE COMMERCE.swiss","publisher":{"@id":"https:\/\/handelsverband.swiss\/#organization"},"potentialAction":[{"@type":"SearchAction","target":{"@type":"EntryPoint","urlTemplate":"https:\/\/handelsverband.swiss\/?s={search_term_string}"},"query-input":{"@type":"PropertyValueSpecification","valueRequired":true,"valueName":"search_term_string"}}],"inLanguage":"fr-FR"},{"@type":"Organization","@id":"https:\/\/handelsverband.swiss\/#organization","name":"HANDELSVERBAND.swiss","url":"https:\/\/handelsverband.swiss\/","logo":{"@type":"ImageObject","inLanguage":"fr-FR","@id":"https:\/\/handelsverband.swiss\/#\/schema\/logo\/image\/","url":"https:\/\/handelsverband.swiss\/wp-content\/uploads\/2020\/03\/hv_brand_rgb.png","contentUrl":"https:\/\/handelsverband.swiss\/wp-content\/uploads\/2020\/03\/hv_brand_rgb.png","width":1714,"height":472,"caption":"HANDELSVERBAND.swiss"},"image":{"@id":"https:\/\/handelsverband.swiss\/#\/schema\/logo\/image\/"}}]}},"_links":{"self":[{"href":"https:\/\/handelsverband.swiss\/fr\/wp-json\/wp\/v2\/pages\/21275","targetHints":{"allow":["GET"]}}],"collection":[{"href":"https:\/\/handelsverband.swiss\/fr\/wp-json\/wp\/v2\/pages"}],"about":[{"href":"https:\/\/handelsverband.swiss\/fr\/wp-json\/wp\/v2\/types\/page"}],"author":[{"embeddable":true,"href":"https:\/\/handelsverband.swiss\/fr\/wp-json\/wp\/v2\/users\/4578"}],"replies":[{"embeddable":true,"href":"https:\/\/handelsverband.swiss\/fr\/wp-json\/wp\/v2\/comments?post=21275"}],"version-history":[{"count":10,"href":"https:\/\/handelsverband.swiss\/fr\/wp-json\/wp\/v2\/pages\/21275\/revisions"}],"predecessor-version":[{"id":40377,"href":"https:\/\/handelsverband.swiss\/fr\/wp-json\/wp\/v2\/pages\/21275\/revisions\/40377"}],"wp:attachment":[{"href":"https:\/\/handelsverband.swiss\/fr\/wp-json\/wp\/v2\/media?parent=21275"}],"curies":[{"name":"wp","href":"https:\/\/api.w.org\/{rel}","templated":true}]}}