{"id":22384,"date":"2021-12-07T09:56:25","date_gmt":"2021-12-07T08:56:25","guid":{"rendered":"https:\/\/handelsverband.swiss\/?page_id=22384"},"modified":"2021-12-07T10:08:02","modified_gmt":"2021-12-07T09:08:02","slug":"achat-daliments-en-ligne","status":"publish","type":"page","link":"https:\/\/handelsverband.swiss\/fr\/achat-daliments-en-ligne\/","title":{"rendered":"Achat d\u2019aliments en ligne"},"content":{"rendered":"<p><b>Le droit alimentaire s\u2019applique aussi aux produits vendus sur internet. M\u00eame si seuls les aliments s\u00fbrs et qui satisfont \u00e0 toutes les exigences l\u00e9gales peuvent \u00eatre mis sur le march\u00e9, une prudence particuli\u00e8re s\u2019impose lors de l\u2019achat d\u2019aliments sur internet.<\/b><\/p>\n<p><strong>L&#8217;<a href=\"https:\/\/www.blv.admin.ch\/blv\/fr\/home\/lebensmittel-und-ernaehrung\/lebensmittelsicherheit\/verantwortlichkeiten\/lebensmittel-online-einkaufen.html\" target=\"_blank\" rel=\"noopener\">Office f\u00e9d\u00e9ral de la s\u00e9curit\u00e9 alimentaire<\/a> a \u00e9labor\u00e9 des directives pour les consommateurs, mais aussi une fiche d&#8217;information pour les commer\u00e7ants dans le domaine du commerce en ligne de denr\u00e9es alimentaires.<\/strong><\/p>\n<h5><\/h5>\n<h5>Le droit alimentaire suisse s\u2019applique uniquement en Suisse<\/h5>\n<p>Les boutiques en ligne ayant leur si\u00e8ge en Suisse sont r\u00e9guli\u00e8rement contr\u00f4l\u00e9es. Elles doivent \u00eatre enregistr\u00e9es aupr\u00e8s de l\u2019autorit\u00e9 charg\u00e9e de l\u2019ex\u00e9cution de la l\u00e9gislation sur les denr\u00e9es alimentaires du canton concern\u00e9. La l\u00e9gislation suisse sur les denr\u00e9es alimentaires impose un niveau de s\u00e9curit\u00e9 \u00e9lev\u00e9 et autorise seulement la mise sur le march\u00e9 d\u2019aliments s\u00fbrs.<\/p>\n<p>L\u00e9gislation:<\/p>\n<ul>\n<li><a class=\"icon icon--after icon--external\" title=\"\" href=\"https:\/\/www.fedlex.admin.ch\/eli\/cc\/2017\/62\/fr\" target=\"_blank\" rel=\"noopener\">Loi f\u00e9d\u00e9rale sur les denr\u00e9es alimentaires et les objets usuels (LDAI ; RS 817.0)<\/a><\/li>\n<li><a class=\"icon icon--after icon--external\" title=\"\" href=\"https:\/\/www.fedlex.admin.ch\/eli\/cc\/2017\/63\/fr\" target=\"_blank\" rel=\"noopener\">Ordonnance sur les denr\u00e9es alimentaires et les objets usuels (ODAlOUs, RS 817.02)<\/a><\/li>\n<\/ul>\n<p><strong>Pour les informations sur le commerce en ligne de produits alimentaires, cliquez ici : <\/strong><a class=\"icon icon--before icon--pdf\" title=\"Fiche d\u2019information \u00e0 l\u2019usage des acteurs du commerce en ligne de denr\u00e9es alimentaires\" href=\"https:\/\/www.blv.admin.ch\/dam\/blv\/fr\/dokumente\/lebensmittel-und-ernaehrung\/lebensmittelsicherheit\/verantwortlichkeiten\/infoblatt-onlinehandel-lebensmittel.pdf.download.pdf\/Informationsblatt%20f%C3%BCr%20den%20Onlinehandel%20mit%20Lebensmitteln%20fr.pdf\" target=\"_blank\" rel=\"noopener\">Fiche d\u2019information \u00e0 l\u2019usage des acteurs du commerce en ligne de denr\u00e9es alimentaires<span class=\"text-dimmed\">\u00a0(PDF, 158 kB, 20.10.2021)<\/span><\/a><\/p>\n<p>Les boutiques en ligne bas\u00e9es \u00e0 l\u2019\u00e9tranger ne sont pas soumises au droit suisse. Elles peuvent ainsi proposer des produits qui ne seraient pas autoris\u00e9s par la l\u00e9gislation suisse. Les exigences l\u00e9gales en vigueur dans d\u2019autres pays diff\u00e8rent en partie de celles fix\u00e9es en Suisse. Le contr\u00f4le d\u2019une boutique en ligne \u00e9trang\u00e8re est du ressort des autorit\u00e9s du pays concern\u00e9.<\/p>\n<h5>Prudence avec les compl\u00e9ments alimentaires<\/h5>\n<p>Il convient de faire preuve de la plus grande prudence lors de l\u2019achat de aliments destin\u00e9s \u00e0 la consommation priv\u00e9e. Cela vaut en particulier pour les produits d\u00e9sign\u00e9s comme \u00ab compl\u00e9ments alimentaires \u00bb, qui contiennent souvent des ingr\u00e9dients non admis. La consommation de la dose journali\u00e8re recommand\u00e9e peut d\u00e9j\u00e0 conduire \u00e0 un apport excessif de certaines substances. De tels produits sont parfois m\u00eame nocifs pour la sant\u00e9. On fait souvent la promotion de ce genre de produits en vantant leurs effets b\u00e9n\u00e9fiques pour la sant\u00e9 ou leurs vertus th\u00e9rapeutiques, ce qui n\u2019est pas autoris\u00e9 en Suisse. Les aliments ne sont en effet pas des m\u00e9dicaments. Les compl\u00e9ments alimentaires ne servent jamais \u00e0 pr\u00e9venir ou \u00e0 gu\u00e9rir des maladies.<\/p>\n<p>Ceux qui contiennent notamment de la m\u00e9latonine, de la levure de riz rouge (Monascus purpureus) ou d\u2019autres substances pharmacologiquement actives ou nuisibles pour la sant\u00e9 \u2013 telles que le DNP, la DMAA, le 5-HTP, la DHEA ou de nouvelles sortes de denr\u00e9es alimentaires (Novel Food) non autoris\u00e9es \u2013 ne sont pas admis. De plus amples informations \u00e0 ce sujet sont disponibles sur la page suivante :\u00a0<a href=\"https:\/\/www.blv.admin.ch\/blv\/fr\/home\/lebensmittel-und-ernaehrung\/lebensmittelsicherheit\/stoffe-im-fokus\/unerlaubte-stoffe.html\" target=\"_blank\" rel=\"noopener\">Substances interdites<\/a><\/p>\n<h5>Prudence en cas de modification de l\u2019usage d\u2019un produit<\/h5>\n<p>Une prudence toute particuli\u00e8re s\u2019impose lorsque les produits sont vant\u00e9s avec un usage qui ne correspond plus \u00e0 leur usage initial. \u00c0 titre d\u2019exemple, on peut citer les compl\u00e9ments alimentaires qui sont vant\u00e9s pour les animaux, tels les tigres, et qui sont ensuite \u00e9galement recommand\u00e9s pour la consommation humaine. De mani\u00e8re g\u00e9n\u00e9rale, il convient de faire preuve de prudence lorsque les produits sont vant\u00e9s avec un nouvel usage qui ne correspond pas \u00e0 l\u2019usage initialement pr\u00e9vu.<\/p>\n<h5>Attention \u00e0 v\u00e9rifier rigoureusement les sources<\/h5>\n<p>La prudence est \u00e9galement de mise lors d\u2019achats sur les r\u00e9seaux sociaux, car ces plateformes permettent de faire la promotion de produits de mani\u00e8re anonyme et dans le cadre de groupes priv\u00e9s. Les t\u00e9moignages qui y sont publi\u00e9s sont souvent de la publicit\u00e9 d\u00e9guis\u00e9e. Il convient donc de faire preuve d\u2019esprit critique \u00e0 l\u2019\u00e9gard des recommandations formul\u00e9es sur des forums de discussion, o\u00f9 l\u2019on pr\u00eate parfois \u00e0 certains produits des effets dont ils sont en r\u00e9alit\u00e9 d\u00e9pourvus.<\/p>\n<h5>Grande responsabilit\u00e9 individuelle des consommateurs<\/h5>\n<p>Lorsqu\u2019ils importent des aliments destin\u00e9s \u00e0 leur usage priv\u00e9, les consommateurs en assument la responsabilit\u00e9 et les risques. Dans certains cas, des compl\u00e9ments alimentaires import\u00e9s en Suisse peuvent \u00e9galement \u00eatre consid\u00e9r\u00e9s comme des m\u00e9dicaments ; ils sont alors soumis aux dispositions de la loi sur les produits th\u00e9rapeutiques. L\u2019importation est, dans ce cas pr\u00e9cis, fortement limit\u00e9e, voire absolument interdite (par ex. produits dopants et stup\u00e9fiants).<\/p>\n<p><strong>Pour plus d&#8217;informations sur le commerce en ligne de produits alimentaires, cliquez ici :\u00a0<\/strong><a class=\"icon icon--before icon--pdf\" title=\"Fiche d\u2019information \u00e0 l\u2019usage des acteurs du commerce en ligne de denr\u00e9es alimentaires\" href=\"https:\/\/www.blv.admin.ch\/dam\/blv\/fr\/dokumente\/lebensmittel-und-ernaehrung\/lebensmittelsicherheit\/verantwortlichkeiten\/infoblatt-onlinehandel-lebensmittel.pdf.download.pdf\/Informationsblatt%20f%C3%BCr%20den%20Onlinehandel%20mit%20Lebensmitteln%20fr.pdf\" target=\"_blank\" rel=\"noopener\">Fiche d\u2019information \u00e0 l\u2019usage des acteurs du commerce en ligne de denr\u00e9es alimentaires<span class=\"text-dimmed\">\u00a0(PDF, 158 kB, 20.10.2021)<\/span><\/a><\/p>\n<p>&nbsp;<\/p>\n<p><em>Source : https:\/\/www.blv.admin.ch\/blv\/fr\/home\/lebensmittel-und-ernaehrung\/lebensmittelsicherheit\/verantwortlichkeiten\/lebensmittel-online-einkaufen.html<\/em><\/p>\n<p>&nbsp;<\/p>\n<p>&nbsp;<\/p>\n","protected":false},"excerpt":{"rendered":"<p>Le droit alimentaire s\u2019applique aussi<\/p>\n","protected":false},"author":4578,"featured_media":0,"parent":0,"menu_order":0,"comment_status":"closed","ping_status":"closed","template":"","meta":{"_acf_changed":false,"footnotes":""},"class_list":["post-22384","page","type-page","status-publish","hentry"],"acf":[],"yoast_head":"<!-- This site is optimized with the Yoast SEO plugin v27.5 - https:\/\/yoast.com\/product\/yoast-seo-wordpress\/ -->\n<title>Achat d\u2019aliments en ligne - HANDELSVERBAND. swiss<\/title>\n<meta name=\"robots\" content=\"index, follow, max-snippet:-1, max-image-preview:large, max-video-preview:-1\" \/>\n<meta property=\"og:locale\" content=\"fr_FR\" \/>\n<meta property=\"og:type\" content=\"article\" \/>\n<meta property=\"og:title\" content=\"Achat d\u2019aliments en ligne - HANDELSVERBAND. swiss\" \/>\n<meta property=\"og:description\" content=\"Le droit alimentaire s\u2019applique aussi\" \/>\n<meta property=\"og:url\" content=\"https:\/\/handelsverband.swiss\/fr\/achat-daliments-en-ligne\/\" \/>\n<meta property=\"og:site_name\" content=\"HANDELSVERBAND. swiss\" \/>\n<meta property=\"article:modified_time\" content=\"2021-12-07T09:08:02+00:00\" \/>\n<meta name=\"twitter:card\" content=\"summary_large_image\" \/>\n<meta name=\"twitter:label1\" content=\"Est. reading time\" \/>\n\t<meta name=\"twitter:data1\" content=\"4 minutes\" \/>\n<script type=\"application\/ld+json\" class=\"yoast-schema-graph\">{\"@context\":\"https:\\\/\\\/schema.org\",\"@graph\":[{\"@type\":\"WebPage\",\"@id\":\"https:\\\/\\\/handelsverband.swiss\\\/fr\\\/achat-daliments-en-ligne\\\/\",\"url\":\"https:\\\/\\\/handelsverband.swiss\\\/fr\\\/achat-daliments-en-ligne\\\/\",\"name\":\"Achat d\u2019aliments en ligne - HANDELSVERBAND. swiss\",\"isPartOf\":{\"@id\":\"https:\\\/\\\/handelsverband.swiss\\\/#website\"},\"datePublished\":\"2021-12-07T08:56:25+00:00\",\"dateModified\":\"2021-12-07T09:08:02+00:00\",\"breadcrumb\":{\"@id\":\"https:\\\/\\\/handelsverband.swiss\\\/fr\\\/achat-daliments-en-ligne\\\/#breadcrumb\"},\"inLanguage\":\"fr-FR\",\"potentialAction\":[{\"@type\":\"ReadAction\",\"target\":[\"https:\\\/\\\/handelsverband.swiss\\\/fr\\\/achat-daliments-en-ligne\\\/\"]}]},{\"@type\":\"BreadcrumbList\",\"@id\":\"https:\\\/\\\/handelsverband.swiss\\\/fr\\\/achat-daliments-en-ligne\\\/#breadcrumb\",\"itemListElement\":[{\"@type\":\"ListItem\",\"position\":1,\"name\":\"Startseite\",\"item\":\"https:\\\/\\\/handelsverband.swiss\\\/fr\\\/\"},{\"@type\":\"ListItem\",\"position\":2,\"name\":\"Achat d\u2019aliments en ligne\"}]},{\"@type\":\"WebSite\",\"@id\":\"https:\\\/\\\/handelsverband.swiss\\\/#website\",\"url\":\"https:\\\/\\\/handelsverband.swiss\\\/\",\"name\":\"HANDELSVERBAND.swiss\",\"description\":\"ASSOCIATION DE COMMERCE.swiss\",\"publisher\":{\"@id\":\"https:\\\/\\\/handelsverband.swiss\\\/#organization\"},\"potentialAction\":[{\"@type\":\"SearchAction\",\"target\":{\"@type\":\"EntryPoint\",\"urlTemplate\":\"https:\\\/\\\/handelsverband.swiss\\\/?s={search_term_string}\"},\"query-input\":{\"@type\":\"PropertyValueSpecification\",\"valueRequired\":true,\"valueName\":\"search_term_string\"}}],\"inLanguage\":\"fr-FR\"},{\"@type\":\"Organization\",\"@id\":\"https:\\\/\\\/handelsverband.swiss\\\/#organization\",\"name\":\"HANDELSVERBAND.swiss\",\"url\":\"https:\\\/\\\/handelsverband.swiss\\\/\",\"logo\":{\"@type\":\"ImageObject\",\"inLanguage\":\"fr-FR\",\"@id\":\"https:\\\/\\\/handelsverband.swiss\\\/#\\\/schema\\\/logo\\\/image\\\/\",\"url\":\"https:\\\/\\\/handelsverband.swiss\\\/wp-content\\\/uploads\\\/2020\\\/03\\\/hv_brand_rgb.png\",\"contentUrl\":\"https:\\\/\\\/handelsverband.swiss\\\/wp-content\\\/uploads\\\/2020\\\/03\\\/hv_brand_rgb.png\",\"width\":1714,\"height\":472,\"caption\":\"HANDELSVERBAND.swiss\"},\"image\":{\"@id\":\"https:\\\/\\\/handelsverband.swiss\\\/#\\\/schema\\\/logo\\\/image\\\/\"}}]}<\/script>\n<!-- \/ Yoast SEO plugin. -->","yoast_head_json":{"title":"Achat d\u2019aliments en ligne - HANDELSVERBAND. swiss","robots":{"index":"index","follow":"follow","max-snippet":"max-snippet:-1","max-image-preview":"max-image-preview:large","max-video-preview":"max-video-preview:-1"},"og_locale":"fr_FR","og_type":"article","og_title":"Achat d\u2019aliments en ligne - HANDELSVERBAND. swiss","og_description":"Le droit alimentaire s\u2019applique aussi","og_url":"https:\/\/handelsverband.swiss\/fr\/achat-daliments-en-ligne\/","og_site_name":"HANDELSVERBAND. swiss","article_modified_time":"2021-12-07T09:08:02+00:00","twitter_card":"summary_large_image","twitter_misc":{"Est. reading time":"4 minutes"},"schema":{"@context":"https:\/\/schema.org","@graph":[{"@type":"WebPage","@id":"https:\/\/handelsverband.swiss\/fr\/achat-daliments-en-ligne\/","url":"https:\/\/handelsverband.swiss\/fr\/achat-daliments-en-ligne\/","name":"Achat d\u2019aliments en ligne - HANDELSVERBAND. swiss","isPartOf":{"@id":"https:\/\/handelsverband.swiss\/#website"},"datePublished":"2021-12-07T08:56:25+00:00","dateModified":"2021-12-07T09:08:02+00:00","breadcrumb":{"@id":"https:\/\/handelsverband.swiss\/fr\/achat-daliments-en-ligne\/#breadcrumb"},"inLanguage":"fr-FR","potentialAction":[{"@type":"ReadAction","target":["https:\/\/handelsverband.swiss\/fr\/achat-daliments-en-ligne\/"]}]},{"@type":"BreadcrumbList","@id":"https:\/\/handelsverband.swiss\/fr\/achat-daliments-en-ligne\/#breadcrumb","itemListElement":[{"@type":"ListItem","position":1,"name":"Startseite","item":"https:\/\/handelsverband.swiss\/fr\/"},{"@type":"ListItem","position":2,"name":"Achat d\u2019aliments en ligne"}]},{"@type":"WebSite","@id":"https:\/\/handelsverband.swiss\/#website","url":"https:\/\/handelsverband.swiss\/","name":"HANDELSVERBAND.swiss","description":"ASSOCIATION DE COMMERCE.swiss","publisher":{"@id":"https:\/\/handelsverband.swiss\/#organization"},"potentialAction":[{"@type":"SearchAction","target":{"@type":"EntryPoint","urlTemplate":"https:\/\/handelsverband.swiss\/?s={search_term_string}"},"query-input":{"@type":"PropertyValueSpecification","valueRequired":true,"valueName":"search_term_string"}}],"inLanguage":"fr-FR"},{"@type":"Organization","@id":"https:\/\/handelsverband.swiss\/#organization","name":"HANDELSVERBAND.swiss","url":"https:\/\/handelsverband.swiss\/","logo":{"@type":"ImageObject","inLanguage":"fr-FR","@id":"https:\/\/handelsverband.swiss\/#\/schema\/logo\/image\/","url":"https:\/\/handelsverband.swiss\/wp-content\/uploads\/2020\/03\/hv_brand_rgb.png","contentUrl":"https:\/\/handelsverband.swiss\/wp-content\/uploads\/2020\/03\/hv_brand_rgb.png","width":1714,"height":472,"caption":"HANDELSVERBAND.swiss"},"image":{"@id":"https:\/\/handelsverband.swiss\/#\/schema\/logo\/image\/"}}]}},"_links":{"self":[{"href":"https:\/\/handelsverband.swiss\/fr\/wp-json\/wp\/v2\/pages\/22384","targetHints":{"allow":["GET"]}}],"collection":[{"href":"https:\/\/handelsverband.swiss\/fr\/wp-json\/wp\/v2\/pages"}],"about":[{"href":"https:\/\/handelsverband.swiss\/fr\/wp-json\/wp\/v2\/types\/page"}],"author":[{"embeddable":true,"href":"https:\/\/handelsverband.swiss\/fr\/wp-json\/wp\/v2\/users\/4578"}],"replies":[{"embeddable":true,"href":"https:\/\/handelsverband.swiss\/fr\/wp-json\/wp\/v2\/comments?post=22384"}],"version-history":[{"count":3,"href":"https:\/\/handelsverband.swiss\/fr\/wp-json\/wp\/v2\/pages\/22384\/revisions"}],"predecessor-version":[{"id":22390,"href":"https:\/\/handelsverband.swiss\/fr\/wp-json\/wp\/v2\/pages\/22384\/revisions\/22390"}],"wp:attachment":[{"href":"https:\/\/handelsverband.swiss\/fr\/wp-json\/wp\/v2\/media?parent=22384"}],"curies":[{"name":"wp","href":"https:\/\/api.w.org\/{rel}","templated":true}]}}