{"id":40825,"date":"2023-08-24T15:58:26","date_gmt":"2023-08-24T13:58:26","guid":{"rendered":"https:\/\/handelsverband.swiss\/?page_id=40825"},"modified":"2023-08-24T16:00:35","modified_gmt":"2023-08-24T14:00:35","slug":"rgpd","status":"publish","type":"page","link":"https:\/\/handelsverband.swiss\/fr\/rgpd\/","title":{"rendered":"RGPD"},"content":{"rendered":"<p><strong>Le r\u00e8glement g\u00e9n\u00e9ral sur la protection des donn\u00e9es (RGPD) est entr\u00e9 en vigueur le 24 mai 2016 et les \u00e9tats membres devaient veiller \u00e0 ce qu&#8217;il soit pleinement applicable sur leur territoire avant mai 2018. Le RGPD est d\u00e9sormais reconnu comme une loi dans toute l&#8217;Union europ\u00e9enne (UE).<\/strong><\/p>\n<p><strong>Les entreprises suisses sont \u00e9galement soumises aux dispositions du r\u00e8glement europ\u00e9en d\u00e8s lors qu&#8217;elles traitent des donn\u00e9es personnelles de citoyens europ\u00e9ens.<\/strong><\/p>\n<p>&nbsp;<\/p>\n<div class=\"plugin_cms-text\">\n<h6>COMMENT CR\u00c9ER UN REGISTRE DE TRAITEMENT &#8211; QUEL EST SON CONTENU ?<\/h6>\n<p>Les informations suivantes doivent figurer dans un registre de traitement des donn\u00e9es personnelles :<\/p>\n<ul>\n<li>Nom de l&#8217;entreprise qui effectue le contr\u00f4le, coordonn\u00e9es du responsable (pas n\u00e9cessairement le responsable de la protection des donn\u00e9es).<\/li>\n<li>Dans quel but les donn\u00e9es sont-elles trait\u00e9es ?<\/li>\n<li>Description des cat\u00e9gories de personnes concern\u00e9es (clients, employ\u00e9s&#8230;) et des cat\u00e9gories de donn\u00e9es \u00e0 caract\u00e8re personnel<\/li>\n<li>Destinataires des donn\u00e9es (prestataires de services, entreprises du groupe) dans l&#8217;UE (id\u00e9alement, faire le m\u00eame inventaire complet, y compris la Suisse et les pays hors UE)<\/li>\n<li>Transfert de donn\u00e9es vers l&#8217;UE (id\u00e9alement tous les pays.) Les services de stockage dans le nuage font \u00e9galement partie de cette cat\u00e9gorie, il suffit qu&#8217;une organisation de l&#8217;UE ou d&#8217;un pays tiers puisse y avoir acc\u00e8s.<\/li>\n<li>si elles sont disponibles : les d\u00e9lais relatifs \u00e0 l&#8217;effacement des donn\u00e9es<\/li>\n<li>Description des mesures techniques et organisationnelles pour la protection des donn\u00e9es (y compris le concept d&#8217;acc\u00e8s)<\/li>\n<\/ul>\n<\/div>\n<div class=\"plugin_cms-text\">\n<p>&nbsp;<\/p>\n<\/div>\n<div class=\"plugin_cms-text\">\n<p>&nbsp;<\/p>\n<\/div>\n<div class=\"plugin_cms-text\">\n<h5>FAQ RGPD<\/h5>\n<h4><\/h4>\n<p><strong>QUAND LE RGPD S&#8217;APPLIQUE-T-IL ?<\/strong><\/p>\n<ul>\n<li>Si le traitement des donn\u00e9es concerne des r\u00e9sidents de l&#8217;UE (pas n\u00e9cessairement des citoyens)<\/li>\n<li>Si j&#8217;ai un \u00e9tablissement dans l&#8217;UE et que des donn\u00e9es y sont trait\u00e9es. Ind\u00e9pendamment de l&#8217;origine des donn\u00e9es, peu importe donc que je traite des donn\u00e9es suisses ou allemandes\/fran\u00e7ais.<\/li>\n<li>Le RGPD s&#8217;applique \u00e9galement si vous traitez des donn\u00e9es de collaborateurs de l&#8217;UE en Suisse.<\/li>\n<li>Si je vends de la marchandise de Suisse (ou d&#8217;un autre pays tiers) \u00e0 des clients de l&#8217;UE et que le site web s&#8217;adresse \u00e9galement \u00e0 des pays \/ consommateurs de l&#8217;UE<\/li>\n<li>Une entreprise suisse mandate une entreprise de l&#8217;UE pour l&#8217;h\u00e9bergement, le stockage dans le cloud, etc. Le mandataire dans l&#8217;UE est toujours soumis au RGPD. Il n&#8217;est pas n\u00e9cessaire que le prestataire de l&#8217;UE fasse quelque chose avec les donn\u00e9es, seul le &#8220;stockage&#8221; des donn\u00e9es d\u00e9clenche l&#8217;assujettissement.<\/li>\n<\/ul>\n<p>&nbsp;<\/p>\n<p><strong>QUAND LE RGPD NE S&#8217;APPLIQUE-T-IL PAS ?<\/strong><\/p>\n<ul>\n<li>Si l&#8217;on exclut ou exclut explicitement les r\u00e9sidents \/ clients de l&#8217;UE de son site web et que l&#8217;on traite les donn\u00e9es exclusivement en Suisse.<\/li>\n<\/ul>\n<p>&nbsp;<\/p>\n<p><strong>LES COOKIES SONT-ILS CONCERN\u00c9S PAR LE RGPD ?<\/strong><\/p>\n<ul>\n<li>Une r\u00e9glementation distincte sur les cookies sera mise en place.<\/li>\n<\/ul>\n<p>&nbsp;<\/p>\n<p><strong>LE RGPD S&#8217;APPLIQUE-T-IL AUX DONN\u00c9ES B2B ?<\/strong><\/p>\n<ul>\n<li>Le RGPD s&#8217;applique si le traitement B2B concerne \u00e9galement des donn\u00e9es personnelles. Par exemple, Hans Muster, directeur marketing&#8230;<\/li>\n<li>Les donn\u00e9es d&#8217;entreprises pures ne sont pas soumises au RGPD (pas de protection des personnes morales).<\/li>\n<\/ul>\n<p>&nbsp;<\/p>\n<p><strong>LE DSGVO S&#8217;APPLIQUE-T-IL SI SEULS DES ACC\u00c8S (LECTURE\/PROGRAMMATION, ETC.) SANS TRAITEMENT SONT EFFECTU\u00c9S SUR DES DONN\u00c9ES DANS L&#8217;UE OU DES R\u00c9SIDENTS DE L&#8217;UE ?<\/strong><\/p>\n<ul>\n<li>Le simple fait qu&#8217;une entreprise de l&#8217;UE ait la possibilit\u00e9 d&#8217;acc\u00e9der \u00e0 des donn\u00e9es \u00e9quivaut d\u00e9j\u00e0 \u00e0 un &#8220;transfert de donn\u00e9es&#8221; et entra\u00eene l&#8217;assujettissement au RGPD.<\/li>\n<\/ul>\n<p>&nbsp;<\/p>\n<p><strong>EST-IL POSSIBLE DE FAIRE CIRCULER DES DONN\u00c9ES &#8220;SANS FORMALIT\u00c9S&#8221; AU SEIN D&#8217;UN GROUPE D&#8217;ENTREPRISES ?<\/strong><\/p>\n<ul>\n<li>Toutes les entreprises ind\u00e9pendantes au sein d&#8217;un groupe d&#8217;entreprises doivent \u00eatre consid\u00e9r\u00e9es comme des tiers, il n&#8217;y a pas de privil\u00e8ge de groupe. C&#8217;est pourquoi les transferts de donn\u00e9es &#8220;intra-groupe&#8221; doivent \u00e9galement \u00eatre effectu\u00e9s conform\u00e9ment aux directives du RGPD.<\/li>\n<\/ul>\n<p>&nbsp;<\/p>\n<p><strong>CONTRAT DE TRAITEMENT DES DONN\u00c9ES DE COMMANDE<\/strong><\/p>\n<ul>\n<li>Chaque client doit s&#8217;assurer qu&#8217;il existe un contrat de sous-traitance conforme et que le sous-traitant de donn\u00e9es \u00e9tabli dans l&#8217;UE s&#8217;engage \u00e0 se conformer au RGPD.<\/li>\n<\/ul>\n<p>&nbsp;<\/p>\n<p><strong>\u00c0 QUOI DOIS-JE FAIRE ATTENTION EN MATI\u00c8RE D&#8217;ENRICHISSEMENT DES DONN\u00c9ES ?<\/strong><\/p>\n<ul>\n<li>Il existe des obligations d&#8217;information \u00e9lev\u00e9es : Je dois informer le client si j&#8217;enrichis ses donn\u00e9es avec des informations &#8220;accessibles&#8221;. Je dois obtenir le consentement du consommateur.<\/li>\n<li>Sont \u00e9galement concern\u00e9s par exemple les avis de d\u00e9m\u00e9nagement de la Poste Suisse (Match, Swisscom Multisource), si ces donn\u00e9es circulent \u00e0 l&#8217;\u00e9tranger (Hosting, CRM, ERP etc.)<\/li>\n<\/ul>\n<p>&nbsp;<\/p>\n<p><strong>AI-JE BESOIN DE CONSENTEMENTS SP\u00c9CIFIQUES POUR LES CONDITIONS G\u00c9N\u00c9RALES ET LA D\u00c9CLARATION DE PROTECTION DES DONN\u00c9ES ?<\/strong><\/p>\n<ul>\n<li>En Suisse, il n&#8217;est pas n\u00e9cessaire d&#8217;obtenir deux consentements distincts. Il est toutefois recommand\u00e9 d&#8217;obtenir deux consentements, car il s&#8217;agit de deux obligations \/ accords distincts.<\/li>\n<li>Les conditions g\u00e9n\u00e9rales sont un accord contractuel bas\u00e9 sur une transaction. Cet accord peut \u00eatre adapt\u00e9 \u00e0 chaque nouvel achat. En revanche, la d\u00e9claration de protection des donn\u00e9es est une simple obligation d&#8217;information de la part du fournisseur et a normalement un effet &#8220;durable&#8221; (les donn\u00e9es sont normalement trait\u00e9es ind\u00e9pendamment d&#8217;autres transactions et utilis\u00e9es par exemple \u00e0 des fins de marketing).<\/li>\n<\/ul>\n<\/div>\n","protected":false},"excerpt":{"rendered":"<p>Le r\u00e8glement g\u00e9n\u00e9ral sur la<\/p>\n","protected":false},"author":4782,"featured_media":0,"parent":0,"menu_order":0,"comment_status":"closed","ping_status":"closed","template":"","meta":{"_acf_changed":false,"footnotes":""},"class_list":["post-40825","page","type-page","status-publish","hentry"],"acf":[],"yoast_head":"<!-- This site is optimized with the Yoast SEO plugin v27.3 - https:\/\/yoast.com\/product\/yoast-seo-wordpress\/ -->\n<title>RGPD - HANDELSVERBAND. swiss<\/title>\n<meta name=\"robots\" content=\"index, follow, max-snippet:-1, max-image-preview:large, max-video-preview:-1\" \/>\n<meta property=\"og:locale\" content=\"fr_FR\" \/>\n<meta property=\"og:type\" content=\"article\" \/>\n<meta property=\"og:title\" content=\"RGPD - HANDELSVERBAND. swiss\" \/>\n<meta property=\"og:description\" content=\"Le r\u00e8glement g\u00e9n\u00e9ral sur la\" \/>\n<meta property=\"og:url\" content=\"https:\/\/handelsverband.swiss\/fr\/rgpd\/\" \/>\n<meta property=\"og:site_name\" content=\"HANDELSVERBAND. swiss\" \/>\n<meta property=\"article:modified_time\" content=\"2023-08-24T14:00:35+00:00\" \/>\n<meta name=\"twitter:card\" content=\"summary_large_image\" \/>\n<meta name=\"twitter:label1\" content=\"Est. reading time\" \/>\n\t<meta name=\"twitter:data1\" content=\"5 minutes\" \/>\n<script type=\"application\/ld+json\" class=\"yoast-schema-graph\">{\"@context\":\"https:\\\/\\\/schema.org\",\"@graph\":[{\"@type\":\"WebPage\",\"@id\":\"https:\\\/\\\/handelsverband.swiss\\\/fr\\\/rgpd\\\/\",\"url\":\"https:\\\/\\\/handelsverband.swiss\\\/fr\\\/rgpd\\\/\",\"name\":\"RGPD - HANDELSVERBAND. swiss\",\"isPartOf\":{\"@id\":\"https:\\\/\\\/handelsverband.swiss\\\/#website\"},\"datePublished\":\"2023-08-24T13:58:26+00:00\",\"dateModified\":\"2023-08-24T14:00:35+00:00\",\"breadcrumb\":{\"@id\":\"https:\\\/\\\/handelsverband.swiss\\\/fr\\\/rgpd\\\/#breadcrumb\"},\"inLanguage\":\"fr-FR\",\"potentialAction\":[{\"@type\":\"ReadAction\",\"target\":[\"https:\\\/\\\/handelsverband.swiss\\\/fr\\\/rgpd\\\/\"]}]},{\"@type\":\"BreadcrumbList\",\"@id\":\"https:\\\/\\\/handelsverband.swiss\\\/fr\\\/rgpd\\\/#breadcrumb\",\"itemListElement\":[{\"@type\":\"ListItem\",\"position\":1,\"name\":\"Startseite\",\"item\":\"https:\\\/\\\/handelsverband.swiss\\\/fr\\\/\"},{\"@type\":\"ListItem\",\"position\":2,\"name\":\"RGPD\"}]},{\"@type\":\"WebSite\",\"@id\":\"https:\\\/\\\/handelsverband.swiss\\\/#website\",\"url\":\"https:\\\/\\\/handelsverband.swiss\\\/\",\"name\":\"HANDELSVERBAND.swiss\",\"description\":\"ASSOCIATION DE COMMERCE.swiss\",\"publisher\":{\"@id\":\"https:\\\/\\\/handelsverband.swiss\\\/#organization\"},\"potentialAction\":[{\"@type\":\"SearchAction\",\"target\":{\"@type\":\"EntryPoint\",\"urlTemplate\":\"https:\\\/\\\/handelsverband.swiss\\\/?s={search_term_string}\"},\"query-input\":{\"@type\":\"PropertyValueSpecification\",\"valueRequired\":true,\"valueName\":\"search_term_string\"}}],\"inLanguage\":\"fr-FR\"},{\"@type\":\"Organization\",\"@id\":\"https:\\\/\\\/handelsverband.swiss\\\/#organization\",\"name\":\"HANDELSVERBAND.swiss\",\"url\":\"https:\\\/\\\/handelsverband.swiss\\\/\",\"logo\":{\"@type\":\"ImageObject\",\"inLanguage\":\"fr-FR\",\"@id\":\"https:\\\/\\\/handelsverband.swiss\\\/#\\\/schema\\\/logo\\\/image\\\/\",\"url\":\"https:\\\/\\\/handelsverband.swiss\\\/wp-content\\\/uploads\\\/2020\\\/03\\\/hv_brand_rgb.png\",\"contentUrl\":\"https:\\\/\\\/handelsverband.swiss\\\/wp-content\\\/uploads\\\/2020\\\/03\\\/hv_brand_rgb.png\",\"width\":1714,\"height\":472,\"caption\":\"HANDELSVERBAND.swiss\"},\"image\":{\"@id\":\"https:\\\/\\\/handelsverband.swiss\\\/#\\\/schema\\\/logo\\\/image\\\/\"}}]}<\/script>\n<!-- \/ Yoast SEO plugin. -->","yoast_head_json":{"title":"RGPD - HANDELSVERBAND. swiss","robots":{"index":"index","follow":"follow","max-snippet":"max-snippet:-1","max-image-preview":"max-image-preview:large","max-video-preview":"max-video-preview:-1"},"og_locale":"fr_FR","og_type":"article","og_title":"RGPD - HANDELSVERBAND. swiss","og_description":"Le r\u00e8glement g\u00e9n\u00e9ral sur la","og_url":"https:\/\/handelsverband.swiss\/fr\/rgpd\/","og_site_name":"HANDELSVERBAND. swiss","article_modified_time":"2023-08-24T14:00:35+00:00","twitter_card":"summary_large_image","twitter_misc":{"Est. reading time":"5 minutes"},"schema":{"@context":"https:\/\/schema.org","@graph":[{"@type":"WebPage","@id":"https:\/\/handelsverband.swiss\/fr\/rgpd\/","url":"https:\/\/handelsverband.swiss\/fr\/rgpd\/","name":"RGPD - HANDELSVERBAND. swiss","isPartOf":{"@id":"https:\/\/handelsverband.swiss\/#website"},"datePublished":"2023-08-24T13:58:26+00:00","dateModified":"2023-08-24T14:00:35+00:00","breadcrumb":{"@id":"https:\/\/handelsverband.swiss\/fr\/rgpd\/#breadcrumb"},"inLanguage":"fr-FR","potentialAction":[{"@type":"ReadAction","target":["https:\/\/handelsverband.swiss\/fr\/rgpd\/"]}]},{"@type":"BreadcrumbList","@id":"https:\/\/handelsverband.swiss\/fr\/rgpd\/#breadcrumb","itemListElement":[{"@type":"ListItem","position":1,"name":"Startseite","item":"https:\/\/handelsverband.swiss\/fr\/"},{"@type":"ListItem","position":2,"name":"RGPD"}]},{"@type":"WebSite","@id":"https:\/\/handelsverband.swiss\/#website","url":"https:\/\/handelsverband.swiss\/","name":"HANDELSVERBAND.swiss","description":"ASSOCIATION DE COMMERCE.swiss","publisher":{"@id":"https:\/\/handelsverband.swiss\/#organization"},"potentialAction":[{"@type":"SearchAction","target":{"@type":"EntryPoint","urlTemplate":"https:\/\/handelsverband.swiss\/?s={search_term_string}"},"query-input":{"@type":"PropertyValueSpecification","valueRequired":true,"valueName":"search_term_string"}}],"inLanguage":"fr-FR"},{"@type":"Organization","@id":"https:\/\/handelsverband.swiss\/#organization","name":"HANDELSVERBAND.swiss","url":"https:\/\/handelsverband.swiss\/","logo":{"@type":"ImageObject","inLanguage":"fr-FR","@id":"https:\/\/handelsverband.swiss\/#\/schema\/logo\/image\/","url":"https:\/\/handelsverband.swiss\/wp-content\/uploads\/2020\/03\/hv_brand_rgb.png","contentUrl":"https:\/\/handelsverband.swiss\/wp-content\/uploads\/2020\/03\/hv_brand_rgb.png","width":1714,"height":472,"caption":"HANDELSVERBAND.swiss"},"image":{"@id":"https:\/\/handelsverband.swiss\/#\/schema\/logo\/image\/"}}]}},"_links":{"self":[{"href":"https:\/\/handelsverband.swiss\/fr\/wp-json\/wp\/v2\/pages\/40825","targetHints":{"allow":["GET"]}}],"collection":[{"href":"https:\/\/handelsverband.swiss\/fr\/wp-json\/wp\/v2\/pages"}],"about":[{"href":"https:\/\/handelsverband.swiss\/fr\/wp-json\/wp\/v2\/types\/page"}],"author":[{"embeddable":true,"href":"https:\/\/handelsverband.swiss\/fr\/wp-json\/wp\/v2\/users\/4782"}],"replies":[{"embeddable":true,"href":"https:\/\/handelsverband.swiss\/fr\/wp-json\/wp\/v2\/comments?post=40825"}],"version-history":[{"count":7,"href":"https:\/\/handelsverband.swiss\/fr\/wp-json\/wp\/v2\/pages\/40825\/revisions"}],"predecessor-version":[{"id":40862,"href":"https:\/\/handelsverband.swiss\/fr\/wp-json\/wp\/v2\/pages\/40825\/revisions\/40862"}],"wp:attachment":[{"href":"https:\/\/handelsverband.swiss\/fr\/wp-json\/wp\/v2\/media?parent=40825"}],"curies":[{"name":"wp","href":"https:\/\/api.w.org\/{rel}","templated":true}]}}