{"id":47970,"date":"2024-04-09T18:13:33","date_gmt":"2024-04-09T16:13:33","guid":{"rendered":"https:\/\/handelsverband.swiss\/?page_id=47970"},"modified":"2024-04-09T18:35:45","modified_gmt":"2024-04-09T16:35:45","slug":"google-atelier-digital","status":"publish","type":"page","link":"https:\/\/handelsverband.swiss\/fr\/google-atelier-digital\/","title":{"rendered":"Google Atelier Digital"},"content":{"rendered":"<h3>Cours en ligne chez Google<\/h3>\n<p>Que vous souhaitiez booster la croissance de votre entreprise ou faire \u00e9voluer votre carri\u00e8re, les cours en ligne de l&#8217;Atelier num\u00e9rique de Google vous permettront de trouver le contenu qui vous convient.<\/p>\n<p>Les cat\u00e9gories de cours sont les suivantes : donn\u00e9es et technologie, marketing en ligne et d\u00e9veloppement professionnel. Vous pouvez choisir des modules individuels ou vous lancer imm\u00e9diatement avec un cours complet. Gr\u00e2ce \u00e0 des vid\u00e9os explicatives et \u00e0 un petit quiz apr\u00e8s chaque module, vous avez acc\u00e8s aux cours 24 heures sur 24 et 7 jours sur 7 et pouvez ainsi vous fixer vous-m\u00eame votre cadence. \u00c0 la fin, il y a une certification officielle de Google ET c&#8217;est gratuit. Commencez d\u00e8s aujourd&#8217;hui !<\/p>\n<p>&nbsp;<\/p>\n<p class=\"u-headingpage--activity activityheading__name\"><strong><a href=\"https:\/\/skillshop.exceedlms.com\/\/student\/collection\/789202-digital-marketing\" target=\"_blank\" rel=\"noopener\">Les principes fondamentaux du marketing num\u00e9rique<\/a><\/strong><br \/>\nD\u00e9couvrez les principes de base du marketing num\u00e9rique, et d\u00e9veloppez votre activit\u00e9 ou carri\u00e8re.<\/p>\n<p class=\"u-headingpage--activity activityheading__name\"><strong><a href=\"https:\/\/skillshop.exceedlms.com\/\/student\/collection\/744190-business-online\" target=\"_blank\" rel=\"noopener\">Lancez une activit\u00e9 en ligne<br \/>\n<\/a><\/strong>D\u00e9couvrez comment assurer votre pr\u00e9sence sur le Web, r\u00e9aliser des ventes en ligne et vous prot\u00e9ger du piratage.<\/p>\n<p class=\"u-headingpage--activity activityheading__name\"><strong><a href=\"https:\/\/skillshop.exceedlms.com\/\/student\/collection\/736639-become-searchable-online\" target=\"_blank\" rel=\"noopener\">Aidez les utilisateurs \u00e0 trouver votre entreprise en ligne<br \/>\n<\/a><\/strong>D\u00e9couvrez comment mesurer l\u2019impact de votre marketing en ligne et obtenir de meilleurs r\u00e9sultats gr\u00e2ce \u00e0 l\u2019analyse d\u2019audience Internet.<\/p>\n<p class=\"u-headingpage--activity activityheading__name\"><strong><a href=\"https:\/\/skillshop.exceedlms.com\/\/student\/collection\/750582-promote-with-content\" target=\"_blank\" rel=\"noopener\">Faites la promotion de votre entreprise gr\u00e2ce \u00e0 la publicit\u00e9 en ligne<\/a><br \/>\n<\/strong>D\u00e9couvrez comment toucher davantage de clients gr\u00e2ce aux moteurs de recherche et \u00e0 la publicit\u00e9 en ligne.<\/p>\n<p class=\"u-headingpage--activity activityheading__name\"><a href=\"https:\/\/skillshop.exceedlms.com\/\/student\/collection\/731791-expand-internationally\" target=\"_blank\" rel=\"noopener\"><strong>D\u00e9veloppez votre activit\u00e9 \u00e0 l\u2019\u00e9tranger<\/strong><\/a><br \/>\nD\u00e9couvrez comment am\u00e9liorer votre confiance en vous et votre pouvoir de persuasion en parlant de vos r\u00e9ussites.<strong><br \/>\n<\/strong><\/p>\n<p class=\"u-headingpage--activity activityheading__name\"><a href=\"https:\/\/skillshop.exceedlms.com\/\/student\/collection\/755229-connect-with-mobile\" target=\"_blank\" rel=\"noopener\"><strong>Touchez votre audience sur mobile<\/strong><\/a><br \/>\nD\u00e9veloppez votre pr\u00e9sence en ligne et touchez de nouveaux clients sur leur mobile.<\/p>\n<p><a href=\"https:\/\/skillshop.exceedlms.com\/\/student\/collection\/750582-promote-with-content\" target=\"_blank\" rel=\"noopener\"><strong>Faites la promotion de votre entreprise \u00e0 l\u2019aide de contenus<\/strong><\/a><br \/>\nD\u00e9couvrez comment \u00e9laborer votre strat\u00e9gie marketing et attirer les bons clients gr\u00e2ce aux outils en ligne.<\/p>\n<p><a href=\"https:\/\/skillshop.exceedlms.com\/\/student\/collection\/740534-self-promotion\" target=\"_blank\" rel=\"noopener\"><strong>Renforcez la confiance en vous gr\u00e2ce \u00e0 l\u2019autopromotion<\/strong><\/a><br \/>\nSteigern Sie Ihr Selbstvertrauen und Ihre \u00dcberzeugungskraft, indem Sie \u00fcber Ihre Leistungen sprechen.<\/p>\n<p class=\"u-headingpage--activity activityheading__name\"><strong><a href=\"https:\/\/skillshop.exceedlms.com\/\/student\/collection\/748345-prepare-for-new-job\" target=\"_blank\" rel=\"noopener\">D\u00e9crochez un nouvel emploi<\/a><br \/>\n<\/strong>D\u00e9couvrez comment prendre en main votre carri\u00e8re, d\u00e9crocher un emploi ou d\u00e9velopper votre entreprise gr\u00e2ce au d\u00e9veloppement de votre r\u00e9seau.<\/p>\n<p class=\"u-headingpage--activity activityheading__name\"><strong><a href=\"https:\/\/skillshop.exceedlms.com\/\/student\/collection\/724569-basics-code\" target=\"_blank\" rel=\"noopener\">Apprenez les principes de base du code<\/a><br \/>\n<\/strong>Dans ce cours d&#8217;introduction, vous d\u00e9couvrirez le fonctionnement du code, les possibilit\u00e9s offertes par les diff\u00e9rents langages et tous les avantages que vous pouvez en tirer.<strong><br \/>\n<\/strong><\/p>\n<p class=\"u-headingpage--activity activityheading__name\"><a href=\"https:\/\/skillshop.exceedlms.com\/\/student\/collection\/753223-increase-productivity\" target=\"_blank\" rel=\"noopener\"><strong>Augmentez votre productivit\u00e9 au travail<\/strong><\/a><br \/>\nApprenez \u00e0 mieux g\u00e9rer votre temps et d\u00e9couvrez comment am\u00e9liorer votre efficacit\u00e9 en d\u00e9l\u00e9guant des t\u00e2ches et en \u00e9tablissant des ordres de priorit\u00e9.<\/p>\n<p class=\"u-headingpage--activity activityheading__name\"><a href=\"https:\/\/skillshop.exceedlms.com\/\/student\/collection\/742569-machine-learning-basics\" target=\"_blank\" rel=\"noopener\"><strong>D\u00e9couvrez les principes de base du machine learning<\/strong><\/a><br \/>\nAu travers d&#8217;exemples, d\u00e9couvrez comment le machine learning (apprentissage automatique) contribue \u00e0 am\u00e9liorer la vie au quotidien et \u00e0 acc\u00e9l\u00e9rer la croissance des entreprises.<\/p>\n<p class=\"u-headingpage--activity activityheading__name\"><a href=\"https:\/\/skillshop.exceedlms.com\/\/student\/collection\/766778-improve-online-security\" target=\"_blank\" rel=\"noopener\"><strong>Am\u00e9liorez la s\u00e9curit\u00e9 de votre activit\u00e9 en ligne<\/strong><\/a><br \/>\nD\u00e9couvrez les principes fondamentaux de la s\u00e9curit\u00e9 en ligne, et comment les appliquer \u00e0 vous et \u00e0 votre entreprise.<\/p>\n<p><img loading=\"lazy\" decoding=\"async\" class=\" wp-image-14516 aligncenter\" src=\"https:\/\/handelsverband.swiss\/wp-content\/uploads\/2018\/12\/google-atelier-digital-300x158.jpg\" alt=\"\" width=\"468\" height=\"248\" srcset=\"https:\/\/handelsverband.swiss\/wp-content\/uploads\/2018\/12\/google-atelier-digital-300x158.jpg 300w, https:\/\/handelsverband.swiss\/wp-content\/uploads\/2018\/12\/google-atelier-digital.jpg 720w\" sizes=\"auto, (max-width: 468px) 100vw, 468px\" \/><\/p>\n","protected":false},"excerpt":{"rendered":"<p>Cours en ligne chez Google<\/p>\n","protected":false},"author":4782,"featured_media":0,"parent":0,"menu_order":0,"comment_status":"closed","ping_status":"closed","template":"","meta":{"_acf_changed":false,"footnotes":""},"class_list":["post-47970","page","type-page","status-publish","hentry"],"acf":[],"yoast_head":"<!-- This site is optimized with the Yoast SEO plugin v27.4 - https:\/\/yoast.com\/product\/yoast-seo-wordpress\/ -->\n<title>Google Atelier Digital - HANDELSVERBAND. swiss<\/title>\n<meta name=\"robots\" content=\"index, follow, max-snippet:-1, max-image-preview:large, max-video-preview:-1\" \/>\n<meta property=\"og:locale\" content=\"fr_FR\" \/>\n<meta property=\"og:type\" content=\"article\" \/>\n<meta property=\"og:title\" content=\"Google Atelier Digital - HANDELSVERBAND. swiss\" \/>\n<meta property=\"og:description\" content=\"Cours en ligne chez Google\" \/>\n<meta property=\"og:url\" content=\"https:\/\/handelsverband.swiss\/fr\/google-atelier-digital\/\" \/>\n<meta property=\"og:site_name\" content=\"HANDELSVERBAND. swiss\" \/>\n<meta property=\"article:modified_time\" content=\"2024-04-09T16:35:45+00:00\" \/>\n<meta property=\"og:image\" content=\"https:\/\/handelsverband.swiss\/wp-content\/uploads\/2018\/12\/google-atelier-digital-300x158.jpg\" \/>\n<meta name=\"twitter:card\" content=\"summary_large_image\" \/>\n<meta name=\"twitter:label1\" content=\"Est. reading time\" \/>\n\t<meta name=\"twitter:data1\" content=\"3 minutes\" \/>\n<script type=\"application\/ld+json\" class=\"yoast-schema-graph\">{\"@context\":\"https:\\\/\\\/schema.org\",\"@graph\":[{\"@type\":\"WebPage\",\"@id\":\"https:\\\/\\\/handelsverband.swiss\\\/fr\\\/google-atelier-digital\\\/\",\"url\":\"https:\\\/\\\/handelsverband.swiss\\\/fr\\\/google-atelier-digital\\\/\",\"name\":\"Google Atelier Digital - HANDELSVERBAND. swiss\",\"isPartOf\":{\"@id\":\"https:\\\/\\\/handelsverband.swiss\\\/#website\"},\"primaryImageOfPage\":{\"@id\":\"https:\\\/\\\/handelsverband.swiss\\\/fr\\\/google-atelier-digital\\\/#primaryimage\"},\"image\":{\"@id\":\"https:\\\/\\\/handelsverband.swiss\\\/fr\\\/google-atelier-digital\\\/#primaryimage\"},\"thumbnailUrl\":\"https:\\\/\\\/handelsverband.swiss\\\/wp-content\\\/uploads\\\/2018\\\/12\\\/google-atelier-digital-300x158.jpg\",\"datePublished\":\"2024-04-09T16:13:33+00:00\",\"dateModified\":\"2024-04-09T16:35:45+00:00\",\"breadcrumb\":{\"@id\":\"https:\\\/\\\/handelsverband.swiss\\\/fr\\\/google-atelier-digital\\\/#breadcrumb\"},\"inLanguage\":\"fr-FR\",\"potentialAction\":[{\"@type\":\"ReadAction\",\"target\":[\"https:\\\/\\\/handelsverband.swiss\\\/fr\\\/google-atelier-digital\\\/\"]}]},{\"@type\":\"ImageObject\",\"inLanguage\":\"fr-FR\",\"@id\":\"https:\\\/\\\/handelsverband.swiss\\\/fr\\\/google-atelier-digital\\\/#primaryimage\",\"url\":\"https:\\\/\\\/handelsverband.swiss\\\/wp-content\\\/uploads\\\/2018\\\/12\\\/google-atelier-digital-300x158.jpg\",\"contentUrl\":\"https:\\\/\\\/handelsverband.swiss\\\/wp-content\\\/uploads\\\/2018\\\/12\\\/google-atelier-digital-300x158.jpg\"},{\"@type\":\"BreadcrumbList\",\"@id\":\"https:\\\/\\\/handelsverband.swiss\\\/fr\\\/google-atelier-digital\\\/#breadcrumb\",\"itemListElement\":[{\"@type\":\"ListItem\",\"position\":1,\"name\":\"Startseite\",\"item\":\"https:\\\/\\\/handelsverband.swiss\\\/fr\\\/\"},{\"@type\":\"ListItem\",\"position\":2,\"name\":\"Google Atelier Digital\"}]},{\"@type\":\"WebSite\",\"@id\":\"https:\\\/\\\/handelsverband.swiss\\\/#website\",\"url\":\"https:\\\/\\\/handelsverband.swiss\\\/\",\"name\":\"HANDELSVERBAND.swiss\",\"description\":\"ASSOCIATION DE COMMERCE.swiss\",\"publisher\":{\"@id\":\"https:\\\/\\\/handelsverband.swiss\\\/#organization\"},\"potentialAction\":[{\"@type\":\"SearchAction\",\"target\":{\"@type\":\"EntryPoint\",\"urlTemplate\":\"https:\\\/\\\/handelsverband.swiss\\\/?s={search_term_string}\"},\"query-input\":{\"@type\":\"PropertyValueSpecification\",\"valueRequired\":true,\"valueName\":\"search_term_string\"}}],\"inLanguage\":\"fr-FR\"},{\"@type\":\"Organization\",\"@id\":\"https:\\\/\\\/handelsverband.swiss\\\/#organization\",\"name\":\"HANDELSVERBAND.swiss\",\"url\":\"https:\\\/\\\/handelsverband.swiss\\\/\",\"logo\":{\"@type\":\"ImageObject\",\"inLanguage\":\"fr-FR\",\"@id\":\"https:\\\/\\\/handelsverband.swiss\\\/#\\\/schema\\\/logo\\\/image\\\/\",\"url\":\"https:\\\/\\\/handelsverband.swiss\\\/wp-content\\\/uploads\\\/2020\\\/03\\\/hv_brand_rgb.png\",\"contentUrl\":\"https:\\\/\\\/handelsverband.swiss\\\/wp-content\\\/uploads\\\/2020\\\/03\\\/hv_brand_rgb.png\",\"width\":1714,\"height\":472,\"caption\":\"HANDELSVERBAND.swiss\"},\"image\":{\"@id\":\"https:\\\/\\\/handelsverband.swiss\\\/#\\\/schema\\\/logo\\\/image\\\/\"}}]}<\/script>\n<!-- \/ Yoast SEO plugin. -->","yoast_head_json":{"title":"Google Atelier Digital - HANDELSVERBAND. swiss","robots":{"index":"index","follow":"follow","max-snippet":"max-snippet:-1","max-image-preview":"max-image-preview:large","max-video-preview":"max-video-preview:-1"},"og_locale":"fr_FR","og_type":"article","og_title":"Google Atelier Digital - HANDELSVERBAND. swiss","og_description":"Cours en ligne chez Google","og_url":"https:\/\/handelsverband.swiss\/fr\/google-atelier-digital\/","og_site_name":"HANDELSVERBAND. swiss","article_modified_time":"2024-04-09T16:35:45+00:00","og_image":[{"url":"https:\/\/handelsverband.swiss\/wp-content\/uploads\/2018\/12\/google-atelier-digital-300x158.jpg","type":"","width":"","height":""}],"twitter_card":"summary_large_image","twitter_misc":{"Est. reading time":"3 minutes"},"schema":{"@context":"https:\/\/schema.org","@graph":[{"@type":"WebPage","@id":"https:\/\/handelsverband.swiss\/fr\/google-atelier-digital\/","url":"https:\/\/handelsverband.swiss\/fr\/google-atelier-digital\/","name":"Google Atelier Digital - HANDELSVERBAND. swiss","isPartOf":{"@id":"https:\/\/handelsverband.swiss\/#website"},"primaryImageOfPage":{"@id":"https:\/\/handelsverband.swiss\/fr\/google-atelier-digital\/#primaryimage"},"image":{"@id":"https:\/\/handelsverband.swiss\/fr\/google-atelier-digital\/#primaryimage"},"thumbnailUrl":"https:\/\/handelsverband.swiss\/wp-content\/uploads\/2018\/12\/google-atelier-digital-300x158.jpg","datePublished":"2024-04-09T16:13:33+00:00","dateModified":"2024-04-09T16:35:45+00:00","breadcrumb":{"@id":"https:\/\/handelsverband.swiss\/fr\/google-atelier-digital\/#breadcrumb"},"inLanguage":"fr-FR","potentialAction":[{"@type":"ReadAction","target":["https:\/\/handelsverband.swiss\/fr\/google-atelier-digital\/"]}]},{"@type":"ImageObject","inLanguage":"fr-FR","@id":"https:\/\/handelsverband.swiss\/fr\/google-atelier-digital\/#primaryimage","url":"https:\/\/handelsverband.swiss\/wp-content\/uploads\/2018\/12\/google-atelier-digital-300x158.jpg","contentUrl":"https:\/\/handelsverband.swiss\/wp-content\/uploads\/2018\/12\/google-atelier-digital-300x158.jpg"},{"@type":"BreadcrumbList","@id":"https:\/\/handelsverband.swiss\/fr\/google-atelier-digital\/#breadcrumb","itemListElement":[{"@type":"ListItem","position":1,"name":"Startseite","item":"https:\/\/handelsverband.swiss\/fr\/"},{"@type":"ListItem","position":2,"name":"Google Atelier Digital"}]},{"@type":"WebSite","@id":"https:\/\/handelsverband.swiss\/#website","url":"https:\/\/handelsverband.swiss\/","name":"HANDELSVERBAND.swiss","description":"ASSOCIATION DE COMMERCE.swiss","publisher":{"@id":"https:\/\/handelsverband.swiss\/#organization"},"potentialAction":[{"@type":"SearchAction","target":{"@type":"EntryPoint","urlTemplate":"https:\/\/handelsverband.swiss\/?s={search_term_string}"},"query-input":{"@type":"PropertyValueSpecification","valueRequired":true,"valueName":"search_term_string"}}],"inLanguage":"fr-FR"},{"@type":"Organization","@id":"https:\/\/handelsverband.swiss\/#organization","name":"HANDELSVERBAND.swiss","url":"https:\/\/handelsverband.swiss\/","logo":{"@type":"ImageObject","inLanguage":"fr-FR","@id":"https:\/\/handelsverband.swiss\/#\/schema\/logo\/image\/","url":"https:\/\/handelsverband.swiss\/wp-content\/uploads\/2020\/03\/hv_brand_rgb.png","contentUrl":"https:\/\/handelsverband.swiss\/wp-content\/uploads\/2020\/03\/hv_brand_rgb.png","width":1714,"height":472,"caption":"HANDELSVERBAND.swiss"},"image":{"@id":"https:\/\/handelsverband.swiss\/#\/schema\/logo\/image\/"}}]}},"_links":{"self":[{"href":"https:\/\/handelsverband.swiss\/fr\/wp-json\/wp\/v2\/pages\/47970","targetHints":{"allow":["GET"]}}],"collection":[{"href":"https:\/\/handelsverband.swiss\/fr\/wp-json\/wp\/v2\/pages"}],"about":[{"href":"https:\/\/handelsverband.swiss\/fr\/wp-json\/wp\/v2\/types\/page"}],"author":[{"embeddable":true,"href":"https:\/\/handelsverband.swiss\/fr\/wp-json\/wp\/v2\/users\/4782"}],"replies":[{"embeddable":true,"href":"https:\/\/handelsverband.swiss\/fr\/wp-json\/wp\/v2\/comments?post=47970"}],"version-history":[{"count":6,"href":"https:\/\/handelsverband.swiss\/fr\/wp-json\/wp\/v2\/pages\/47970\/revisions"}],"predecessor-version":[{"id":47975,"href":"https:\/\/handelsverband.swiss\/fr\/wp-json\/wp\/v2\/pages\/47970\/revisions\/47975"}],"wp:attachment":[{"href":"https:\/\/handelsverband.swiss\/fr\/wp-json\/wp\/v2\/media?parent=47970"}],"curies":[{"name":"wp","href":"https:\/\/api.w.org\/{rel}","templated":true}]}}