{"id":60772,"date":"2026-04-13T17:55:18","date_gmt":"2026-04-13T15:55:18","guid":{"rendered":"https:\/\/handelsverband.swiss\/?page_id=60772"},"modified":"2026-04-13T17:56:16","modified_gmt":"2026-04-13T15:56:16","slug":"actualites-politiques","status":"publish","type":"page","link":"https:\/\/handelsverband.swiss\/fr\/actualites-politiques\/","title":{"rendered":"Actualit\u00e9s politiques"},"content":{"rendered":"<div class=\"flex flex-col text-sm pb-25\">\n<section class=\"text-token-text-primary w-full focus:outline-none [--shadow-height:45px] has-data-writing-block:pointer-events-none has-data-writing-block:-mt-(--shadow-height) has-data-writing-block:pt-(--shadow-height) [&amp;:has([data-writing-block])&gt;*]:pointer-events-auto scroll-mt-[calc(var(--header-height)+min(200px,max(70px,20svh)))]\" dir=\"auto\" data-turn-id=\"request-WEB:002a4d8f-28df-491e-8b2b-34ff2ca5baea-20\" data-testid=\"conversation-turn-4\" data-scroll-anchor=\"true\" data-turn=\"assistant\">\n<div class=\"text-base my-auto mx-auto pb-10 [--thread-content-margin:var(--thread-content-margin-xs,calc(var(--spacing)*4))] @w-sm\/main:[--thread-content-margin:var(--thread-content-margin-sm,calc(var(--spacing)*6))] @w-lg\/main:[--thread-content-margin:var(--thread-content-margin-lg,calc(var(--spacing)*16))] px-(--thread-content-margin)\">\n<div class=\"[--thread-content-max-width:40rem] @w-lg\/main:[--thread-content-max-width:48rem] mx-auto max-w-(--thread-content-max-width) flex-1 group\/turn-messages focus-visible:outline-hidden relative flex w-full min-w-0 flex-col agent-turn\">\n<div class=\"flex max-w-full flex-col gap-4 grow\">\n<div class=\"min-h-8 text-message relative flex w-full flex-col items-end gap-2 text-start break-words whitespace-normal outline-none keyboard-focused:focus-ring [.text-message+&amp;]:mt-1\" dir=\"auto\" tabindex=\"0\" data-message-author-role=\"assistant\" data-message-id=\"57adb788-1c03-431a-a0c5-38a54548220b\" data-message-model-slug=\"gpt-5-3\" data-turn-start-message=\"true\">\n<div class=\"flex w-full flex-col gap-1 empty:hidden\">\n<div class=\"markdown prose dark:prose-invert w-full wrap-break-word light markdown-new-styling\">\n<p>En tant qu&#8217;association, nous suivons de pr\u00e8s les \u00e9volutions politiques qui concernent nos membres et notre secteur. Dans nos news, nous vous informons des th\u00e8mes et d\u00e9cisions politiques pertinents, ainsi que des initiatives politiques.<\/p>\n<p>D\u00e9couvrez nos derniers articles et restez inform\u00e9 :<\/p>\n<ul>\n<li data-start=\"811\" data-end=\"936\">30.03.2026 &#8211; <a href=\"https:\/\/handelsverband.swiss\/fr\/news\/etape-importante-pour-un-commerce-en-ligne-equitable-interventions-au-conseil-national\/\" target=\"_blank\" rel=\"noopener\">\u00c9tape importante pour un commerce en ligne \u00e9quitable \u2013 Interventions au<br \/>\n<\/a><a href=\"https:\/\/handelsverband.swiss\/fr\/news\/des-regles-equitables-et-une-veritable-protection-des-consommateurs-aussi-pour-les-plateformes-en-ligne-etrangeres\/\" target=\"_blank\" rel=\"noopener\">.\u00a0 \u00a0 \u00a0 \u00a0 \u00a0 \u00a0 \u00a0 \u00a0 \u00a0 \u00a0 \u00a0 \u00a0<\/a><a href=\"https:\/\/handelsverband.swiss\/fr\/news\/etape-importante-pour-un-commerce-en-ligne-equitable-interventions-au-conseil-national\/\" target=\"_blank\" rel=\"noopener\">Conseil national<\/a><\/li>\n<li data-start=\"811\" data-end=\"936\">09.03.2026 &#8211; <a href=\"https:\/\/handelsverband.swiss\/fr\/news\/plus-de-transparence-dans-lespace-numerique-mais-sans-desavantages-commerciaux\/\" target=\"_blank\" rel=\"noopener\">Plus de transparence dans l\u2019espace num\u00e9rique \u2013 mais sans d\u00e9savantages<br \/>\n<\/a><a href=\"https:\/\/handelsverband.swiss\/fr\/news\/des-regles-equitables-et-une-veritable-protection-des-consommateurs-aussi-pour-les-plateformes-en-ligne-etrangeres\/\" target=\"_blank\" rel=\"noopener\">.\u00a0 \u00a0 \u00a0 \u00a0 \u00a0 \u00a0 \u00a0 \u00a0 \u00a0 \u00a0 \u00a0 \u00a0<\/a><a href=\"https:\/\/handelsverband.swiss\/fr\/news\/plus-de-transparence-dans-lespace-numerique-mais-sans-desavantages-commerciaux\/\" target=\"_blank\" rel=\"noopener\">commerciaux<\/a><\/li>\n<li data-start=\"811\" data-end=\"936\">19.01.2026 &#8211; <a href=\"https:\/\/handelsverband.swiss\/fr\/news\/plateformes-en-ligne-etrangeres-bonne-avance-mais-pas-encore-au-bout-du-chemin\/\" target=\"_blank\" rel=\"noopener\">Plateformes en ligne \u00e9trang\u00e8res : bonne avanc\u00e9, mais encore pas au bout<br \/>\n<\/a><a href=\"https:\/\/handelsverband.swiss\/fr\/news\/des-regles-equitables-et-une-veritable-protection-des-consommateurs-aussi-pour-les-plateformes-en-ligne-etrangeres\/\" target=\"_blank\" rel=\"noopener\">.\u00a0 \u00a0 \u00a0 \u00a0 \u00a0 \u00a0 \u00a0 \u00a0 \u00a0 \u00a0 \u00a0 \u00a0<\/a><a href=\"https:\/\/handelsverband.swiss\/fr\/news\/plateformes-en-ligne-etrangeres-bonne-avance-mais-pas-encore-au-bout-du-chemin\/\" target=\"_blank\" rel=\"noopener\">du chemin<\/a><\/li>\n<li data-start=\"811\" data-end=\"936\">18.10.2026 &#8211; <a href=\"https:\/\/handelsverband.swiss\/fr\/news\/des-regles-equitables-et-une-veritable-protection-des-consommateurs-aussi-pour-les-plateformes-en-ligne-etrangeres\/\" target=\"_blank\" rel=\"noopener\">Des r\u00e8gles \u00e9quitables et une v\u00e9ritable protection des consommateurs \u2013<br \/>\n.\u00a0 \u00a0 \u00a0 \u00a0 \u00a0 \u00a0 \u00a0 \u00a0 \u00a0 \u00a0 \u00a0 \u00a0aussi pour les plateformes en ligne \u00e9trang\u00e8res<\/a><\/li>\n<\/ul>\n<\/div>\n<div class=\"markdown prose dark:prose-invert w-full wrap-break-word light markdown-new-styling\">\n<p data-start=\"811\" data-end=\"936\" data-is-last-node=\"\" data-is-only-node=\"\">\n<\/div>\n<\/div>\n<\/div>\n<\/div>\n<div class=\"z-0 flex min-h-[46px] justify-start\"><\/div>\n<div class=\"mt-3 w-full empty:hidden\">\n<div class=\"text-center\"><\/div>\n<\/div>\n<\/div>\n<\/div>\n<\/section>\n<\/div>\n<div class=\"pointer-events-none h-px w-px absolute bottom-0\" aria-hidden=\"true\" data-edge=\"true\"><\/div>\n","protected":false},"excerpt":{"rendered":"<p>En tant qu&#8217;association, nous suivons<\/p>\n","protected":false},"author":4578,"featured_media":0,"parent":0,"menu_order":0,"comment_status":"closed","ping_status":"closed","template":"","meta":{"_acf_changed":false,"footnotes":""},"class_list":["post-60772","page","type-page","status-publish","hentry"],"acf":[],"yoast_head":"<!-- This site is optimized with the Yoast SEO plugin v27.5 - https:\/\/yoast.com\/product\/yoast-seo-wordpress\/ -->\n<title>Actualit\u00e9s politiques - HANDELSVERBAND. swiss<\/title>\n<meta name=\"robots\" content=\"index, follow, max-snippet:-1, max-image-preview:large, max-video-preview:-1\" \/>\n<meta property=\"og:locale\" content=\"fr_FR\" \/>\n<meta property=\"og:type\" content=\"article\" \/>\n<meta property=\"og:title\" content=\"Actualit\u00e9s politiques - HANDELSVERBAND. swiss\" \/>\n<meta property=\"og:description\" content=\"En tant qu&#8217;association, nous suivons\" \/>\n<meta property=\"og:url\" content=\"https:\/\/handelsverband.swiss\/fr\/actualites-politiques\/\" \/>\n<meta property=\"og:site_name\" content=\"HANDELSVERBAND. swiss\" \/>\n<meta property=\"article:modified_time\" content=\"2026-04-13T15:56:16+00:00\" \/>\n<meta name=\"twitter:card\" content=\"summary_large_image\" \/>\n<meta name=\"twitter:label1\" content=\"Est. reading time\" \/>\n\t<meta name=\"twitter:data1\" content=\"1 minute\" \/>\n<script type=\"application\/ld+json\" class=\"yoast-schema-graph\">{\"@context\":\"https:\\\/\\\/schema.org\",\"@graph\":[{\"@type\":\"WebPage\",\"@id\":\"https:\\\/\\\/handelsverband.swiss\\\/fr\\\/actualites-politiques\\\/\",\"url\":\"https:\\\/\\\/handelsverband.swiss\\\/fr\\\/actualites-politiques\\\/\",\"name\":\"Actualit\u00e9s politiques - HANDELSVERBAND. swiss\",\"isPartOf\":{\"@id\":\"https:\\\/\\\/handelsverband.swiss\\\/#website\"},\"datePublished\":\"2026-04-13T15:55:18+00:00\",\"dateModified\":\"2026-04-13T15:56:16+00:00\",\"breadcrumb\":{\"@id\":\"https:\\\/\\\/handelsverband.swiss\\\/fr\\\/actualites-politiques\\\/#breadcrumb\"},\"inLanguage\":\"fr-FR\",\"potentialAction\":[{\"@type\":\"ReadAction\",\"target\":[\"https:\\\/\\\/handelsverband.swiss\\\/fr\\\/actualites-politiques\\\/\"]}]},{\"@type\":\"BreadcrumbList\",\"@id\":\"https:\\\/\\\/handelsverband.swiss\\\/fr\\\/actualites-politiques\\\/#breadcrumb\",\"itemListElement\":[{\"@type\":\"ListItem\",\"position\":1,\"name\":\"Startseite\",\"item\":\"https:\\\/\\\/handelsverband.swiss\\\/fr\\\/\"},{\"@type\":\"ListItem\",\"position\":2,\"name\":\"Actualit\u00e9s politiques\"}]},{\"@type\":\"WebSite\",\"@id\":\"https:\\\/\\\/handelsverband.swiss\\\/#website\",\"url\":\"https:\\\/\\\/handelsverband.swiss\\\/\",\"name\":\"HANDELSVERBAND.swiss\",\"description\":\"ASSOCIATION DE COMMERCE.swiss\",\"publisher\":{\"@id\":\"https:\\\/\\\/handelsverband.swiss\\\/#organization\"},\"potentialAction\":[{\"@type\":\"SearchAction\",\"target\":{\"@type\":\"EntryPoint\",\"urlTemplate\":\"https:\\\/\\\/handelsverband.swiss\\\/?s={search_term_string}\"},\"query-input\":{\"@type\":\"PropertyValueSpecification\",\"valueRequired\":true,\"valueName\":\"search_term_string\"}}],\"inLanguage\":\"fr-FR\"},{\"@type\":\"Organization\",\"@id\":\"https:\\\/\\\/handelsverband.swiss\\\/#organization\",\"name\":\"HANDELSVERBAND.swiss\",\"url\":\"https:\\\/\\\/handelsverband.swiss\\\/\",\"logo\":{\"@type\":\"ImageObject\",\"inLanguage\":\"fr-FR\",\"@id\":\"https:\\\/\\\/handelsverband.swiss\\\/#\\\/schema\\\/logo\\\/image\\\/\",\"url\":\"https:\\\/\\\/handelsverband.swiss\\\/wp-content\\\/uploads\\\/2020\\\/03\\\/hv_brand_rgb.png\",\"contentUrl\":\"https:\\\/\\\/handelsverband.swiss\\\/wp-content\\\/uploads\\\/2020\\\/03\\\/hv_brand_rgb.png\",\"width\":1714,\"height\":472,\"caption\":\"HANDELSVERBAND.swiss\"},\"image\":{\"@id\":\"https:\\\/\\\/handelsverband.swiss\\\/#\\\/schema\\\/logo\\\/image\\\/\"}}]}<\/script>\n<!-- \/ Yoast SEO plugin. -->","yoast_head_json":{"title":"Actualit\u00e9s politiques - HANDELSVERBAND. swiss","robots":{"index":"index","follow":"follow","max-snippet":"max-snippet:-1","max-image-preview":"max-image-preview:large","max-video-preview":"max-video-preview:-1"},"og_locale":"fr_FR","og_type":"article","og_title":"Actualit\u00e9s politiques - HANDELSVERBAND. swiss","og_description":"En tant qu&#8217;association, nous suivons","og_url":"https:\/\/handelsverband.swiss\/fr\/actualites-politiques\/","og_site_name":"HANDELSVERBAND. swiss","article_modified_time":"2026-04-13T15:56:16+00:00","twitter_card":"summary_large_image","twitter_misc":{"Est. reading time":"1 minute"},"schema":{"@context":"https:\/\/schema.org","@graph":[{"@type":"WebPage","@id":"https:\/\/handelsverband.swiss\/fr\/actualites-politiques\/","url":"https:\/\/handelsverband.swiss\/fr\/actualites-politiques\/","name":"Actualit\u00e9s politiques - HANDELSVERBAND. swiss","isPartOf":{"@id":"https:\/\/handelsverband.swiss\/#website"},"datePublished":"2026-04-13T15:55:18+00:00","dateModified":"2026-04-13T15:56:16+00:00","breadcrumb":{"@id":"https:\/\/handelsverband.swiss\/fr\/actualites-politiques\/#breadcrumb"},"inLanguage":"fr-FR","potentialAction":[{"@type":"ReadAction","target":["https:\/\/handelsverband.swiss\/fr\/actualites-politiques\/"]}]},{"@type":"BreadcrumbList","@id":"https:\/\/handelsverband.swiss\/fr\/actualites-politiques\/#breadcrumb","itemListElement":[{"@type":"ListItem","position":1,"name":"Startseite","item":"https:\/\/handelsverband.swiss\/fr\/"},{"@type":"ListItem","position":2,"name":"Actualit\u00e9s politiques"}]},{"@type":"WebSite","@id":"https:\/\/handelsverband.swiss\/#website","url":"https:\/\/handelsverband.swiss\/","name":"HANDELSVERBAND.swiss","description":"ASSOCIATION DE COMMERCE.swiss","publisher":{"@id":"https:\/\/handelsverband.swiss\/#organization"},"potentialAction":[{"@type":"SearchAction","target":{"@type":"EntryPoint","urlTemplate":"https:\/\/handelsverband.swiss\/?s={search_term_string}"},"query-input":{"@type":"PropertyValueSpecification","valueRequired":true,"valueName":"search_term_string"}}],"inLanguage":"fr-FR"},{"@type":"Organization","@id":"https:\/\/handelsverband.swiss\/#organization","name":"HANDELSVERBAND.swiss","url":"https:\/\/handelsverband.swiss\/","logo":{"@type":"ImageObject","inLanguage":"fr-FR","@id":"https:\/\/handelsverband.swiss\/#\/schema\/logo\/image\/","url":"https:\/\/handelsverband.swiss\/wp-content\/uploads\/2020\/03\/hv_brand_rgb.png","contentUrl":"https:\/\/handelsverband.swiss\/wp-content\/uploads\/2020\/03\/hv_brand_rgb.png","width":1714,"height":472,"caption":"HANDELSVERBAND.swiss"},"image":{"@id":"https:\/\/handelsverband.swiss\/#\/schema\/logo\/image\/"}}]}},"_links":{"self":[{"href":"https:\/\/handelsverband.swiss\/fr\/wp-json\/wp\/v2\/pages\/60772","targetHints":{"allow":["GET"]}}],"collection":[{"href":"https:\/\/handelsverband.swiss\/fr\/wp-json\/wp\/v2\/pages"}],"about":[{"href":"https:\/\/handelsverband.swiss\/fr\/wp-json\/wp\/v2\/types\/page"}],"author":[{"embeddable":true,"href":"https:\/\/handelsverband.swiss\/fr\/wp-json\/wp\/v2\/users\/4578"}],"replies":[{"embeddable":true,"href":"https:\/\/handelsverband.swiss\/fr\/wp-json\/wp\/v2\/comments?post=60772"}],"version-history":[{"count":3,"href":"https:\/\/handelsverband.swiss\/fr\/wp-json\/wp\/v2\/pages\/60772\/revisions"}],"predecessor-version":[{"id":60774,"href":"https:\/\/handelsverband.swiss\/fr\/wp-json\/wp\/v2\/pages\/60772\/revisions\/60774"}],"wp:attachment":[{"href":"https:\/\/handelsverband.swiss\/fr\/wp-json\/wp\/v2\/media?parent=60772"}],"curies":[{"name":"wp","href":"https:\/\/api.w.org\/{rel}","templated":true}]}}