{"id":6504,"date":"2018-02-05T16:09:46","date_gmt":"2018-02-05T15:09:46","guid":{"rendered":"https:\/\/www.vsv-versandhandel.ch\/?page_id=6504"},"modified":"2020-07-23T14:58:54","modified_gmt":"2020-07-23T12:58:54","slug":"facts","status":"publish","type":"page","link":"https:\/\/handelsverband.swiss\/fr\/facts\/","title":{"rendered":"\u00c9tudes"},"content":{"rendered":"<h4>&#8220;Est-ce que vous avez une \u00e9tude sur&#8230; ?&#8221;<\/h4>\n<p>&#8230;une des questions les plus fr\u00e9quemment pos\u00e9es<\/p>\n<ul>\n<li>\u00a0Est-ce qu&#8217;il y a des chiffres du march\u00e9 Suisse ?<\/li>\n<li>Est-ce qu&#8217;il fallait bien de faire de la publicit\u00e9 imprim\u00e9e ?<\/li>\n<li>Qui est le plus grand marchand en ligne et pour quels raisons ?<\/li>\n<li>Quel mode de paiement est obligatoire pour un march\u00e9 en ligne ?<\/li>\n<li>O\u00f9 se trouvent les lois et droits du commerce en ligne ?<\/li>\n<\/ul>\n<p>Donc souvent nous sont oblig\u00e9s de donner une r\u00e9ponse juridique comme &#8220;<strong>alors, \u00e7a d\u00e9pend de..<\/strong>.&#8221;. Nous essayions de garder la vue d&#8217;ensemble dans le jungle des offres et \u00e9tudes. \u00c0 la fin d&#8217;une discussion nous en savons toujours plus et nous arrivons de r\u00e9pondre aux questions nouvelles. \u00a0Mais il y a toujours des questions o\u00f9 on aimerait bien de pouvoir r\u00e9pondre&#8230;<\/p>\n<p>Dans la rubrique des \u00e9tudes\/ expos\u00e9s nous mettons les cartes sur la table,\u00a0de ce \u00e0 quoi nous travaillons, et tout ca qui est dit dans le commerce en ligne. Nous ne connaissions pas la v\u00e9rit\u00e9 absolue, nous ne pouvons pas regarder vers l&#8217;avenir.. Mais nous sommes au courant de ce qui se passe dans le monde du commerce en ligne . Dans cette rubrique vous trouvez les\u00a0derni\u00e8res informations !<\/p>\n<p>Avec plaisir nous acceptons des\u00a0\u00e9tudes de march\u00e9 (gratuit) et les publient sur notre page officiel.\u00a0Nous nous r\u00e9servons le droit de commenter ces \u00e9tudes.<\/p>\n","protected":false},"excerpt":{"rendered":"<p>&#8220;Est-ce que vous avez une<\/p>\n","protected":false},"author":1499,"featured_media":0,"parent":0,"menu_order":0,"comment_status":"closed","ping_status":"closed","template":"","meta":{"_acf_changed":false,"footnotes":""},"class_list":["post-6504","page","type-page","status-publish","hentry"],"acf":[],"yoast_head":"<!-- This site is optimized with the Yoast SEO plugin v27.5 - https:\/\/yoast.com\/product\/yoast-seo-wordpress\/ -->\n<title>\u00c9tudes - HANDELSVERBAND. swiss<\/title>\n<meta name=\"robots\" content=\"index, follow, max-snippet:-1, max-image-preview:large, max-video-preview:-1\" \/>\n<meta property=\"og:locale\" content=\"fr_FR\" \/>\n<meta property=\"og:type\" content=\"article\" \/>\n<meta property=\"og:title\" content=\"\u00c9tudes - HANDELSVERBAND. swiss\" \/>\n<meta property=\"og:description\" content=\"&#8220;Est-ce que vous avez une\" \/>\n<meta property=\"og:url\" content=\"https:\/\/handelsverband.swiss\/fr\/facts\/\" \/>\n<meta property=\"og:site_name\" content=\"HANDELSVERBAND. swiss\" \/>\n<meta property=\"article:modified_time\" content=\"2020-07-23T12:58:54+00:00\" \/>\n<meta name=\"twitter:card\" content=\"summary_large_image\" \/>\n<meta name=\"twitter:label1\" content=\"Est. reading time\" \/>\n\t<meta name=\"twitter:data1\" content=\"1 minute\" \/>\n<script type=\"application\/ld+json\" class=\"yoast-schema-graph\">{\"@context\":\"https:\\\/\\\/schema.org\",\"@graph\":[{\"@type\":\"WebPage\",\"@id\":\"https:\\\/\\\/handelsverband.swiss\\\/fr\\\/facts\\\/\",\"url\":\"https:\\\/\\\/handelsverband.swiss\\\/fr\\\/facts\\\/\",\"name\":\"\u00c9tudes - HANDELSVERBAND. swiss\",\"isPartOf\":{\"@id\":\"https:\\\/\\\/handelsverband.swiss\\\/#website\"},\"datePublished\":\"2018-02-05T15:09:46+00:00\",\"dateModified\":\"2020-07-23T12:58:54+00:00\",\"breadcrumb\":{\"@id\":\"https:\\\/\\\/handelsverband.swiss\\\/fr\\\/facts\\\/#breadcrumb\"},\"inLanguage\":\"fr-FR\",\"potentialAction\":[{\"@type\":\"ReadAction\",\"target\":[\"https:\\\/\\\/handelsverband.swiss\\\/fr\\\/facts\\\/\"]}]},{\"@type\":\"BreadcrumbList\",\"@id\":\"https:\\\/\\\/handelsverband.swiss\\\/fr\\\/facts\\\/#breadcrumb\",\"itemListElement\":[{\"@type\":\"ListItem\",\"position\":1,\"name\":\"Startseite\",\"item\":\"https:\\\/\\\/handelsverband.swiss\\\/fr\\\/\"},{\"@type\":\"ListItem\",\"position\":2,\"name\":\"\u00c9tudes\"}]},{\"@type\":\"WebSite\",\"@id\":\"https:\\\/\\\/handelsverband.swiss\\\/#website\",\"url\":\"https:\\\/\\\/handelsverband.swiss\\\/\",\"name\":\"HANDELSVERBAND.swiss\",\"description\":\"ASSOCIATION DE COMMERCE.swiss\",\"publisher\":{\"@id\":\"https:\\\/\\\/handelsverband.swiss\\\/#organization\"},\"potentialAction\":[{\"@type\":\"SearchAction\",\"target\":{\"@type\":\"EntryPoint\",\"urlTemplate\":\"https:\\\/\\\/handelsverband.swiss\\\/?s={search_term_string}\"},\"query-input\":{\"@type\":\"PropertyValueSpecification\",\"valueRequired\":true,\"valueName\":\"search_term_string\"}}],\"inLanguage\":\"fr-FR\"},{\"@type\":\"Organization\",\"@id\":\"https:\\\/\\\/handelsverband.swiss\\\/#organization\",\"name\":\"HANDELSVERBAND.swiss\",\"url\":\"https:\\\/\\\/handelsverband.swiss\\\/\",\"logo\":{\"@type\":\"ImageObject\",\"inLanguage\":\"fr-FR\",\"@id\":\"https:\\\/\\\/handelsverband.swiss\\\/#\\\/schema\\\/logo\\\/image\\\/\",\"url\":\"https:\\\/\\\/handelsverband.swiss\\\/wp-content\\\/uploads\\\/2020\\\/03\\\/hv_brand_rgb.png\",\"contentUrl\":\"https:\\\/\\\/handelsverband.swiss\\\/wp-content\\\/uploads\\\/2020\\\/03\\\/hv_brand_rgb.png\",\"width\":1714,\"height\":472,\"caption\":\"HANDELSVERBAND.swiss\"},\"image\":{\"@id\":\"https:\\\/\\\/handelsverband.swiss\\\/#\\\/schema\\\/logo\\\/image\\\/\"}}]}<\/script>\n<!-- \/ Yoast SEO plugin. -->","yoast_head_json":{"title":"\u00c9tudes - HANDELSVERBAND. swiss","robots":{"index":"index","follow":"follow","max-snippet":"max-snippet:-1","max-image-preview":"max-image-preview:large","max-video-preview":"max-video-preview:-1"},"og_locale":"fr_FR","og_type":"article","og_title":"\u00c9tudes - HANDELSVERBAND. swiss","og_description":"&#8220;Est-ce que vous avez une","og_url":"https:\/\/handelsverband.swiss\/fr\/facts\/","og_site_name":"HANDELSVERBAND. swiss","article_modified_time":"2020-07-23T12:58:54+00:00","twitter_card":"summary_large_image","twitter_misc":{"Est. reading time":"1 minute"},"schema":{"@context":"https:\/\/schema.org","@graph":[{"@type":"WebPage","@id":"https:\/\/handelsverband.swiss\/fr\/facts\/","url":"https:\/\/handelsverband.swiss\/fr\/facts\/","name":"\u00c9tudes - HANDELSVERBAND. swiss","isPartOf":{"@id":"https:\/\/handelsverband.swiss\/#website"},"datePublished":"2018-02-05T15:09:46+00:00","dateModified":"2020-07-23T12:58:54+00:00","breadcrumb":{"@id":"https:\/\/handelsverband.swiss\/fr\/facts\/#breadcrumb"},"inLanguage":"fr-FR","potentialAction":[{"@type":"ReadAction","target":["https:\/\/handelsverband.swiss\/fr\/facts\/"]}]},{"@type":"BreadcrumbList","@id":"https:\/\/handelsverband.swiss\/fr\/facts\/#breadcrumb","itemListElement":[{"@type":"ListItem","position":1,"name":"Startseite","item":"https:\/\/handelsverband.swiss\/fr\/"},{"@type":"ListItem","position":2,"name":"\u00c9tudes"}]},{"@type":"WebSite","@id":"https:\/\/handelsverband.swiss\/#website","url":"https:\/\/handelsverband.swiss\/","name":"HANDELSVERBAND.swiss","description":"ASSOCIATION DE COMMERCE.swiss","publisher":{"@id":"https:\/\/handelsverband.swiss\/#organization"},"potentialAction":[{"@type":"SearchAction","target":{"@type":"EntryPoint","urlTemplate":"https:\/\/handelsverband.swiss\/?s={search_term_string}"},"query-input":{"@type":"PropertyValueSpecification","valueRequired":true,"valueName":"search_term_string"}}],"inLanguage":"fr-FR"},{"@type":"Organization","@id":"https:\/\/handelsverband.swiss\/#organization","name":"HANDELSVERBAND.swiss","url":"https:\/\/handelsverband.swiss\/","logo":{"@type":"ImageObject","inLanguage":"fr-FR","@id":"https:\/\/handelsverband.swiss\/#\/schema\/logo\/image\/","url":"https:\/\/handelsverband.swiss\/wp-content\/uploads\/2020\/03\/hv_brand_rgb.png","contentUrl":"https:\/\/handelsverband.swiss\/wp-content\/uploads\/2020\/03\/hv_brand_rgb.png","width":1714,"height":472,"caption":"HANDELSVERBAND.swiss"},"image":{"@id":"https:\/\/handelsverband.swiss\/#\/schema\/logo\/image\/"}}]}},"_links":{"self":[{"href":"https:\/\/handelsverband.swiss\/fr\/wp-json\/wp\/v2\/pages\/6504","targetHints":{"allow":["GET"]}}],"collection":[{"href":"https:\/\/handelsverband.swiss\/fr\/wp-json\/wp\/v2\/pages"}],"about":[{"href":"https:\/\/handelsverband.swiss\/fr\/wp-json\/wp\/v2\/types\/page"}],"author":[{"embeddable":true,"href":"https:\/\/handelsverband.swiss\/fr\/wp-json\/wp\/v2\/users\/1499"}],"replies":[{"embeddable":true,"href":"https:\/\/handelsverband.swiss\/fr\/wp-json\/wp\/v2\/comments?post=6504"}],"version-history":[{"count":5,"href":"https:\/\/handelsverband.swiss\/fr\/wp-json\/wp\/v2\/pages\/6504\/revisions"}],"predecessor-version":[{"id":18707,"href":"https:\/\/handelsverband.swiss\/fr\/wp-json\/wp\/v2\/pages\/6504\/revisions\/18707"}],"wp:attachment":[{"href":"https:\/\/handelsverband.swiss\/fr\/wp-json\/wp\/v2\/media?parent=6504"}],"curies":[{"name":"wp","href":"https:\/\/api.w.org\/{rel}","templated":true}]}}