{"id":6516,"date":"2026-03-12T10:00:59","date_gmt":"2026-03-12T09:00:59","guid":{"rendered":"https:\/\/www.vsv-versandhandel.ch\/?page_id=6516"},"modified":"2026-03-19T15:20:17","modified_gmt":"2026-03-19T14:20:17","slug":"facts-sur-la-suisse","status":"publish","type":"page","link":"https:\/\/handelsverband.swiss\/fr\/facts\/facts-sur-la-suisse\/","title":{"rendered":"Facts sur la Suisse"},"content":{"rendered":"<div class=\"plugin_cms-text\">\n<h1><strong>2025<\/strong><\/h1>\n<h3>March\u00e9 Suisse du commerce en ligne 2025<\/h3>\n<h5>La consommation en ligne en Suisse a de nouveau augment\u00e9 de 6 % en 2025 \u2013 la croissance des achats \u00e0 l\u2019\u00e9tranger ralentit<\/h5>\n<ul>\n<li><strong><a href=\"https:\/\/handelsverband.swiss\/wp-content\/uploads\/2026\/03\/2025-NIQ-GfK-Pressemitteilung-Handelsverband.swiss_FRA_Stand-9.3.26-final.pdf\" target=\"_blank\" rel=\"noopener\">Communiqu\u00e9 de presse FRA<\/a><\/strong><\/li>\n<li><strong><a href=\"https:\/\/handelsverband.swiss\/wp-content\/uploads\/2026\/03\/Medien-Marche-Suisse-du-commerce-en-ligne-2025-FRA_11.3.26.pdf\" target=\"_blank\" rel=\"noopener\">Charts March\u00e9 Suisse du commerce en ligne 2025 en FRA<\/a><\/strong><\/li>\n<li><strong><a href=\"https:\/\/handelsverband.swiss\/wp-content\/uploads\/2026\/03\/2025-NIQ-GfK-Pressemitteilung-Handelsverband.swiss_Stand-9.3.26-final.pdf\" target=\"_blank\" rel=\"noopener\">Communiqu\u00e9 de presse en DEU<\/a><\/strong><\/li>\n<li><strong><a href=\"https:\/\/handelsverband.swiss\/wp-content\/uploads\/2026\/03\/Medien-Jahreserhebung-Onlinehandel-Schweiz-2025_11.03.26.pdf\" target=\"_blank\" rel=\"noopener\">Charts ONLINEHANDELSMARKT SCHWEIZ 2025 in DEU<\/a><\/strong><\/li>\n<\/ul>\n<p>&nbsp;<\/p>\n<p><strong>L\u2019ASSOCIATION DE COMMERCE.swiss a r\u00e9alis\u00e9, conjointement avec l\u2019institut <a href=\"https:\/\/nielseniq.com\/global\/fr\/\" target=\"_blank\" rel=\"noopener\">NIQ\/GfK<\/a> et en collaboration avec la <a href=\"https:\/\/www.post.ch\/fr\" target=\"_blank\" rel=\"noopener\">Poste Suisse<\/a>, une \u00e9tude de march\u00e9 dans le secteur de la vente en ligne suisse. En 2025, le commerce en ligne en Suisse affiche \u00e0 nouveau une croissance de +6 % (y compris \u00e0 l\u2019\u00e9tranger). <\/strong><\/p>\n<p><strong>Les principales constatations :<\/strong><\/p>\n<ul>\n<li>En\u00a0<strong>2025<\/strong>, les consommatrices et consommateurs suisses ont achet\u00e9 en ligne pour\u00a0<strong>15,8 milliards<\/strong>\u00a0(ann\u00e9e pr\u00e9c\u00e9dente 14,9 milliards) <strong>de francs suisses<\/strong> de biens et de marchandises.<\/li>\n<li>La consommation du commerce en ligne augmente de<strong>\u00a0+6 % <\/strong>en 2025 par rapport \u00e0 2024<strong>, soit 0,9 milliard de francs suisses.<br \/>\n<\/strong><\/li>\n<li>Les <strong>achats aupr\u00e8s de commer\u00e7ants suisses <\/strong>progressent \u00e9galement de +<strong>6 %<\/strong> par rapport \u00e0 l\u2019ann\u00e9e pr\u00e9c\u00e9dente.<\/li>\n<li>Le grand gagnant est<strong> Digitec Galaxus<\/strong>, les <strong>places de march\u00e9 affirment leur position.<br \/>\n<\/strong><\/li>\n<li>Le <strong>secteur de la mode<\/strong> enregistre pour la premi\u00e8re fois depuis 5 ans une croissance de<strong> +2,5 %<\/strong> en 2025. Zalando reste le leader du secteur, mais H&amp;M et Ochsner Sport affichent \u00e9galement une croissance positive.<\/li>\n<li>Les <strong>achats \u00e0 l\u2019\u00e9tranger<\/strong> augmentent de +<strong>8 %<\/strong>, apr\u00e8s une hausse de +<strong>18 % en 2024<\/strong>. Un ralentissement de la croissance est perceptible.<\/li>\n<\/ul>\n<\/div>\n<p>&nbsp;<\/p>\n<div class=\"plugin_cms-text\">\n<h3>Online Retailer Survey 2025<\/h3>\n<h5 class=\"entry-title\">The Rapid Adoption of the AI Technology in Swiss E-Commerce<\/h5>\n<ul>\n<li><a href=\"https:\/\/handelsverband.swiss\/wp-content\/uploads\/2025\/11\/251112_Zumstein_et-al_Online-Retailer-Survey_2025.pdf\" target=\"_blank\" rel=\"noopener\"><strong>T\u00e9l\u00e9chargement de l&#8217;\u00e9tude en anglais (pdf)<\/strong><\/a><\/li>\n<li><a href=\"https:\/\/handelsverband.swiss\/wp-content\/uploads\/2025\/10\/251013_Zumstein_et-al_Onlinehaendlerbefragung_2025.pdf\" target=\"_blank\" rel=\"noopener\"><strong>T\u00e9l\u00e9chargement de l&#8217;\u00e9tude en allemand (pdf)<\/strong><\/a><\/li>\n<\/ul>\n<p>&nbsp;<\/p>\n<h1><\/h1>\n<h1><strong>2024<\/strong><\/h1>\n<h3>March\u00e9 Suisse du commerce en ligne 2024<\/h3>\n<h5 class=\"entry-title\">La consommation en ligne suisse a connu une nouvelle croissance de 3.5% en 2024 \u2013 les plus grands gagnants sont les places de march\u00e9 suisses<\/h5>\n<\/div>\n<ul>\n<li><strong><a href=\"https:\/\/handelsverband.swiss\/wp-content\/uploads\/2025\/03\/NIQ-GfK-Communique-de-presse-ASSOCIATION-DE-COMMERCE.swiss_final.pdf\" target=\"_blank\" rel=\"noopener\">Communiqu\u00e9 de presse FRA<\/a><\/strong><\/li>\n<li><strong><a href=\"https:\/\/handelsverband.swiss\/wp-content\/uploads\/2025\/03\/Medias_Marche-Suisse-du-commerce-en-ligne-2024-FRA.pdf\" target=\"_blank\" rel=\"noopener\">Charts March\u00e9 Suisse du commerce en ligne 2024 en FRA<\/a><\/strong><\/li>\n<li><strong><a href=\"https:\/\/handelsverband.swiss\/wp-content\/uploads\/2025\/03\/NIQ-GfK-Pressenitteilung-Handelsverband.swiss_final-DE.pdf\" target=\"_blank\" rel=\"noopener\">Communiqu\u00e9 de presse en DEU<\/a><\/strong><\/li>\n<li><strong><a href=\"https:\/\/handelsverband.swiss\/wp-content\/uploads\/2025\/03\/Medien-Onlinehandelsmarkt-Schweiz-2024-Stand-12.3.25.pdf\" target=\"_blank\" rel=\"noopener\">Charts ONLINEHANDELSMARKT SCHWEIZ 2024 in DEU<\/a><\/strong><\/li>\n<\/ul>\n<p>&nbsp;<\/p>\n<p><strong>L\u2019ASSOCIATION DE COMMERCE.swiss a r\u00e9alis\u00e9, conjointement avec l\u2019institut NIQ\/GfK et en collaboration avec la Poste Suisse, une \u00e9tude de march\u00e9 dans le secteur de la vente en ligne suisse. En 2024, le commerce en ligne en Suisse enregistre \u00e0 nouveau une croissance de 3.5% (y compris \u00e0 l\u2019\u00e9tranger).<\/strong><\/p>\n<p><strong>Les principales constatations :<br \/>\n<\/strong><\/p>\n<ul>\n<li>En\u00a0<strong>2024<\/strong>, les consommateurs suisses ont achet\u00e9 pour\u00a0<strong>14.9 milliards\u00a0<\/strong>(ann\u00e9e pr\u00e9c\u00e9dente 14.4 milliards) de francs suisses de biens et de marchandises en ligne.<\/li>\n<li>La consommation du commerce en ligne augmente en 2024 par rapport \u00e0 2023 de<strong>\u00a0+3.5%, soit 0.5 milliard de francs suisses.<br \/>\n<\/strong><\/li>\n<li>Les\u00a0<strong>achats au\u00a0niveau\u00a0national\u00a0<\/strong>sur les domaines .ch augmentent de +1% par rapport \u00e0 l\u2019ann\u00e9e pr\u00e9c\u00e9dente.<\/li>\n<li>Le grand gagnant est\u00a0<strong>Digitec Galaxus<\/strong>\u00a0avec\u00a0<strong>+18%<\/strong>\u00a0par rapport \u00e0 2023.<\/li>\n<li>Apr\u00e8s une baisse de 7% en 2023,\u00a0<strong>le secteur de la mode<\/strong>\u00a0<strong>perd \u00e0 nouveau 7%<\/strong>\u00a0en 2024.<\/li>\n<li>Apr\u00e8s une hausse de 10% en 2023, les\u00a0<strong>achats \u00e0 l\u2019\u00e9tranger<\/strong>\u00a0augmentent de 18%. Les petits colis en provenance d\u2019Asie restent le moteur principal.<\/li>\n<\/ul>\n<h1><\/h1>\n<h3>Online Retailer Survey 2024<\/h3>\n<h5 class=\"entry-title\">Applications, Benefits, and Challenges of Artificial Intelligence in E-Commerce<\/h5>\n<ul>\n<li><a href=\"https:\/\/handelsverband.swiss\/wp-content\/uploads\/2025\/11\/Zumstein-Oehninger_Online-Retailer-Survey_2024_final.pdf\" target=\"_blank\" rel=\"noopener\"><strong>T\u00e9l\u00e9chargement de l&#8217;\u00e9tude en anglais (pdf)<\/strong><\/a><\/li>\n<li><a href=\"https:\/\/handelsverband.swiss\/wp-admin\/upload.php?item=59150\" target=\"_blank\" rel=\"noopener\"><strong>T\u00e9l\u00e9chargement de l&#8217;\u00e9tude en allemand (pdf)<\/strong><\/a><\/li>\n<\/ul>\n<p>&nbsp;<\/p>\n<div class=\"plugin_cms-text\">\n<h1><strong>2023<\/strong><\/h1>\n<h3>March\u00e9 Suisse du commerce en ligne 2023<\/h3>\n<h5 class=\"entry-title\">La consommation en ligne suisse a augment\u00e9 de 3 % en 2023 \u2013 les pertes de 2022 ont \u00e9t\u00e9 compens\u00e9es<\/h5>\n<p><strong><a href=\"https:\/\/handelsverband.swiss\/wp-content\/uploads\/2024\/03\/FR_Onlinehandelsmarkt-Schweiz-2023-Medien-Stand-13.3.2024-final.pdf\" target=\"_blank\" rel=\"noopener\">Charts en Fran\u00e7ais<\/a> \/\u00a0<a href=\"https:\/\/handelsverband.swiss\/wp-content\/uploads\/2024\/03\/FR-2024.03.12-Medienmitteilung_HANDELSVERBAND-GfK_Onlinehandel-2023-Stand-8.3.2024-final.pdf\" target=\"_blank\" rel=\"noopener\">Communiqu\u00e9 de presse en Fran\u00e7ais<\/a><br \/>\n<\/strong><strong><a href=\"https:\/\/handelsverband.swiss\/wp-content\/uploads\/2024\/03\/Onlinehandelsmarkt-Schweiz-2023-Medien-Stand-13.3.2024.pdf\" target=\"_blank\" rel=\"noopener\">Charts in Deutsch<\/a> \/ <a href=\"https:\/\/handelsverband.swiss\/wp-content\/uploads\/2024\/03\/DE-2024.03.12-Medienmitteilung_HANDELSVERBAND-GfK_Onlinehandel-2023-Stand-8.3.2024-final.pdf\" target=\"_blank\" rel=\"noopener\">Medienmitteilung in Deutsch<\/a><\/strong><\/p>\n<p><strong>L\u2019ASSOCIATION DE COMMERCE.swiss a r\u00e9alis\u00e9, conjointement avec l\u2019institut GfK et en collaboration avec la Poste Suisse, une \u00e9tude de march\u00e9 dans le secteur de la vente en ligne suisse. Le commerce en ligne en Suisse enregistre une croissance de 3\u00a0<\/strong><strong>%<\/strong><strong>\u00a0en 2023 (y compris l\u2019\u00e9tranger).<\/strong><\/p>\n<p><strong>Les principales constatations :<\/strong><\/p>\n<ul>\n<li>En 2023, les consommateurs suisses ont achet\u00e9 pour 14.4 milliards de francs suisses de biens et de marchandises en ligne. Cela correspond \u00e0 une augmentation de 0.4 milliard de francs suisses ou 3 % par rapport \u00e0 l\u2019ann\u00e9e pr\u00e9c\u00e9dente.<\/li>\n<li>Les pertes de 2022 ont \u00e9t\u00e9 compens\u00e9es.<\/li>\n<li>Au cours des dix derni\u00e8res ann\u00e9es, le commerce en ligne a plus que doubl\u00e9.<\/li>\n<li>Les secteurs perdants en 2023 sont la mode avec -7 % et l\u2019\u00e9lectronique grand public avec -5 % par rapport \u00e0 l\u2019ann\u00e9e pr\u00e9c\u00e9dente.<\/li>\n<li>Les secteurs gagnants en 2023 sont le sport et l\u2019alimentation, avec +6 % chacun par rapport \u00e0 l\u2019ann\u00e9e pr\u00e9c\u00e9dente.<\/li>\n<\/ul>\n<p>&nbsp;<\/p>\n<h3>Online Retailer Survey 2023<\/h3>\n<h5 class=\"entry-title\">\u00abE-Commerce After Corona: Skills Shortages, Overdistribution, and Artificial Intelligence \u00bb<\/h5>\n<ul>\n<li><a href=\"https:\/\/handelsverband.swiss\/wp-content\/uploads\/2023\/11\/231129_Zumstein-Oswald-Brauer_Online_Retailer_Survey_2023.pdf\" target=\"_blank\" rel=\"noopener\"><strong>T\u00e9l\u00e9chargement de l&#8217;\u00e9tude en Anglais (pdf)<\/strong><\/a><strong><br \/>\n<\/strong><\/li>\n<li><a href=\"https:\/\/digitalcollection.zhaw.ch\/bitstream\/11475\/28777\/3\/2023_Zumstein-Oswald-Brauer_Onlinehaendlerbefragung.pdf\" target=\"_blank\" rel=\"noopener\"><strong>T\u00e9l\u00e9chargement de l&#8217;\u00e9tude en Allemand (pdf)<\/strong><\/a><\/li>\n<\/ul>\n<p>&nbsp;<\/p>\n<h1><strong>2022<\/strong><\/h1>\n<h3>March\u00e9 Suisse du commerce en ligne 2022<\/h3>\n<\/div>\n<h5 class=\"entry-title\">La consommation en ligne suisse a l\u00e9g\u00e8rement baiss\u00e9 en 2022<\/h5>\n<p><strong><a href=\"https:\/\/handelsverband.swiss\/wp-content\/uploads\/2023\/03\/Marche-du-commerce-en-ligne-Suisse-2022_FRA_Medien.pdf\" target=\"_blank\" rel=\"noopener\">Charts en Fran\u00e7ais<\/a> \/\u00a0<a href=\"https:\/\/handelsverband.swiss\/wp-content\/uploads\/2023\/03\/FR-2023.03.08-Medienmitteilung_HANDELSVERBAND-GfK_Onlinehandel-2022_final.pdf\" target=\"_blank\" rel=\"noopener\">Communiqu\u00e9 de presse en Fran\u00e7ais<\/a><\/strong><br \/>\n<strong><a href=\"https:\/\/handelsverband.swiss\/wp-content\/uploads\/2023\/03\/Onlinehandelsmarkt-Schweiz-2022_Medien.pdf\" target=\"_blank\" rel=\"noopener\">Charts in Deutsch<\/a> \/\u00a0<a href=\"https:\/\/handelsverband.swiss\/wp-content\/uploads\/2023\/03\/DE-2023.03.08-Medienmitteilung_HANDELSVERBAND-GfK_Onlinehandel-2022_final.pdf\" target=\"_blank\" rel=\"noopener\">Medienmitteilung in Deutsch<\/a><\/strong><\/p>\n<p><strong>L\u2019ASSOCIATION DE COMMERCE.swiss a r\u00e9alis\u00e9, conjointement avec l\u2019institut GfK et en collaboration avec la Poste Suisse, une \u00e9tude de march\u00e9 dans le secteur de la vente en ligne en Suisse. Le commerce en ligne en Suisse enregistre un recul de 2,8\u00a0<\/strong><strong>pourcents<\/strong><strong>\u00a0en 2022.<\/strong><\/p>\n<p><strong>Les principales constatations :<\/strong><\/p>\n<ul>\n<li>En 2022, les consommateurs suisses ont achet\u00e9 pour 14 milliards de franc suisse de biens et de marchandises en ligne, soit une baisse de 0,4 milliards de franc suisse ou 2,8 pourcents par rapport \u00e0 l\u2019ann\u00e9e pr\u00e9c\u00e9dente.<\/li>\n<li>La consommation en ligne domestique diminue de 11.6 pourcents en 2022 et les achats en ligne \u00e0 l\u2019\u00e9tranger perdent 5 pourcent.<\/li>\n<li>Les achats en ligne aupr\u00e8s des boutiques en ligne suisses (.ch domaines) ont augment\u00e9 de 44 pourcents par rapport \u00e0 2019.<\/li>\n<li>Dans le secteur de l\u2019\u00e9lectronique grand public\/appareils \u00e9lectrom\u00e9nagers, un franc sur deux est d\u00e9pens\u00e9 en ligne.<\/li>\n<\/ul>\n<div class=\"plugin_cms-text\">\n<p>&nbsp;<\/p>\n<h3>Online Retailer Survey 2022<\/h3>\n<h5 class=\"entry-title\">Delivery Problems and Rising Costs Plague Online Retailers<\/h5>\n<ul>\n<li><strong><a href=\"https:\/\/handelsverband.swiss\/wp-content\/uploads\/2022\/10\/221013_Zumstein-et-al_OnlineRetailerSurvey_2022.pdf\" target=\"_blank\" rel=\"noopener\">Download of the study Online Retailer Survey (pdf) in English<\/a><\/strong><\/li>\n<li>\n<p class=\"entry-title\"><a href=\"https:\/\/handelsverband.swiss\/wp-content\/uploads\/2022\/09\/220914_Zumstein-Oswald-Brauer_Onlinehaendlerbefragung_2022.pdf\" target=\"_blank\" rel=\"noopener\"><strong>Download of the studie Online Retailer Survey (pdf) in German<\/strong><\/a><\/p>\n<\/li>\n<\/ul>\n<p>&nbsp;<\/p>\n<h3>Commerce Report Suisse 2022<\/h3>\n<h5 class=\"entry-title\">Valeurs et services au centre du commerce<\/h5>\n<ul>\n<li><a href=\"https:\/\/www.commerce-report.ch\/fr\/etude-actuelle\/\" target=\"_blank\" rel=\"noopener noreferrer\"><strong>T\u00e9l\u00e9chargez ici l\u2019\u00e9tude E-Commerce Report Suisse 2022 (Etude en allemand, mais Managment Summary en fran\u00e7ais et en anglais)<\/strong><\/a><\/li>\n<\/ul>\n<p>&nbsp;<\/p>\n<h1>2021<\/h1>\n<\/div>\n<h3>March\u00e9 Suisse du commerce en ligne 2021<\/h3>\n<p class=\"entry-title\">Le commerce en ligne en Suisse continue \u00e0 cro\u00eetre de 9.9% en 2021<a href=\"https:\/\/www.vsv-versandhandel.ch\/wp-content\/uploads\/2018\/04\/DE-2018.02.20.Medienmitteilung_VSV-GfK_Online_und_Versandhandel-def_neu.pdf\" target=\"_blank\" rel=\"noopener noreferrer\"><br \/>\n<\/a><\/p>\n<p><strong><a href=\"https:\/\/handelsverband.swiss\/wp-content\/uploads\/2022\/03\/Marche-du-commerce-en-ligne-Suisse-2021_FRA_09.03.2022-Version-Media.pdf\">Charts en Fran\u00e7ais<\/a><a href=\"https:\/\/handelsverband.swiss\/wp-content\/uploads\/2022\/03\/2022_Online-und-Versandhandelsmarkt-Schweiz_09.03.2022-Version-Medien.pdf\" target=\"_blank\" rel=\"noopener\"> \/\u00a0<\/a><a href=\"https:\/\/handelsverband.swiss\/wp-content\/uploads\/2022\/03\/FR-2022.03.09-Medienmitteilung_HANDELSVERBAND-VSV-GfK_Onlinehandel-2021_final.pdf\" target=\"_blank\" rel=\"noopener\">Communiqu\u00e9 de presse en Fran\u00e7ais<\/a><\/strong><br \/>\n<strong><a href=\"https:\/\/handelsverband.swiss\/wp-content\/uploads\/2022\/03\/2022_Online-und-Versandhandelsmarkt-Schweiz_09.03.2022-Version-Medien.pdf\" target=\"_blank\" rel=\"noopener\">Charts Deutsch<\/a> \/\u00a0<a href=\"https:\/\/handelsverband.swiss\/wp-content\/uploads\/2022\/03\/DE-2022.03.09-Medienmitteilung_HANDELSVERBAND-VSV-GfK_Onlinehandel-2021_final.pdf\" target=\"_blank\" rel=\"noopener\">Medienmitteilung Deutsch<\/a><\/strong><\/p>\n<p>L\u2019ASSOCIATION DE COMMERCE.swiss a r\u00e9alis\u00e9, conjointement avec l\u2019institut GfK et en collaboration avec la Poste Suisse, une \u00e9tude de march\u00e9 dans le secteur de la vente en ligne en Suisse. Le commerce en ligne en Suisse continue \u00e0 cro\u00eetre de 9.9% en 2021 !<\/p>\n<p>Les principales constatations :<\/p>\n<ul>\n<li>En 2021, les consommateurs suisses ont achet\u00e9 pour 14.4 milliards de CHF de biens et de marchandises en ligne, soit une augmentation de 1.3 milliards de CHF ou<br \/>\n9.9% par rapport \u00e0 l\u2019ann\u00e9e pr\u00e9c\u00e9dente.<\/li>\n<li>Au cours des six derni\u00e8res ann\u00e9es, les achats en ligne ont doubl\u00e9.<\/li>\n<li>La consommation en ligne nationale augmente de 11.6% en 2021, tandis que les achats en ligne \u00e0 l\u2019\u00e9tranger stagnent.<\/li>\n<li>Dans le secteur de l\u2019\u00e9lectronique grand public\/appareils \u00e9lectrom\u00e9nagers, un franc sur deux est d\u00e9pens\u00e9 en ligne.<\/li>\n<\/ul>\n<p>&nbsp;<\/p>\n<h3>Online Retailer Survey 2021<\/h3>\n<h5>Empirical Findings on the E-Commerce Boom in Switzerland and Austria<\/h5>\n<ul>\n<li><strong><a href=\"https:\/\/www.zhaw.ch\/storage\/hochschule\/medien\/news\/2021\/210908-zhaw-studie-onlinehaendlerbefragung-2021-EN.pdf\" target=\"_blank\" rel=\"noopener\">Download the study Online Retailer Survey (pdf) in English<\/a><\/strong><\/li>\n<li><strong><a href=\"https:\/\/www.zhaw.ch\/storage\/hochschule\/medien\/news\/2021\/210908-zhaw-studie-onlinehaendlerbefragung-2021.pdf\" target=\"_blank\" rel=\"noopener\">Download the study Online Retailer Survey (pdf) in German<\/a><\/strong><\/li>\n<\/ul>\n<p>&nbsp;<\/p>\n<h3>Digital Commerce Suisse 2021<\/h3>\n<h5>Les boutiques en ligne et les plates-formes de vente num\u00e9rique affichent les chiffres d&#8217;affaires les plus \u00e9lev\u00e9s<\/h5>\n<ul>\n<li><strong><a href=\"https:\/\/handelsverband.swiss\/wp-content\/uploads\/2021\/05\/Umsatzstaerksten-Onlineshops-2021_Carpathia.pdf\" target=\"_blank\" rel=\"noopener\">Poster<\/a><\/strong><\/li>\n<\/ul>\n<p>&nbsp;<\/p>\n<h1>2020<\/h1>\n<div class=\"plugin_cms-text\">\n<h3>En 2020, le commerce en ligne suisse augmente de 27.2 %<\/h3>\n<p><strong><a href=\"https:\/\/handelsverband.swiss\/wp-content\/uploads\/2021\/03\/FR-2021.03.10-Communique-de-presse-ASSOCIATIONDECOMMERCE.swiss-GfK_Onlinehandel-2020_FINAL-2.pdf\" target=\"_blank\" rel=\"noopener\">Communique de presse March\u00e9 Suisse du Commerce en ligne 2020<\/a><\/strong><br \/>\n<strong><a href=\"https:\/\/handelsverband.swiss\/wp-content\/uploads\/2021\/03\/Marche-de-la-vente-en-ligne-Suisse-2020_Version-Medias.pdf\" target=\"_blank\" rel=\"noopener\">Charts March\u00e9 Suisse du Commerce en ligne<\/a><\/strong><\/p>\n<p><strong>L\u2019ASSOCIATION DE COMMERCE.swiss a r\u00e9alis\u00e9, conjointement avec l\u2019institut GfK et en collaboration avec la Poste Suisse, une \u00e9tude de march\u00e9 dans le secteur de la vente en ligne en Suisse. En 2020, le commerce en ligne suisse conna\u00eet suite \u00e0 l\u2019\u00e9pid\u00e9mie du coronavirus une croissance exceptionnelle et a fait un bond en avant de trois ans.<\/strong><\/p>\n<p><strong>Les principales constatations\u00a0:<\/strong><\/p>\n<ul>\n<li>En 2020, les consommateurs suisses ont achet\u00e9 en ligne des biens et des marchandises pour 13.1 milliards de CHF, soit une augmentation de 2,8 milliards de CHF ou 27,2 % par rapport \u00e0 l&#8217;ann\u00e9e pr\u00e9c\u00e9dente.<\/li>\n<li>Les achats en ligne ont doubl\u00e9 en 6 ans.<\/li>\n<li>Les secteurs de l&#8217;ameublement, du sport et de l&#8217;alimentation connaissent une croissance sup\u00e9rieure \u00e0 la moyenne.<\/li>\n<li>La consommation int\u00e9rieure en ligne augmentera de 32 % en 2020, tandis que les achats en ligne \u00e0 l&#8217;\u00e9tranger n&#8217;augmenteront que de 5 %.<\/li>\n<\/ul>\n<\/div>\n<h3><\/h3>\n","protected":false},"excerpt":{"rendered":"<p>2025 March\u00e9 Suisse du commerce<\/p>\n","protected":false},"author":1499,"featured_media":0,"parent":6504,"menu_order":0,"comment_status":"closed","ping_status":"closed","template":"","meta":{"_acf_changed":false,"footnotes":""},"class_list":["post-6516","page","type-page","status-publish","hentry"],"acf":[],"yoast_head":"<!-- This site is optimized with the Yoast SEO plugin v27.3 - https:\/\/yoast.com\/product\/yoast-seo-wordpress\/ -->\n<title>Facts sur la Suisse - HANDELSVERBAND. swiss<\/title>\n<meta name=\"robots\" content=\"index, follow, max-snippet:-1, max-image-preview:large, max-video-preview:-1\" \/>\n<meta property=\"og:locale\" content=\"fr_FR\" \/>\n<meta property=\"og:type\" content=\"article\" \/>\n<meta property=\"og:title\" content=\"Facts sur la Suisse - HANDELSVERBAND. swiss\" \/>\n<meta property=\"og:description\" content=\"2025 March\u00e9 Suisse du commerce\" \/>\n<meta property=\"og:url\" content=\"https:\/\/handelsverband.swiss\/fr\/facts\/facts-sur-la-suisse\/\" \/>\n<meta property=\"og:site_name\" content=\"HANDELSVERBAND. swiss\" \/>\n<meta property=\"article:modified_time\" content=\"2026-03-19T14:20:17+00:00\" \/>\n<meta name=\"twitter:card\" content=\"summary_large_image\" \/>\n<meta name=\"twitter:label1\" content=\"Est. reading time\" \/>\n\t<meta name=\"twitter:data1\" content=\"8 minutes\" \/>\n<script type=\"application\/ld+json\" class=\"yoast-schema-graph\">{\"@context\":\"https:\\\/\\\/schema.org\",\"@graph\":[{\"@type\":\"WebPage\",\"@id\":\"https:\\\/\\\/handelsverband.swiss\\\/fr\\\/facts\\\/facts-sur-la-suisse\\\/\",\"url\":\"https:\\\/\\\/handelsverband.swiss\\\/fr\\\/facts\\\/facts-sur-la-suisse\\\/\",\"name\":\"Facts sur la Suisse - HANDELSVERBAND. swiss\",\"isPartOf\":{\"@id\":\"https:\\\/\\\/handelsverband.swiss\\\/#website\"},\"datePublished\":\"2026-03-12T09:00:59+00:00\",\"dateModified\":\"2026-03-19T14:20:17+00:00\",\"breadcrumb\":{\"@id\":\"https:\\\/\\\/handelsverband.swiss\\\/fr\\\/facts\\\/facts-sur-la-suisse\\\/#breadcrumb\"},\"inLanguage\":\"fr-FR\",\"potentialAction\":[{\"@type\":\"ReadAction\",\"target\":[\"https:\\\/\\\/handelsverband.swiss\\\/fr\\\/facts\\\/facts-sur-la-suisse\\\/\"]}]},{\"@type\":\"BreadcrumbList\",\"@id\":\"https:\\\/\\\/handelsverband.swiss\\\/fr\\\/facts\\\/facts-sur-la-suisse\\\/#breadcrumb\",\"itemListElement\":[{\"@type\":\"ListItem\",\"position\":1,\"name\":\"Startseite\",\"item\":\"https:\\\/\\\/handelsverband.swiss\\\/fr\\\/\"},{\"@type\":\"ListItem\",\"position\":2,\"name\":\"\u00c9tudes\",\"item\":\"https:\\\/\\\/handelsverband.swiss\\\/fr\\\/facts\\\/\"},{\"@type\":\"ListItem\",\"position\":3,\"name\":\"Facts sur la Suisse\"}]},{\"@type\":\"WebSite\",\"@id\":\"https:\\\/\\\/handelsverband.swiss\\\/#website\",\"url\":\"https:\\\/\\\/handelsverband.swiss\\\/\",\"name\":\"HANDELSVERBAND.swiss\",\"description\":\"ASSOCIATION DE COMMERCE.swiss\",\"publisher\":{\"@id\":\"https:\\\/\\\/handelsverband.swiss\\\/#organization\"},\"potentialAction\":[{\"@type\":\"SearchAction\",\"target\":{\"@type\":\"EntryPoint\",\"urlTemplate\":\"https:\\\/\\\/handelsverband.swiss\\\/?s={search_term_string}\"},\"query-input\":{\"@type\":\"PropertyValueSpecification\",\"valueRequired\":true,\"valueName\":\"search_term_string\"}}],\"inLanguage\":\"fr-FR\"},{\"@type\":\"Organization\",\"@id\":\"https:\\\/\\\/handelsverband.swiss\\\/#organization\",\"name\":\"HANDELSVERBAND.swiss\",\"url\":\"https:\\\/\\\/handelsverband.swiss\\\/\",\"logo\":{\"@type\":\"ImageObject\",\"inLanguage\":\"fr-FR\",\"@id\":\"https:\\\/\\\/handelsverband.swiss\\\/#\\\/schema\\\/logo\\\/image\\\/\",\"url\":\"https:\\\/\\\/handelsverband.swiss\\\/wp-content\\\/uploads\\\/2020\\\/03\\\/hv_brand_rgb.png\",\"contentUrl\":\"https:\\\/\\\/handelsverband.swiss\\\/wp-content\\\/uploads\\\/2020\\\/03\\\/hv_brand_rgb.png\",\"width\":1714,\"height\":472,\"caption\":\"HANDELSVERBAND.swiss\"},\"image\":{\"@id\":\"https:\\\/\\\/handelsverband.swiss\\\/#\\\/schema\\\/logo\\\/image\\\/\"}}]}<\/script>\n<!-- \/ Yoast SEO plugin. -->","yoast_head_json":{"title":"Facts sur la Suisse - HANDELSVERBAND. swiss","robots":{"index":"index","follow":"follow","max-snippet":"max-snippet:-1","max-image-preview":"max-image-preview:large","max-video-preview":"max-video-preview:-1"},"og_locale":"fr_FR","og_type":"article","og_title":"Facts sur la Suisse - HANDELSVERBAND. swiss","og_description":"2025 March\u00e9 Suisse du commerce","og_url":"https:\/\/handelsverband.swiss\/fr\/facts\/facts-sur-la-suisse\/","og_site_name":"HANDELSVERBAND. swiss","article_modified_time":"2026-03-19T14:20:17+00:00","twitter_card":"summary_large_image","twitter_misc":{"Est. reading time":"8 minutes"},"schema":{"@context":"https:\/\/schema.org","@graph":[{"@type":"WebPage","@id":"https:\/\/handelsverband.swiss\/fr\/facts\/facts-sur-la-suisse\/","url":"https:\/\/handelsverband.swiss\/fr\/facts\/facts-sur-la-suisse\/","name":"Facts sur la Suisse - HANDELSVERBAND. swiss","isPartOf":{"@id":"https:\/\/handelsverband.swiss\/#website"},"datePublished":"2026-03-12T09:00:59+00:00","dateModified":"2026-03-19T14:20:17+00:00","breadcrumb":{"@id":"https:\/\/handelsverband.swiss\/fr\/facts\/facts-sur-la-suisse\/#breadcrumb"},"inLanguage":"fr-FR","potentialAction":[{"@type":"ReadAction","target":["https:\/\/handelsverband.swiss\/fr\/facts\/facts-sur-la-suisse\/"]}]},{"@type":"BreadcrumbList","@id":"https:\/\/handelsverband.swiss\/fr\/facts\/facts-sur-la-suisse\/#breadcrumb","itemListElement":[{"@type":"ListItem","position":1,"name":"Startseite","item":"https:\/\/handelsverband.swiss\/fr\/"},{"@type":"ListItem","position":2,"name":"\u00c9tudes","item":"https:\/\/handelsverband.swiss\/fr\/facts\/"},{"@type":"ListItem","position":3,"name":"Facts sur la Suisse"}]},{"@type":"WebSite","@id":"https:\/\/handelsverband.swiss\/#website","url":"https:\/\/handelsverband.swiss\/","name":"HANDELSVERBAND.swiss","description":"ASSOCIATION DE COMMERCE.swiss","publisher":{"@id":"https:\/\/handelsverband.swiss\/#organization"},"potentialAction":[{"@type":"SearchAction","target":{"@type":"EntryPoint","urlTemplate":"https:\/\/handelsverband.swiss\/?s={search_term_string}"},"query-input":{"@type":"PropertyValueSpecification","valueRequired":true,"valueName":"search_term_string"}}],"inLanguage":"fr-FR"},{"@type":"Organization","@id":"https:\/\/handelsverband.swiss\/#organization","name":"HANDELSVERBAND.swiss","url":"https:\/\/handelsverband.swiss\/","logo":{"@type":"ImageObject","inLanguage":"fr-FR","@id":"https:\/\/handelsverband.swiss\/#\/schema\/logo\/image\/","url":"https:\/\/handelsverband.swiss\/wp-content\/uploads\/2020\/03\/hv_brand_rgb.png","contentUrl":"https:\/\/handelsverband.swiss\/wp-content\/uploads\/2020\/03\/hv_brand_rgb.png","width":1714,"height":472,"caption":"HANDELSVERBAND.swiss"},"image":{"@id":"https:\/\/handelsverband.swiss\/#\/schema\/logo\/image\/"}}]}},"_links":{"self":[{"href":"https:\/\/handelsverband.swiss\/fr\/wp-json\/wp\/v2\/pages\/6516","targetHints":{"allow":["GET"]}}],"collection":[{"href":"https:\/\/handelsverband.swiss\/fr\/wp-json\/wp\/v2\/pages"}],"about":[{"href":"https:\/\/handelsverband.swiss\/fr\/wp-json\/wp\/v2\/types\/page"}],"author":[{"embeddable":true,"href":"https:\/\/handelsverband.swiss\/fr\/wp-json\/wp\/v2\/users\/1499"}],"replies":[{"embeddable":true,"href":"https:\/\/handelsverband.swiss\/fr\/wp-json\/wp\/v2\/comments?post=6516"}],"version-history":[{"count":32,"href":"https:\/\/handelsverband.swiss\/fr\/wp-json\/wp\/v2\/pages\/6516\/revisions"}],"predecessor-version":[{"id":60440,"href":"https:\/\/handelsverband.swiss\/fr\/wp-json\/wp\/v2\/pages\/6516\/revisions\/60440"}],"up":[{"embeddable":true,"href":"https:\/\/handelsverband.swiss\/fr\/wp-json\/wp\/v2\/pages\/6504"}],"wp:attachment":[{"href":"https:\/\/handelsverband.swiss\/fr\/wp-json\/wp\/v2\/media?parent=6516"}],"curies":[{"name":"wp","href":"https:\/\/api.w.org\/{rel}","templated":true}]}}