{"id":6540,"date":"2018-02-06T10:37:42","date_gmt":"2018-02-06T09:37:42","guid":{"rendered":"https:\/\/www.vsv-versandhandel.ch\/?page_id=6540"},"modified":"2020-03-24T16:52:19","modified_gmt":"2020-03-24T15:52:19","slug":"pouvoir-compter-sur-ses-partenaires","status":"publish","type":"page","link":"https:\/\/handelsverband.swiss\/fr\/partners\/pouvoir-compter-sur-ses-partenaires\/","title":{"rendered":"Pouvoir compter sur ses partenaires"},"content":{"rendered":"<p>La vente en ligne est sans doute la forme de commerce la plus complexe. Elle s\u2019appuie sur une relation \u00ab \u00e0 distance \u00bb entre l\u2019entreprise et le consommateur. Heureusement, gr\u00e2ce au d\u00e9veloppement technologique, les processus de traitement deviennent de plus en plus rapides mais, corollaire, aussi plus compliqu\u00e9s.<br \/>\nDe ce fait, aucun commer\u00e7ant n\u2019arrive \u00e0 contr\u00f4ler toute la cha\u00eene qui m\u00e8ne de l&#8217;acquisitions ou de la cr\u00e9ation d&#8217;un produit \u00e0 sa vente. Il est d\u00e9pendant de ses fournisseurs. Ces derniers sont des partenaires cruciaux. Seul un travail d&#8217;\u00e9quipe permet d&#8217;atteindre les objectifs fix\u00e9s.<\/p>\n<h4>Comment \u00eatre s\u00fbr, en tant que commer\u00e7ant, qu\u2019une personne existe r\u00e9ellement ?<\/h4>\n<p>Swisscom, la Poste et d&#8217;autres\u00a0prestataires de renseignements de solvabilit\u00e9 facilitent la relation commerciale entre les entreprises et les personnes \u00ab\u00a0inconnues\u00a0\u00bb. Grace \u00e0 eux, chaque commer\u00e7ant peut b\u00e2tir une relation de\u00a0confiance avec les\u00a0consommateurs. Dans le sens inverse, les consommateurs peuvent \u00e9valuer les entreprises ou fournisseurs. Au final tout le monde est gagnant.<\/p>\n<h4>Qui m&#8217;assure une visibilit\u00e9 sur\u00a0internet, dans les\u00a0boites aux lettres, dans les journaux et sur les autres canaux de communication\u00a0?<\/h4>\n<p>Que ce soit pour le marketing direct, de masse ou m\u00eame pour sa version\u00a0classique, la branche est quasiment devenue une &#8220;science&#8221;. De ce fait, les commer\u00e7ants en ligne d\u00e9pendent d&#8217;agences sp\u00e9cialis\u00e9es qui sont \u00e0 m\u00eame de mettre en place\u00a0les outils ad\u00e9quats. Vouloir s&#8217;en sortir seul dans son coin, sans conseils externes n&#8217;est pas la solution conseill\u00e9e.<\/p>\n<h4>Qui distribue la marchandise\u00a0?<\/h4>\n<p>La r\u00e9ception d&#8217;une commande ? Le d\u00e9but d&#8217;une aventure ! L\u2019art consiste \u00e0 livrer la marchandise de mani\u00e8re parfaite. Sans distributeur de colis, pas de march\u00e9 en ligne\u00a0et donc pas de clients satisfaits\u00a0!\u00a0Nous sommes conscients qu\u2019un r\u00e9seau fourni\u00a0de points de chargements rend les achats en ligne pas seulement plus facile, mais aussi plus confortables et plus s\u00e9curis\u00e9s.\u00a0Par cons\u00e9quence, nous nous engageons, ensemble avec les fournisseurs, pour une couverture de r\u00e9seau dense tout en restant raisonnable sur le plan \u00e9conomique.<\/p>\n<h4>Comment garder une\u00a0vue d\u2019ensemble\u00a0?<\/h4>\n<p>La boutique en ligne, les ERP, les prestataires de paiement, les apps, les Newsletter-Tools, etc. sont des moyens utilis\u00e9s quotidiennement. Sans tous ces \u00e9l\u00e9ments, il serait impossible de proposer une efficacit\u00e9 qui permet par exemple le \u00ab same day delivery \u00bb.<\/p>\n<p>Une mani\u00e8re de s&#8217;assurer de la pertinence du mod\u00e8le de votre entreprise, est de suivre les remarques, notes que les clients laissent sur les diff\u00e9rents sites d\u2019\u00e9valuation. Il s&#8217;agit de prendre connaissance des remarques, sans pourtant s&#8217;\u00e9mouvoir au moindre commentaire n\u00e9gatif.<\/p>\n","protected":false},"excerpt":{"rendered":"<p>La vente en ligne est<\/p>\n","protected":false},"author":1499,"featured_media":0,"parent":6665,"menu_order":0,"comment_status":"closed","ping_status":"closed","template":"","meta":{"_acf_changed":false,"footnotes":""},"class_list":["post-6540","page","type-page","status-publish","hentry"],"acf":[],"yoast_head":"<!-- This site is optimized with the Yoast SEO plugin v27.5 - https:\/\/yoast.com\/product\/yoast-seo-wordpress\/ -->\n<title>Pouvoir compter sur ses partenaires - HANDELSVERBAND. swiss<\/title>\n<meta name=\"robots\" content=\"index, follow, max-snippet:-1, max-image-preview:large, max-video-preview:-1\" \/>\n<meta property=\"og:locale\" content=\"fr_FR\" \/>\n<meta property=\"og:type\" content=\"article\" \/>\n<meta property=\"og:title\" content=\"Pouvoir compter sur ses partenaires - HANDELSVERBAND. swiss\" \/>\n<meta property=\"og:description\" content=\"La vente en ligne est\" \/>\n<meta property=\"og:url\" content=\"https:\/\/handelsverband.swiss\/fr\/partners\/pouvoir-compter-sur-ses-partenaires\/\" \/>\n<meta property=\"og:site_name\" content=\"HANDELSVERBAND. swiss\" \/>\n<meta property=\"article:modified_time\" content=\"2020-03-24T15:52:19+00:00\" \/>\n<meta name=\"twitter:card\" content=\"summary_large_image\" \/>\n<meta name=\"twitter:label1\" content=\"Est. reading time\" \/>\n\t<meta name=\"twitter:data1\" content=\"2 minutes\" \/>\n<script type=\"application\/ld+json\" class=\"yoast-schema-graph\">{\"@context\":\"https:\\\/\\\/schema.org\",\"@graph\":[{\"@type\":\"WebPage\",\"@id\":\"https:\\\/\\\/handelsverband.swiss\\\/fr\\\/partners\\\/pouvoir-compter-sur-ses-partenaires\\\/\",\"url\":\"https:\\\/\\\/handelsverband.swiss\\\/fr\\\/partners\\\/pouvoir-compter-sur-ses-partenaires\\\/\",\"name\":\"Pouvoir compter sur ses partenaires - HANDELSVERBAND. swiss\",\"isPartOf\":{\"@id\":\"https:\\\/\\\/handelsverband.swiss\\\/#website\"},\"datePublished\":\"2018-02-06T09:37:42+00:00\",\"dateModified\":\"2020-03-24T15:52:19+00:00\",\"breadcrumb\":{\"@id\":\"https:\\\/\\\/handelsverband.swiss\\\/fr\\\/partners\\\/pouvoir-compter-sur-ses-partenaires\\\/#breadcrumb\"},\"inLanguage\":\"fr-FR\",\"potentialAction\":[{\"@type\":\"ReadAction\",\"target\":[\"https:\\\/\\\/handelsverband.swiss\\\/fr\\\/partners\\\/pouvoir-compter-sur-ses-partenaires\\\/\"]}]},{\"@type\":\"BreadcrumbList\",\"@id\":\"https:\\\/\\\/handelsverband.swiss\\\/fr\\\/partners\\\/pouvoir-compter-sur-ses-partenaires\\\/#breadcrumb\",\"itemListElement\":[{\"@type\":\"ListItem\",\"position\":1,\"name\":\"Startseite\",\"item\":\"https:\\\/\\\/handelsverband.swiss\\\/fr\\\/\"},{\"@type\":\"ListItem\",\"position\":2,\"name\":\"Partners\",\"item\":\"https:\\\/\\\/handelsverband.swiss\\\/fr\\\/partners\\\/\"},{\"@type\":\"ListItem\",\"position\":3,\"name\":\"Pouvoir compter sur ses partenaires\"}]},{\"@type\":\"WebSite\",\"@id\":\"https:\\\/\\\/handelsverband.swiss\\\/#website\",\"url\":\"https:\\\/\\\/handelsverband.swiss\\\/\",\"name\":\"HANDELSVERBAND.swiss\",\"description\":\"ASSOCIATION DE COMMERCE.swiss\",\"publisher\":{\"@id\":\"https:\\\/\\\/handelsverband.swiss\\\/#organization\"},\"potentialAction\":[{\"@type\":\"SearchAction\",\"target\":{\"@type\":\"EntryPoint\",\"urlTemplate\":\"https:\\\/\\\/handelsverband.swiss\\\/?s={search_term_string}\"},\"query-input\":{\"@type\":\"PropertyValueSpecification\",\"valueRequired\":true,\"valueName\":\"search_term_string\"}}],\"inLanguage\":\"fr-FR\"},{\"@type\":\"Organization\",\"@id\":\"https:\\\/\\\/handelsverband.swiss\\\/#organization\",\"name\":\"HANDELSVERBAND.swiss\",\"url\":\"https:\\\/\\\/handelsverband.swiss\\\/\",\"logo\":{\"@type\":\"ImageObject\",\"inLanguage\":\"fr-FR\",\"@id\":\"https:\\\/\\\/handelsverband.swiss\\\/#\\\/schema\\\/logo\\\/image\\\/\",\"url\":\"https:\\\/\\\/handelsverband.swiss\\\/wp-content\\\/uploads\\\/2020\\\/03\\\/hv_brand_rgb.png\",\"contentUrl\":\"https:\\\/\\\/handelsverband.swiss\\\/wp-content\\\/uploads\\\/2020\\\/03\\\/hv_brand_rgb.png\",\"width\":1714,\"height\":472,\"caption\":\"HANDELSVERBAND.swiss\"},\"image\":{\"@id\":\"https:\\\/\\\/handelsverband.swiss\\\/#\\\/schema\\\/logo\\\/image\\\/\"}}]}<\/script>\n<!-- \/ Yoast SEO plugin. -->","yoast_head_json":{"title":"Pouvoir compter sur ses partenaires - HANDELSVERBAND. swiss","robots":{"index":"index","follow":"follow","max-snippet":"max-snippet:-1","max-image-preview":"max-image-preview:large","max-video-preview":"max-video-preview:-1"},"og_locale":"fr_FR","og_type":"article","og_title":"Pouvoir compter sur ses partenaires - HANDELSVERBAND. swiss","og_description":"La vente en ligne est","og_url":"https:\/\/handelsverband.swiss\/fr\/partners\/pouvoir-compter-sur-ses-partenaires\/","og_site_name":"HANDELSVERBAND. swiss","article_modified_time":"2020-03-24T15:52:19+00:00","twitter_card":"summary_large_image","twitter_misc":{"Est. reading time":"2 minutes"},"schema":{"@context":"https:\/\/schema.org","@graph":[{"@type":"WebPage","@id":"https:\/\/handelsverband.swiss\/fr\/partners\/pouvoir-compter-sur-ses-partenaires\/","url":"https:\/\/handelsverband.swiss\/fr\/partners\/pouvoir-compter-sur-ses-partenaires\/","name":"Pouvoir compter sur ses partenaires - HANDELSVERBAND. swiss","isPartOf":{"@id":"https:\/\/handelsverband.swiss\/#website"},"datePublished":"2018-02-06T09:37:42+00:00","dateModified":"2020-03-24T15:52:19+00:00","breadcrumb":{"@id":"https:\/\/handelsverband.swiss\/fr\/partners\/pouvoir-compter-sur-ses-partenaires\/#breadcrumb"},"inLanguage":"fr-FR","potentialAction":[{"@type":"ReadAction","target":["https:\/\/handelsverband.swiss\/fr\/partners\/pouvoir-compter-sur-ses-partenaires\/"]}]},{"@type":"BreadcrumbList","@id":"https:\/\/handelsverband.swiss\/fr\/partners\/pouvoir-compter-sur-ses-partenaires\/#breadcrumb","itemListElement":[{"@type":"ListItem","position":1,"name":"Startseite","item":"https:\/\/handelsverband.swiss\/fr\/"},{"@type":"ListItem","position":2,"name":"Partners","item":"https:\/\/handelsverband.swiss\/fr\/partners\/"},{"@type":"ListItem","position":3,"name":"Pouvoir compter sur ses partenaires"}]},{"@type":"WebSite","@id":"https:\/\/handelsverband.swiss\/#website","url":"https:\/\/handelsverband.swiss\/","name":"HANDELSVERBAND.swiss","description":"ASSOCIATION DE COMMERCE.swiss","publisher":{"@id":"https:\/\/handelsverband.swiss\/#organization"},"potentialAction":[{"@type":"SearchAction","target":{"@type":"EntryPoint","urlTemplate":"https:\/\/handelsverband.swiss\/?s={search_term_string}"},"query-input":{"@type":"PropertyValueSpecification","valueRequired":true,"valueName":"search_term_string"}}],"inLanguage":"fr-FR"},{"@type":"Organization","@id":"https:\/\/handelsverband.swiss\/#organization","name":"HANDELSVERBAND.swiss","url":"https:\/\/handelsverband.swiss\/","logo":{"@type":"ImageObject","inLanguage":"fr-FR","@id":"https:\/\/handelsverband.swiss\/#\/schema\/logo\/image\/","url":"https:\/\/handelsverband.swiss\/wp-content\/uploads\/2020\/03\/hv_brand_rgb.png","contentUrl":"https:\/\/handelsverband.swiss\/wp-content\/uploads\/2020\/03\/hv_brand_rgb.png","width":1714,"height":472,"caption":"HANDELSVERBAND.swiss"},"image":{"@id":"https:\/\/handelsverband.swiss\/#\/schema\/logo\/image\/"}}]}},"_links":{"self":[{"href":"https:\/\/handelsverband.swiss\/fr\/wp-json\/wp\/v2\/pages\/6540","targetHints":{"allow":["GET"]}}],"collection":[{"href":"https:\/\/handelsverband.swiss\/fr\/wp-json\/wp\/v2\/pages"}],"about":[{"href":"https:\/\/handelsverband.swiss\/fr\/wp-json\/wp\/v2\/types\/page"}],"author":[{"embeddable":true,"href":"https:\/\/handelsverband.swiss\/fr\/wp-json\/wp\/v2\/users\/1499"}],"replies":[{"embeddable":true,"href":"https:\/\/handelsverband.swiss\/fr\/wp-json\/wp\/v2\/comments?post=6540"}],"version-history":[{"count":5,"href":"https:\/\/handelsverband.swiss\/fr\/wp-json\/wp\/v2\/pages\/6540\/revisions"}],"predecessor-version":[{"id":17483,"href":"https:\/\/handelsverband.swiss\/fr\/wp-json\/wp\/v2\/pages\/6540\/revisions\/17483"}],"up":[{"embeddable":true,"href":"https:\/\/handelsverband.swiss\/fr\/wp-json\/wp\/v2\/pages\/6665"}],"wp:attachment":[{"href":"https:\/\/handelsverband.swiss\/fr\/wp-json\/wp\/v2\/media?parent=6540"}],"curies":[{"name":"wp","href":"https:\/\/api.w.org\/{rel}","templated":true}]}}