{"id":6597,"date":"2018-02-06T12:16:37","date_gmt":"2018-02-06T11:16:37","guid":{"rendered":"https:\/\/www.vsv-versandhandel.ch\/?page_id=6597"},"modified":"2024-04-04T17:04:54","modified_gmt":"2024-04-04T15:04:54","slug":"declaration-concernant-le-bois-et-les-produits-en-bois","status":"publish","type":"page","link":"https:\/\/handelsverband.swiss\/fr\/politics\/declaration-concernant-le-bois-et-les-produits-en-bois\/","title":{"rendered":"D\u00e9claration concernant le bois et les produits en bois et ordonnance sur le commerce du bois"},"content":{"rendered":"<h2>D\u00e9claration concernant le bois et les produits en bois<\/h2>\n<p>Depuis 2012, l&#8217;ordonnance sur la d\u00e9claration des produits du bois (<a href=\"https:\/\/www.admin.ch\/opc\/fr\/classified-compilation\/20092250\/index.html\" target=\"_blank\" rel=\"noopener\">SR 944.021<\/a>) s&#8217;applique en Suisse. Ce r\u00e8glement est bas\u00e9 sur la Loi f\u00e9d\u00e9rale sur l&#8217;information des consommatrices et des consommateurs (<a href=\"https:\/\/www.admin.ch\/opc\/fr\/classified-compilation\/19900243\/index.html\" target=\"_blank\" rel=\"noopener\">SR 944.0<\/a>) et r\u00e9glemente l&#8217;obligation de d\u00e9claration des esp\u00e8ces de bois et d&#8217;origine du bois pour le bois rond et brut ainsi que certains produits en bois massif. L&#8217;objectif de l&#8217;obligation de d\u00e9claration est d&#8217;accro\u00eetre la transparence pour les consommateurs afin qu&#8217;ils puissent prendre des d\u00e9cisions d&#8217;achat de mani\u00e8re \u00e9clair\u00e9e.<\/p>\n<p>La D\u00e9claration suisse sur le bois va plus loin que les exigences de l&#8217;UE.\u00a0<strong>Contrairement \u00e0 l&#8217;UE, l&#8217;origine (pays) doit \u00e9galement \u00eatre d\u00e9clar\u00e9e pour le bois utilis\u00e9.<\/strong><\/p>\n<p>Le bureau f\u00e9d\u00e9ral de la consommation (BFC)\u00a0a \u00e9tabli un guide pour le r\u00e8glement.<\/p>\n<ul>\n<li><a class=\"icon icon--before icon--pdf\" title=\"Aide-m\u00e9moire 1 Obligation de d\u00e9clarer le bois et les produits en bois 2017 \" href=\"https:\/\/www.konsum.admin.ch\/dam\/bfk\/fr\/dokumente\/Holzdeklaration\/HD_Pflicht\/aide-memoire-1-obligation-de-declarer-le-bois-et-les-produits-en-bois-2017.pdf.download.pdf\/aide-memoire-1-obligation-de-declarer-le-bois-et-les-produits-en-bois-2017.pdf\">Aide-m\u00e9moire 1 Obligation de d\u00e9clarer le bois et les produits en bois\u00a0<\/a><\/li>\n<li><a href=\"https:\/\/www.konsum.admin.ch\/bfk\/fr\/home\/holzdeklaration\/holzdatenbank.html\" target=\"_blank\" rel=\"noopener\">Banque de donn\u00e9es relative au bois\u00a0<\/a><\/li>\n<li><a href=\"https:\/\/www.konsum.admin.ch\/bfk\/fr\/home\/themen\/holzdeklaration.html\" target=\"_blank\" rel=\"noopener\">Site web du BFC<\/a><\/li>\n<li><a class=\"icon icon--before icon--pdf\" title=\"Note d\u2019information pour le commerce de d\u00e9tail\" href=\"https:\/\/www.konsum.admin.ch\/dam\/bfk\/fr\/dokumente\/Holzdeklaration\/HD_Pflicht\/informationsblatt_einzelhandel.download\/informationsblatt_einzelhandel.informationsblatt_einzelhandel\">Note d\u2019information pour le commerce de d\u00e9tail<span class=\"text-dimmed\"> (PDF)<\/span><\/a><\/li>\n<\/ul>\n<p>&nbsp;<\/p>\n<h2><strong>Ordonnance sur le commerce du bois<\/strong><\/h2>\n<h5><strong>Nouvelles obligations pour les acteurs du march\u00e9 du bois<\/strong><\/h5>\n<p><strong>Depuis le 1er\u00a0janvier 2022, il est interdit en Suisse de mettre sur le march\u00e9 du bois de provenance ill\u00e9gale ou des produits issus de ce bois. La nouvelle r\u00e9glementation du commerce du bois exige de tous les acteurs du march\u00e9 qu\u2019ils observent leur devoir de diligence. <\/strong><\/p>\n<p>La nouvelle ordonnance sur le commerce du bois (OCBo) entre en vigueur d\u00e9but\u00a02022, en m\u00eame temps que les art.\u00a035e \u00e0 35h de la loi sur la protection de l\u2019environnement. Ces modifications visent \u00e0 ce que seuls le bois r\u00e9colt\u00e9 l\u00e9galement et les produits issus de ce bois soient mis sur le march\u00e9 en Suisse. En effet, la r\u00e9colte de bois ill\u00e9gale constitue un probl\u00e8me mondial, ayant des cons\u00e9quences n\u00e9gatives sur l\u2019environnement, l\u2019\u00e9conomie et la soci\u00e9t\u00e9. Jusqu\u2019\u00e0 pr\u00e9sent, il manquait dans notre pays une r\u00e9glementation pour lutter contre la r\u00e9colte et le commerce ill\u00e9gaux de bois, qui sont interdits dans<br \/>\nd\u2019autres pays depuis longtemps.<\/p>\n<p>En Suisse, il n\u2019existait jusqu\u2019ici qu\u2019une obligation de d\u00e9claration du bois et des produits en bois, en vigueur depuis 2010, garantissant que la client\u00e8le dispose d\u2019informations sur l\u2019essence et l\u2019origine du bois lors de l\u2019achat. Gr\u00e2ce \u00e0 l\u2019OCBo, la r\u00e9colte et le commerce ill\u00e9gaux de bois sont combattus dans le monde entier, ce qui permet d\u2019endiguer la d\u00e9forestation ainsi que la perte de biodiversit\u00e9 et les changements climatiques.<\/p>\n<p><strong><a href=\"https:\/\/www.youtube.com\/watch?v=R1WVjyclvcs\" target=\"_blank\" rel=\"noopener\">Petite vid\u00e9o sur cette nouvelle ordonnance<\/a><\/strong><\/p>\n<p>Plus d&#8217;informations: <a href=\"http:\/\/www.bafu.admin.ch\/commercedubois\">www.bafu.admin.ch\/commercedubois<\/a><\/p>\n<p><strong><a href=\"https:\/\/www.bafu.admin.ch\/bafu\/fr\/home\/themes\/forets\/info-specialistes\/strategies-et-mesures-federales\/regulation-commerce-du-bois\/faq.html\">Questions fr\u00e9quemment pos\u00e9es (FAQ)<\/a><\/strong><\/p>\n<p>Liens vers les bases l\u00e9gales<br \/>\n\u2022 <a href=\"https:\/\/www.fedlex.admin.ch\/eli\/cc\/1984\/1122_1122_1122\/fr\" target=\"_blank\" rel=\"noopener\">loi sur la protection de l\u2019environnement<\/a><br \/>\n\u2022 <a href=\"https:\/\/www.fedlex.admin.ch\/eli\/cc\/2021\/306\/fr\" target=\"_blank\" rel=\"noopener\">ordonnance sur le commerce du bois<\/a><\/p>\n<p>&nbsp;<\/p>\n","protected":false},"excerpt":{"rendered":"<p>D\u00e9claration concernant le bois et<\/p>\n","protected":false},"author":1499,"featured_media":0,"parent":6577,"menu_order":0,"comment_status":"closed","ping_status":"closed","template":"","meta":{"_acf_changed":false,"footnotes":""},"class_list":["post-6597","page","type-page","status-publish","hentry"],"acf":[],"yoast_head":"<!-- This site is optimized with the Yoast SEO plugin v27.5 - https:\/\/yoast.com\/product\/yoast-seo-wordpress\/ -->\n<title>D\u00e9claration concernant le bois et les produits en bois et ordonnance sur le commerce du bois - HANDELSVERBAND. swiss<\/title>\n<meta name=\"robots\" content=\"index, follow, max-snippet:-1, max-image-preview:large, max-video-preview:-1\" \/>\n<meta property=\"og:locale\" content=\"fr_FR\" \/>\n<meta property=\"og:type\" content=\"article\" \/>\n<meta property=\"og:title\" content=\"D\u00e9claration concernant le bois et les produits en bois et ordonnance sur le commerce du bois - HANDELSVERBAND. swiss\" \/>\n<meta property=\"og:description\" content=\"D\u00e9claration concernant le bois et\" \/>\n<meta property=\"og:url\" content=\"https:\/\/handelsverband.swiss\/fr\/politics\/declaration-concernant-le-bois-et-les-produits-en-bois\/\" \/>\n<meta property=\"og:site_name\" content=\"HANDELSVERBAND. swiss\" \/>\n<meta property=\"article:modified_time\" content=\"2024-04-04T15:04:54+00:00\" \/>\n<meta name=\"twitter:card\" content=\"summary_large_image\" \/>\n<meta name=\"twitter:label1\" content=\"Est. reading time\" \/>\n\t<meta name=\"twitter:data1\" content=\"3 minutes\" \/>\n<script type=\"application\/ld+json\" class=\"yoast-schema-graph\">{\"@context\":\"https:\\\/\\\/schema.org\",\"@graph\":[{\"@type\":\"WebPage\",\"@id\":\"https:\\\/\\\/handelsverband.swiss\\\/fr\\\/politics\\\/declaration-concernant-le-bois-et-les-produits-en-bois\\\/\",\"url\":\"https:\\\/\\\/handelsverband.swiss\\\/fr\\\/politics\\\/declaration-concernant-le-bois-et-les-produits-en-bois\\\/\",\"name\":\"D\u00e9claration concernant le bois et les produits en bois et ordonnance sur le commerce du bois - HANDELSVERBAND. swiss\",\"isPartOf\":{\"@id\":\"https:\\\/\\\/handelsverband.swiss\\\/#website\"},\"datePublished\":\"2018-02-06T11:16:37+00:00\",\"dateModified\":\"2024-04-04T15:04:54+00:00\",\"breadcrumb\":{\"@id\":\"https:\\\/\\\/handelsverband.swiss\\\/fr\\\/politics\\\/declaration-concernant-le-bois-et-les-produits-en-bois\\\/#breadcrumb\"},\"inLanguage\":\"fr-FR\",\"potentialAction\":[{\"@type\":\"ReadAction\",\"target\":[\"https:\\\/\\\/handelsverband.swiss\\\/fr\\\/politics\\\/declaration-concernant-le-bois-et-les-produits-en-bois\\\/\"]}]},{\"@type\":\"BreadcrumbList\",\"@id\":\"https:\\\/\\\/handelsverband.swiss\\\/fr\\\/politics\\\/declaration-concernant-le-bois-et-les-produits-en-bois\\\/#breadcrumb\",\"itemListElement\":[{\"@type\":\"ListItem\",\"position\":1,\"name\":\"Startseite\",\"item\":\"https:\\\/\\\/handelsverband.swiss\\\/fr\\\/\"},{\"@type\":\"ListItem\",\"position\":2,\"name\":\"Politics\",\"item\":\"https:\\\/\\\/handelsverband.swiss\\\/fr\\\/politics\\\/\"},{\"@type\":\"ListItem\",\"position\":3,\"name\":\"D\u00e9claration concernant le bois et les produits en bois et ordonnance sur le commerce du bois\"}]},{\"@type\":\"WebSite\",\"@id\":\"https:\\\/\\\/handelsverband.swiss\\\/#website\",\"url\":\"https:\\\/\\\/handelsverband.swiss\\\/\",\"name\":\"HANDELSVERBAND.swiss\",\"description\":\"ASSOCIATION DE COMMERCE.swiss\",\"publisher\":{\"@id\":\"https:\\\/\\\/handelsverband.swiss\\\/#organization\"},\"potentialAction\":[{\"@type\":\"SearchAction\",\"target\":{\"@type\":\"EntryPoint\",\"urlTemplate\":\"https:\\\/\\\/handelsverband.swiss\\\/?s={search_term_string}\"},\"query-input\":{\"@type\":\"PropertyValueSpecification\",\"valueRequired\":true,\"valueName\":\"search_term_string\"}}],\"inLanguage\":\"fr-FR\"},{\"@type\":\"Organization\",\"@id\":\"https:\\\/\\\/handelsverband.swiss\\\/#organization\",\"name\":\"HANDELSVERBAND.swiss\",\"url\":\"https:\\\/\\\/handelsverband.swiss\\\/\",\"logo\":{\"@type\":\"ImageObject\",\"inLanguage\":\"fr-FR\",\"@id\":\"https:\\\/\\\/handelsverband.swiss\\\/#\\\/schema\\\/logo\\\/image\\\/\",\"url\":\"https:\\\/\\\/handelsverband.swiss\\\/wp-content\\\/uploads\\\/2020\\\/03\\\/hv_brand_rgb.png\",\"contentUrl\":\"https:\\\/\\\/handelsverband.swiss\\\/wp-content\\\/uploads\\\/2020\\\/03\\\/hv_brand_rgb.png\",\"width\":1714,\"height\":472,\"caption\":\"HANDELSVERBAND.swiss\"},\"image\":{\"@id\":\"https:\\\/\\\/handelsverband.swiss\\\/#\\\/schema\\\/logo\\\/image\\\/\"}}]}<\/script>\n<!-- \/ Yoast SEO plugin. -->","yoast_head_json":{"title":"D\u00e9claration concernant le bois et les produits en bois et ordonnance sur le commerce du bois - HANDELSVERBAND. swiss","robots":{"index":"index","follow":"follow","max-snippet":"max-snippet:-1","max-image-preview":"max-image-preview:large","max-video-preview":"max-video-preview:-1"},"og_locale":"fr_FR","og_type":"article","og_title":"D\u00e9claration concernant le bois et les produits en bois et ordonnance sur le commerce du bois - HANDELSVERBAND. swiss","og_description":"D\u00e9claration concernant le bois et","og_url":"https:\/\/handelsverband.swiss\/fr\/politics\/declaration-concernant-le-bois-et-les-produits-en-bois\/","og_site_name":"HANDELSVERBAND. swiss","article_modified_time":"2024-04-04T15:04:54+00:00","twitter_card":"summary_large_image","twitter_misc":{"Est. reading time":"3 minutes"},"schema":{"@context":"https:\/\/schema.org","@graph":[{"@type":"WebPage","@id":"https:\/\/handelsverband.swiss\/fr\/politics\/declaration-concernant-le-bois-et-les-produits-en-bois\/","url":"https:\/\/handelsverband.swiss\/fr\/politics\/declaration-concernant-le-bois-et-les-produits-en-bois\/","name":"D\u00e9claration concernant le bois et les produits en bois et ordonnance sur le commerce du bois - HANDELSVERBAND. swiss","isPartOf":{"@id":"https:\/\/handelsverband.swiss\/#website"},"datePublished":"2018-02-06T11:16:37+00:00","dateModified":"2024-04-04T15:04:54+00:00","breadcrumb":{"@id":"https:\/\/handelsverband.swiss\/fr\/politics\/declaration-concernant-le-bois-et-les-produits-en-bois\/#breadcrumb"},"inLanguage":"fr-FR","potentialAction":[{"@type":"ReadAction","target":["https:\/\/handelsverband.swiss\/fr\/politics\/declaration-concernant-le-bois-et-les-produits-en-bois\/"]}]},{"@type":"BreadcrumbList","@id":"https:\/\/handelsverband.swiss\/fr\/politics\/declaration-concernant-le-bois-et-les-produits-en-bois\/#breadcrumb","itemListElement":[{"@type":"ListItem","position":1,"name":"Startseite","item":"https:\/\/handelsverband.swiss\/fr\/"},{"@type":"ListItem","position":2,"name":"Politics","item":"https:\/\/handelsverband.swiss\/fr\/politics\/"},{"@type":"ListItem","position":3,"name":"D\u00e9claration concernant le bois et les produits en bois et ordonnance sur le commerce du bois"}]},{"@type":"WebSite","@id":"https:\/\/handelsverband.swiss\/#website","url":"https:\/\/handelsverband.swiss\/","name":"HANDELSVERBAND.swiss","description":"ASSOCIATION DE COMMERCE.swiss","publisher":{"@id":"https:\/\/handelsverband.swiss\/#organization"},"potentialAction":[{"@type":"SearchAction","target":{"@type":"EntryPoint","urlTemplate":"https:\/\/handelsverband.swiss\/?s={search_term_string}"},"query-input":{"@type":"PropertyValueSpecification","valueRequired":true,"valueName":"search_term_string"}}],"inLanguage":"fr-FR"},{"@type":"Organization","@id":"https:\/\/handelsverband.swiss\/#organization","name":"HANDELSVERBAND.swiss","url":"https:\/\/handelsverband.swiss\/","logo":{"@type":"ImageObject","inLanguage":"fr-FR","@id":"https:\/\/handelsverband.swiss\/#\/schema\/logo\/image\/","url":"https:\/\/handelsverband.swiss\/wp-content\/uploads\/2020\/03\/hv_brand_rgb.png","contentUrl":"https:\/\/handelsverband.swiss\/wp-content\/uploads\/2020\/03\/hv_brand_rgb.png","width":1714,"height":472,"caption":"HANDELSVERBAND.swiss"},"image":{"@id":"https:\/\/handelsverband.swiss\/#\/schema\/logo\/image\/"}}]}},"_links":{"self":[{"href":"https:\/\/handelsverband.swiss\/fr\/wp-json\/wp\/v2\/pages\/6597","targetHints":{"allow":["GET"]}}],"collection":[{"href":"https:\/\/handelsverband.swiss\/fr\/wp-json\/wp\/v2\/pages"}],"about":[{"href":"https:\/\/handelsverband.swiss\/fr\/wp-json\/wp\/v2\/types\/page"}],"author":[{"embeddable":true,"href":"https:\/\/handelsverband.swiss\/fr\/wp-json\/wp\/v2\/users\/1499"}],"replies":[{"embeddable":true,"href":"https:\/\/handelsverband.swiss\/fr\/wp-json\/wp\/v2\/comments?post=6597"}],"version-history":[{"count":9,"href":"https:\/\/handelsverband.swiss\/fr\/wp-json\/wp\/v2\/pages\/6597\/revisions"}],"predecessor-version":[{"id":47884,"href":"https:\/\/handelsverband.swiss\/fr\/wp-json\/wp\/v2\/pages\/6597\/revisions\/47884"}],"up":[{"embeddable":true,"href":"https:\/\/handelsverband.swiss\/fr\/wp-json\/wp\/v2\/pages\/6577"}],"wp:attachment":[{"href":"https:\/\/handelsverband.swiss\/fr\/wp-json\/wp\/v2\/media?parent=6597"}],"curies":[{"name":"wp","href":"https:\/\/api.w.org\/{rel}","templated":true}]}}