{"id":6619,"date":"2018-02-07T13:02:02","date_gmt":"2018-02-07T12:02:02","guid":{"rendered":"https:\/\/www.vsv-versandhandel.ch\/?page_id=6619"},"modified":"2020-03-24T16:46:30","modified_gmt":"2020-03-24T15:46:30","slug":"safe-shop-ecommerce-foundation","status":"publish","type":"page","link":"https:\/\/handelsverband.swiss\/fr\/trustmark\/safe-shop-ecommerce-foundation\/","title":{"rendered":"Safe.Shop Ecommerce Foundation"},"content":{"rendered":"<p><img loading=\"lazy\" decoding=\"async\" class=\"alignnone size-medium wp-image-6470\" src=\"https:\/\/handelsverband.swiss\/wp-content\/uploads\/2018\/02\/safeshop-logo-300x105.jpg\" alt=\"\" width=\"300\" height=\"105\" srcset=\"https:\/\/handelsverband.swiss\/wp-content\/uploads\/2018\/02\/safeshop-logo-300x105.jpg 300w, https:\/\/handelsverband.swiss\/wp-content\/uploads\/2018\/02\/safeshop-logo.jpg 677w\" sizes=\"auto, (max-width: 300px) 100vw, 300px\" \/><\/p>\n<p>Safe.Shop est le label de confiance international destin\u00e9 \u00e0 faciliter le commerce sur internet, en aidant les consommateurs et les vendeurs \u00e0 acheter et vendre dans leur pays d&#8217;origine ou bien \u00e0 l&#8217;\u00e9tranger. Ce label de confiance est une initiative de\u00a0<a href=\"http:\/\/www.ecommercefoundation.org\/\" target=\"_blank\" rel=\"noopener noreferrer\">Ecommerce Foundation<\/a>.<\/p>\n<p>Pour atteindre cet objectif, l&#8217;Ecommerce Foundation travaille main dans la main avec plus de 40 associations commerciales et de commerce en ligne dans le monde entier.<\/p>\n<p>Dans plus de 50 pays, ils produisent gratuitement des rapports sur le commerce en ligne. Le EcommerceWiki a \u00e9t\u00e9 cr\u00e9\u00e9 sp\u00e9cialement pour la communaut\u00e9 en ligne et sert de plateforme d&#8217;\u00e9change de connaissances pour les \u00e9tudiants en commerce, les sp\u00e9cialistes et les cadres.<\/p>\n<p>Gr\u00e2ce \u00e0 Safe.Shop, \u00e0 l&#8217;avenir il sera plus facile et plus transparent pour les consommateurs de faire des achats en ligne dans le monde entier &#8211; sachant que les droits des consommateurs sont respect\u00e9s par les magasins certifi\u00e9s Safe.Shop.<\/p>\n<p>Les boutiques en ligne certifi\u00e9es sont contr\u00f4l\u00e9es selon les directives du Code de conduite mondial pour le commerce \u00e9lectronique. Ainsi, si vous apercevez ce sceau lors de votre visite d&#8217;un magasin en ligne, vous savez que vos droits de consommateur s&#8217;appliquent, que vous avez la garantie de faire vos achats en toute s\u00e9curit\u00e9 et que vous pouvez acheter les meilleurs produits au meilleur prix.<\/p>\n<p><strong>AVANTAGES SAFE.SHOP<\/strong><\/p>\n<ul>\n<li>Des achats en ligne s\u00e9curis\u00e9s dans le monde entier &#8211; pour les d\u00e9taillants et les consommateurs<\/li>\n<li>Plus de 40 associations partenaires dans le monde<\/li>\n<li>Transparence mondiale et qualit\u00e9 des produits et des services<\/li>\n<li>Paiement s\u00e9curis\u00e9<\/li>\n<li>Les droits des consommateurs sont respect\u00e9s dans le monde entier<\/li>\n<li>Les conflits entre les d\u00e9taillants et les consommateurs sont r\u00e9gl\u00e9s de mani\u00e8re neutre et \u00e9quitable<\/li>\n<li>Pas de fausses critiques<\/li>\n<li>Vos donn\u00e9es sont prot\u00e9g\u00e9es<\/li>\n<li>Livr\u00e9 comme promis<\/li>\n<\/ul>\n<p><a href=\"https:\/\/www.safe.shop\/fr-fr\/nous-contacter\" target=\"_blank\" rel=\"noopener noreferrer\">Vous souhaitez vous joindre \u00e0 nous ? D\u00e9couvrez ici les diff\u00e9rents niveaux de certification.<\/a><\/p>\n<p>&nbsp;<\/p>\n","protected":false},"excerpt":{"rendered":"<p>Safe.Shop est le label de<\/p>\n","protected":false},"author":1499,"featured_media":0,"parent":6449,"menu_order":0,"comment_status":"closed","ping_status":"closed","template":"","meta":{"_acf_changed":false,"footnotes":""},"class_list":["post-6619","page","type-page","status-publish","hentry"],"acf":[],"yoast_head":"<!-- This site is optimized with the Yoast SEO plugin v27.3 - https:\/\/yoast.com\/product\/yoast-seo-wordpress\/ -->\n<title>Safe.Shop Ecommerce Foundation - HANDELSVERBAND. swiss<\/title>\n<meta name=\"robots\" content=\"index, follow, max-snippet:-1, max-image-preview:large, max-video-preview:-1\" \/>\n<meta property=\"og:locale\" content=\"fr_FR\" \/>\n<meta property=\"og:type\" content=\"article\" \/>\n<meta property=\"og:title\" content=\"Safe.Shop Ecommerce Foundation - HANDELSVERBAND. swiss\" \/>\n<meta property=\"og:description\" content=\"Safe.Shop est le label de\" \/>\n<meta property=\"og:url\" content=\"https:\/\/handelsverband.swiss\/fr\/trustmark\/safe-shop-ecommerce-foundation\/\" \/>\n<meta property=\"og:site_name\" content=\"HANDELSVERBAND. swiss\" \/>\n<meta property=\"article:modified_time\" content=\"2020-03-24T15:46:30+00:00\" \/>\n<meta property=\"og:image\" content=\"https:\/\/handelsverband.swiss\/wp-content\/uploads\/2018\/02\/safeshop-logo-300x105.jpg\" \/>\n<meta name=\"twitter:card\" content=\"summary_large_image\" \/>\n<meta name=\"twitter:label1\" content=\"Est. reading time\" \/>\n\t<meta name=\"twitter:data1\" content=\"2 minutes\" \/>\n<script type=\"application\/ld+json\" class=\"yoast-schema-graph\">{\"@context\":\"https:\\\/\\\/schema.org\",\"@graph\":[{\"@type\":\"WebPage\",\"@id\":\"https:\\\/\\\/handelsverband.swiss\\\/fr\\\/trustmark\\\/safe-shop-ecommerce-foundation\\\/\",\"url\":\"https:\\\/\\\/handelsverband.swiss\\\/fr\\\/trustmark\\\/safe-shop-ecommerce-foundation\\\/\",\"name\":\"Safe.Shop Ecommerce Foundation - HANDELSVERBAND. swiss\",\"isPartOf\":{\"@id\":\"https:\\\/\\\/handelsverband.swiss\\\/#website\"},\"primaryImageOfPage\":{\"@id\":\"https:\\\/\\\/handelsverband.swiss\\\/fr\\\/trustmark\\\/safe-shop-ecommerce-foundation\\\/#primaryimage\"},\"image\":{\"@id\":\"https:\\\/\\\/handelsverband.swiss\\\/fr\\\/trustmark\\\/safe-shop-ecommerce-foundation\\\/#primaryimage\"},\"thumbnailUrl\":\"https:\\\/\\\/handelsverband.swiss\\\/wp-content\\\/uploads\\\/2018\\\/02\\\/safeshop-logo-300x105.jpg\",\"datePublished\":\"2018-02-07T12:02:02+00:00\",\"dateModified\":\"2020-03-24T15:46:30+00:00\",\"breadcrumb\":{\"@id\":\"https:\\\/\\\/handelsverband.swiss\\\/fr\\\/trustmark\\\/safe-shop-ecommerce-foundation\\\/#breadcrumb\"},\"inLanguage\":\"fr-FR\",\"potentialAction\":[{\"@type\":\"ReadAction\",\"target\":[\"https:\\\/\\\/handelsverband.swiss\\\/fr\\\/trustmark\\\/safe-shop-ecommerce-foundation\\\/\"]}]},{\"@type\":\"ImageObject\",\"inLanguage\":\"fr-FR\",\"@id\":\"https:\\\/\\\/handelsverband.swiss\\\/fr\\\/trustmark\\\/safe-shop-ecommerce-foundation\\\/#primaryimage\",\"url\":\"https:\\\/\\\/handelsverband.swiss\\\/wp-content\\\/uploads\\\/2018\\\/02\\\/safeshop-logo-300x105.jpg\",\"contentUrl\":\"https:\\\/\\\/handelsverband.swiss\\\/wp-content\\\/uploads\\\/2018\\\/02\\\/safeshop-logo-300x105.jpg\"},{\"@type\":\"BreadcrumbList\",\"@id\":\"https:\\\/\\\/handelsverband.swiss\\\/fr\\\/trustmark\\\/safe-shop-ecommerce-foundation\\\/#breadcrumb\",\"itemListElement\":[{\"@type\":\"ListItem\",\"position\":1,\"name\":\"Startseite\",\"item\":\"https:\\\/\\\/handelsverband.swiss\\\/fr\\\/\"},{\"@type\":\"ListItem\",\"position\":2,\"name\":\"Trustmark\",\"item\":\"https:\\\/\\\/handelsverband.swiss\\\/fr\\\/trustmark\\\/\"},{\"@type\":\"ListItem\",\"position\":3,\"name\":\"Safe.Shop Ecommerce Foundation\"}]},{\"@type\":\"WebSite\",\"@id\":\"https:\\\/\\\/handelsverband.swiss\\\/#website\",\"url\":\"https:\\\/\\\/handelsverband.swiss\\\/\",\"name\":\"HANDELSVERBAND.swiss\",\"description\":\"ASSOCIATION DE COMMERCE.swiss\",\"publisher\":{\"@id\":\"https:\\\/\\\/handelsverband.swiss\\\/#organization\"},\"potentialAction\":[{\"@type\":\"SearchAction\",\"target\":{\"@type\":\"EntryPoint\",\"urlTemplate\":\"https:\\\/\\\/handelsverband.swiss\\\/?s={search_term_string}\"},\"query-input\":{\"@type\":\"PropertyValueSpecification\",\"valueRequired\":true,\"valueName\":\"search_term_string\"}}],\"inLanguage\":\"fr-FR\"},{\"@type\":\"Organization\",\"@id\":\"https:\\\/\\\/handelsverband.swiss\\\/#organization\",\"name\":\"HANDELSVERBAND.swiss\",\"url\":\"https:\\\/\\\/handelsverband.swiss\\\/\",\"logo\":{\"@type\":\"ImageObject\",\"inLanguage\":\"fr-FR\",\"@id\":\"https:\\\/\\\/handelsverband.swiss\\\/#\\\/schema\\\/logo\\\/image\\\/\",\"url\":\"https:\\\/\\\/handelsverband.swiss\\\/wp-content\\\/uploads\\\/2020\\\/03\\\/hv_brand_rgb.png\",\"contentUrl\":\"https:\\\/\\\/handelsverband.swiss\\\/wp-content\\\/uploads\\\/2020\\\/03\\\/hv_brand_rgb.png\",\"width\":1714,\"height\":472,\"caption\":\"HANDELSVERBAND.swiss\"},\"image\":{\"@id\":\"https:\\\/\\\/handelsverband.swiss\\\/#\\\/schema\\\/logo\\\/image\\\/\"}}]}<\/script>\n<!-- \/ Yoast SEO plugin. -->","yoast_head_json":{"title":"Safe.Shop Ecommerce Foundation - HANDELSVERBAND. swiss","robots":{"index":"index","follow":"follow","max-snippet":"max-snippet:-1","max-image-preview":"max-image-preview:large","max-video-preview":"max-video-preview:-1"},"og_locale":"fr_FR","og_type":"article","og_title":"Safe.Shop Ecommerce Foundation - HANDELSVERBAND. swiss","og_description":"Safe.Shop est le label de","og_url":"https:\/\/handelsverband.swiss\/fr\/trustmark\/safe-shop-ecommerce-foundation\/","og_site_name":"HANDELSVERBAND. swiss","article_modified_time":"2020-03-24T15:46:30+00:00","og_image":[{"url":"https:\/\/handelsverband.swiss\/wp-content\/uploads\/2018\/02\/safeshop-logo-300x105.jpg","type":"","width":"","height":""}],"twitter_card":"summary_large_image","twitter_misc":{"Est. reading time":"2 minutes"},"schema":{"@context":"https:\/\/schema.org","@graph":[{"@type":"WebPage","@id":"https:\/\/handelsverband.swiss\/fr\/trustmark\/safe-shop-ecommerce-foundation\/","url":"https:\/\/handelsverband.swiss\/fr\/trustmark\/safe-shop-ecommerce-foundation\/","name":"Safe.Shop Ecommerce Foundation - HANDELSVERBAND. swiss","isPartOf":{"@id":"https:\/\/handelsverband.swiss\/#website"},"primaryImageOfPage":{"@id":"https:\/\/handelsverband.swiss\/fr\/trustmark\/safe-shop-ecommerce-foundation\/#primaryimage"},"image":{"@id":"https:\/\/handelsverband.swiss\/fr\/trustmark\/safe-shop-ecommerce-foundation\/#primaryimage"},"thumbnailUrl":"https:\/\/handelsverband.swiss\/wp-content\/uploads\/2018\/02\/safeshop-logo-300x105.jpg","datePublished":"2018-02-07T12:02:02+00:00","dateModified":"2020-03-24T15:46:30+00:00","breadcrumb":{"@id":"https:\/\/handelsverband.swiss\/fr\/trustmark\/safe-shop-ecommerce-foundation\/#breadcrumb"},"inLanguage":"fr-FR","potentialAction":[{"@type":"ReadAction","target":["https:\/\/handelsverband.swiss\/fr\/trustmark\/safe-shop-ecommerce-foundation\/"]}]},{"@type":"ImageObject","inLanguage":"fr-FR","@id":"https:\/\/handelsverband.swiss\/fr\/trustmark\/safe-shop-ecommerce-foundation\/#primaryimage","url":"https:\/\/handelsverband.swiss\/wp-content\/uploads\/2018\/02\/safeshop-logo-300x105.jpg","contentUrl":"https:\/\/handelsverband.swiss\/wp-content\/uploads\/2018\/02\/safeshop-logo-300x105.jpg"},{"@type":"BreadcrumbList","@id":"https:\/\/handelsverband.swiss\/fr\/trustmark\/safe-shop-ecommerce-foundation\/#breadcrumb","itemListElement":[{"@type":"ListItem","position":1,"name":"Startseite","item":"https:\/\/handelsverband.swiss\/fr\/"},{"@type":"ListItem","position":2,"name":"Trustmark","item":"https:\/\/handelsverband.swiss\/fr\/trustmark\/"},{"@type":"ListItem","position":3,"name":"Safe.Shop Ecommerce Foundation"}]},{"@type":"WebSite","@id":"https:\/\/handelsverband.swiss\/#website","url":"https:\/\/handelsverband.swiss\/","name":"HANDELSVERBAND.swiss","description":"ASSOCIATION DE COMMERCE.swiss","publisher":{"@id":"https:\/\/handelsverband.swiss\/#organization"},"potentialAction":[{"@type":"SearchAction","target":{"@type":"EntryPoint","urlTemplate":"https:\/\/handelsverband.swiss\/?s={search_term_string}"},"query-input":{"@type":"PropertyValueSpecification","valueRequired":true,"valueName":"search_term_string"}}],"inLanguage":"fr-FR"},{"@type":"Organization","@id":"https:\/\/handelsverband.swiss\/#organization","name":"HANDELSVERBAND.swiss","url":"https:\/\/handelsverband.swiss\/","logo":{"@type":"ImageObject","inLanguage":"fr-FR","@id":"https:\/\/handelsverband.swiss\/#\/schema\/logo\/image\/","url":"https:\/\/handelsverband.swiss\/wp-content\/uploads\/2020\/03\/hv_brand_rgb.png","contentUrl":"https:\/\/handelsverband.swiss\/wp-content\/uploads\/2020\/03\/hv_brand_rgb.png","width":1714,"height":472,"caption":"HANDELSVERBAND.swiss"},"image":{"@id":"https:\/\/handelsverband.swiss\/#\/schema\/logo\/image\/"}}]}},"_links":{"self":[{"href":"https:\/\/handelsverband.swiss\/fr\/wp-json\/wp\/v2\/pages\/6619","targetHints":{"allow":["GET"]}}],"collection":[{"href":"https:\/\/handelsverband.swiss\/fr\/wp-json\/wp\/v2\/pages"}],"about":[{"href":"https:\/\/handelsverband.swiss\/fr\/wp-json\/wp\/v2\/types\/page"}],"author":[{"embeddable":true,"href":"https:\/\/handelsverband.swiss\/fr\/wp-json\/wp\/v2\/users\/1499"}],"replies":[{"embeddable":true,"href":"https:\/\/handelsverband.swiss\/fr\/wp-json\/wp\/v2\/comments?post=6619"}],"version-history":[{"count":7,"href":"https:\/\/handelsverband.swiss\/fr\/wp-json\/wp\/v2\/pages\/6619\/revisions"}],"predecessor-version":[{"id":17481,"href":"https:\/\/handelsverband.swiss\/fr\/wp-json\/wp\/v2\/pages\/6619\/revisions\/17481"}],"up":[{"embeddable":true,"href":"https:\/\/handelsverband.swiss\/fr\/wp-json\/wp\/v2\/pages\/6449"}],"wp:attachment":[{"href":"https:\/\/handelsverband.swiss\/fr\/wp-json\/wp\/v2\/media?parent=6619"}],"curies":[{"name":"wp","href":"https:\/\/api.w.org\/{rel}","templated":true}]}}